{"id":234009,"date":"2023-03-09T12:34:26","date_gmt":"2023-03-09T11:34:26","guid":{"rendered":"https:\/\/www.tapes-and-more.de\/?post_type=product&#038;p=234009"},"modified":"2023-11-21T08:38:40","modified_gmt":"2023-11-21T07:38:40","slug":"1550","status":"publish","type":"product","link":"https:\/\/www.tapes-and-more.de\/en\/product-2\/1550\/","title":{"rendered":"Cloth tape - UV"},"content":{"rendered":"<p>Universally applicable long-term cloth adhesive tape, suitable for indoor and outdoor use.<\/p>\n<h4>UV-resistant fabric adhesive tape for short-term outdoor use<\/h4>","protected":false},"excerpt":{"rendered":"<p>High-quality, PE-coated fabric adhesive tape with high initial adhesion. It is characterised by a special natural rubber adhesive <a href=\"https:\/\/www.tapes-and-more.de\/en\/product-category-2\/applications\/protect\/?_suche=UV\" target=\"_blank\" rel=\"noopener\">UV-resistant<\/a> and can be removed from many surfaces without leaving any residue even after several weeks.<\/p>","protected":false},"featured_media":235043,"template":"","meta":[],"product_brand":[],"product_cat":[127,116],"product_tag":[],"class_list":{"0":"post-234009","1":"product","2":"type-product","3":"status-publish","4":"has-post-thumbnail","6":"product_cat-allround-gewebe","7":"product_cat-befestigen","9":"first","10":"instock","11":"product-type-simple"},"meta_box":{"woo_sort_prod_cloth":"","woo_sort_app":"","woo_sort_branch":"","woo_sort_prod_metal":"","woo_beschreibung-produkt":"Hochwertiges, UV-best\u00e4ndiges Gewebeklebeband wichtig f\u00fcr Innen- und Au\u00dfenbereich in 3 Farben","woo_kurztext":"F\u00fcr kurzzeitige Eins\u00e4tze im Au\u00dfenbereich","woo_traeger":"Baumwoll-\/PET-Gewebe","woo_tragerstarke":"","woo_gesamtstaerke":"300 \u00b5m","woo_mesh":"70","woo_klebertyp":"Kautschuk","woo_klebekraft":"2,7 N\/cm","woo_reissfestigkeit":"59 N\/cm","woo_dehnung":"12 %","woo_temperatur":"90 \u00b0C","woo_durchschlagsfestigkeit":"","woo_durchschlagsspannung":"","woo_wasserundurchlaessig":"","woo_liner":"","woo_kern_typ":"Pappe","woo_kern_mm":"76 mm","woo_spec":"Wasser- und Wasserdampfundurchl\u00e4ssig.","woo_uv_bestaendigkeit":"hoch","woo_laengen":"50 m","woo_breite":"50, 75 und 100 mm","woo_farben":"schwarz, wei\u00df und silber (weitere Farben auf Anfrage)"},"_links":{"self":[{"href":"https:\/\/www.tapes-and-more.de\/en\/wp-json\/wp\/v2\/product\/234009","targetHints":{"allow":["GET"]}}],"collection":[{"href":"https:\/\/www.tapes-and-more.de\/en\/wp-json\/wp\/v2\/product"}],"about":[{"href":"https:\/\/www.tapes-and-more.de\/en\/wp-json\/wp\/v2\/types\/product"}],"wp:featuredmedia":[{"embeddable":true,"href":"https:\/\/www.tapes-and-more.de\/en\/wp-json\/wp\/v2\/media\/235043"}],"wp:attachment":[{"href":"https:\/\/www.tapes-and-more.de\/en\/wp-json\/wp\/v2\/media?parent=234009"}],"wp:term":[{"taxonomy":"product_brand","embeddable":true,"href":"https:\/\/www.tapes-and-more.de\/en\/wp-json\/wp\/v2\/product_brand?post=234009"},{"taxonomy":"product_cat","embeddable":true,"href":"https:\/\/www.tapes-and-more.de\/en\/wp-json\/wp\/v2\/product_cat?post=234009"},{"taxonomy":"product_tag","embeddable":true,"href":"https:\/\/www.tapes-and-more.de\/en\/wp-json\/wp\/v2\/product_tag?post=234009"}],"curies":[{"name":"wp","href":"https:\/\/api.w.org\/{rel}","templated":true}]}}