{"id":234387,"date":"2023-04-12T13:34:15","date_gmt":"2023-04-12T11:34:15","guid":{"rendered":"https:\/\/www.tapes-and-more.de\/produkt\/produkt-2\/"},"modified":"2023-10-26T09:50:23","modified_gmt":"2023-10-26T07:50:23","slug":"13551","status":"publish","type":"product","link":"https:\/\/www.tapes-and-more.de\/en\/product-2\/13551\/","title":{"rendered":"PTFE - glass fabric"},"content":{"rendered":"<p>Can be used in all production processes where very high temperatures occur and\/or the best sliding properties are required, e.g. printing and extrusion processes.<\/p>\n<h4>PTFE glass fabric carrier with only 70 \u00b5m but still excellent sliding properties<\/h4>","protected":false},"excerpt":{"rendered":"<p>A heavy-duty adhesive tape consisting of a glass fabric-PTFE film composite and a temperature-resistant silicone adhesive.<\/p>\n<hr \/>\n<p>Wie Artikel Nr: 13560, jedoch d\u00fcnnerer Tr\u00e4ger trotz gleichbleibend sehr guter Gleiteigenschaft.<\/p>","protected":false},"featured_media":0,"template":"","meta":[],"product_brand":[],"product_cat":[59],"product_tag":[],"class_list":{"0":"post-234387","1":"product","2":"type-product","3":"status-publish","5":"product_cat-unkategorisiert","7":"first","8":"instock","9":"product-type-simple"},"meta_box":{"woo_sort_prod_cloth":"","woo_sort_app":"","woo_sort_branch":"","woo_sort_prod_metal":"","woo_beschreibung-produkt":"Gro\u00dfartige Gleiteigenschaft zeichnet dieses sehr d\u00fcnne PTFE-Glasgewebeklebeband Nr: 13551 aus","woo_kurztext":"Wie 1356, jedoch d\u00fcnnerer Tr\u00e4ger","woo_traeger":"Glasgewebe auf PTFE-Folie","woo_tragerstarke":"70 \u00b5m","woo_gesamtstaerke":"115 \u00b5m","woo_mesh":"","woo_klebertyp":"Silikon \/ Polysiloxan","woo_klebekraft":"5 N\/cm","woo_reissfestigkeit":"180 N\/cm","woo_dehnung":"5 %","woo_temperatur":"- 73 bis 260 \u00b0C","woo_durchschlagsfestigkeit":"","woo_durchschlagsspannung":"","woo_wasserundurchlaessig":"","woo_liner":"","woo_kern_typ":"Kunstoff","woo_kern_mm":"76 mm","woo_spec":"","woo_uv_bestaendigkeit":"","woo_laengen":"30 m","woo_breite":"75 mm, andere auf Anfrage","woo_farben":"beige"},"_links":{"self":[{"href":"https:\/\/www.tapes-and-more.de\/en\/wp-json\/wp\/v2\/product\/234387","targetHints":{"allow":["GET"]}}],"collection":[{"href":"https:\/\/www.tapes-and-more.de\/en\/wp-json\/wp\/v2\/product"}],"about":[{"href":"https:\/\/www.tapes-and-more.de\/en\/wp-json\/wp\/v2\/types\/product"}],"wp:attachment":[{"href":"https:\/\/www.tapes-and-more.de\/en\/wp-json\/wp\/v2\/media?parent=234387"}],"wp:term":[{"taxonomy":"product_brand","embeddable":true,"href":"https:\/\/www.tapes-and-more.de\/en\/wp-json\/wp\/v2\/product_brand?post=234387"},{"taxonomy":"product_cat","embeddable":true,"href":"https:\/\/www.tapes-and-more.de\/en\/wp-json\/wp\/v2\/product_cat?post=234387"},{"taxonomy":"product_tag","embeddable":true,"href":"https:\/\/www.tapes-and-more.de\/en\/wp-json\/wp\/v2\/product_tag?post=234387"}],"curies":[{"name":"wp","href":"https:\/\/api.w.org\/{rel}","templated":true}]}}