{"id":234391,"date":"2023-04-12T13:34:15","date_gmt":"2023-04-12T11:34:15","guid":{"rendered":"https:\/\/www.tapes-and-more.de\/produkt\/produkt-6\/"},"modified":"2023-11-21T08:31:47","modified_gmt":"2023-11-21T07:31:47","slug":"11641","status":"publish","type":"product","link":"https:\/\/www.tapes-and-more.de\/en\/product-2\/11641\/","title":{"rendered":"Scapa CoverGard\u2122 3367 on paper liner"},"content":{"rendered":"<p>Specially developed for the temporary protection of add-on parts such as bumpers, door sills, bonnets and boot lids, dashboards, a wide variety of leathers and various other add-on parts inside and outside.<\/p>\n<p>Highly flexible and malleable, it can be applied to almost all substrates. It also withstands the temperatures in the main paint oven and can therefore be used very universally. Resistant up to 200 \u00b0C for short periods.<\/p>\n<h4>Bumpergard\u2122 (or CoverGard\u2122) is the protective tape with paper liner.<\/h4>","protected":false},"excerpt":{"rendered":"<p>High-quality breathable cotton fabric coated with PIB adhesive and UV blocker on paper liner. Developed for the <a href=\"https:\/\/www.tapes-and-more.de\/en\/product-category-2\/sectors\/automotive\/\" target=\"_blank\" rel=\"noopener\">Automotive industry<\/a>to protect painted and open plastics in the medium term for assembly and transport to the port of destination.<\/p>\n<hr \/>\n<p>Bumpergard\u2122, unsere Nr: 11641, entspricht Scapa CoverGard\u2122 3367<\/p>\n<p>Das Schutzklebeband f\u00fcr frisch lackierte (Kunststoff-)Bauteile an Fahrzeugen und Maschinen. Entspricht der Spezifikation DBL 32\/08 sowie 32\/58 f\u00fcr lackierte Kunststoffe. Die Haltbarkeit betr\u00e4gt mindestens 6 bis h\u00f6chstens 12 Monate nach Lieferdatum.<\/p>\n<p>Auch als Bumpergard\u2122 1164 (= <a href=\"https:\/\/www.tapes-and-more.de\/en\/product-2\/1164\/\" target=\"_blank\" rel=\"noopener\">Scapa CoverGard 3364<\/a>) ohne Papierliner mit geringerer Anfangshaftung erh\u00e4ltlich. Ganz nach Ihren W\u00fcnschen kann auch jede Form als Stanzteil erzeugt werden wenn die Standardbeiten zwischen 50 mm und 200 mm nicht gen\u00fcgen w\u00fcrden.<\/p>\n<p>Siehe auch unsere \u00dcbersicht unter: <a href=\"https:\/\/www.tapes-and-more.de\/wp-content\/uploads\/Katalog-Automobil-v1.0.pdf\" target=\"_blank\" rel=\"noopener\">Catalogue car<\/a><\/p>","protected":false},"featured_media":235367,"template":"","meta":[],"product_brand":[],"product_cat":[114,139,187,126,122,83,128,142,191],"product_tag":[],"class_list":{"0":"post-234391","1":"product","2":"type-product","3":"status-publish","4":"has-post-thumbnail","6":"product_cat-abdecken","7":"product_cat-gewebe-automotive","8":"product_cat-gewebe-maschinen-_und_anlagenbau","9":"product_cat-premium-gewebe","10":"product_cat-schuetzen","11":"product_cat-spezial","12":"product_cat-spezial-gewebe","13":"product_cat-spezial-automotive","14":"product_cat-spezial-maschinen-_und_anlagenbau","16":"first","17":"instock","18":"product-type-simple"},"meta_box":{"woo_sort_prod_cloth":"","woo_sort_app":"","woo_sort_branch":"","woo_sort_prod_metal":"","woo_beschreibung-produkt":"Bumpergard\u2122 11641 (=Scapa CoverGard\u2122 3367) ist hightech in Kleband zum Schutz beim Auto oder Maschine","woo_kurztext":"Wie Art. 1164, aber mit Papierliner ausger\u00fcstet","woo_traeger":"Baumwollgewebe","woo_tragerstarke":"","woo_gesamtstaerke":"250 \u00b5m","woo_mesh":"","woo_klebertyp":"PIB","woo_klebekraft":"3,5 N\/cm","woo_reissfestigkeit":"85 N\/cm","woo_dehnung":"7,5 %","woo_temperatur":"- 30 bis 90 \u00b0C","woo_durchschlagsfestigkeit":"","woo_durchschlagsspannung":"","woo_wasserundurchlaessig":"","woo_liner":"Papier","woo_kern_typ":"Pappe","woo_kern_mm":"","woo_spec":"Entspricht DBL 32\/08 sowie 32\/58 lackierte Kunststoffe. Haltbarkeit: mindestens 6 bis h\u00f6chstens 12 Monate nach Lieferdatum. Auch als Bumpergard\u2122 1164 (=Scapa CoverGard 3364) ohne Papierliner mit geringerer Anfangshaftung erh\u00e4ltlich.","woo_uv_bestaendigkeit":"","woo_laengen":"50 m","woo_breite":"38, 50, 110 mm","woo_farben":"grau"},"_links":{"self":[{"href":"https:\/\/www.tapes-and-more.de\/en\/wp-json\/wp\/v2\/product\/234391","targetHints":{"allow":["GET"]}}],"collection":[{"href":"https:\/\/www.tapes-and-more.de\/en\/wp-json\/wp\/v2\/product"}],"about":[{"href":"https:\/\/www.tapes-and-more.de\/en\/wp-json\/wp\/v2\/types\/product"}],"wp:featuredmedia":[{"embeddable":true,"href":"https:\/\/www.tapes-and-more.de\/en\/wp-json\/wp\/v2\/media\/235367"}],"wp:attachment":[{"href":"https:\/\/www.tapes-and-more.de\/en\/wp-json\/wp\/v2\/media?parent=234391"}],"wp:term":[{"taxonomy":"product_brand","embeddable":true,"href":"https:\/\/www.tapes-and-more.de\/en\/wp-json\/wp\/v2\/product_brand?post=234391"},{"taxonomy":"product_cat","embeddable":true,"href":"https:\/\/www.tapes-and-more.de\/en\/wp-json\/wp\/v2\/product_cat?post=234391"},{"taxonomy":"product_tag","embeddable":true,"href":"https:\/\/www.tapes-and-more.de\/en\/wp-json\/wp\/v2\/product_tag?post=234391"}],"curies":[{"name":"wp","href":"https:\/\/api.w.org\/{rel}","templated":true}]}}