{"id":234392,"date":"2023-04-12T13:34:15","date_gmt":"2023-04-12T11:34:15","guid":{"rendered":"https:\/\/www.tapes-and-more.de\/produkt\/produkt-7\/"},"modified":"2023-11-21T08:33:36","modified_gmt":"2023-11-21T07:33:36","slug":"1164","status":"publish","type":"product","link":"https:\/\/www.tapes-and-more.de\/en\/product-2\/1164\/","title":{"rendered":"Scapa CoverGard\u2122 3364"},"content":{"rendered":"<p>Specially developed for the temporary protection of add-on parts such as bumpers, door sills, bonnets and boot lids, dashboards, a wide variety of leathers and various other add-on parts inside and outside.<\/p>\n<p>Highly flexible and malleable, it can be applied to almost all substrates. It also withstands the temperatures in the main paint oven and can therefore be used very universally. Resistant up to 200 \u00b0C for short periods.<\/p>\n<h4>CoverGard\u2122 or Bumpergard\u2122 is the protection, not only for the bumper<\/h4>","protected":false},"excerpt":{"rendered":"<p>High quality breathable cotton fabric with PIB adhesive and UV blocker. Specially developed for the automotive industry to protect painted and open plastics in the medium term for assembly and transport.<\/p>\n<hr \/>\n<p>Bumpergard\u2122, unsere Nr: 1164, entspricht Scapa CoverGard\u2122 3364<\/p>\n<p>Das Schutzklebeband f\u00fcr frisch lackierte (Kunststoff-)Bauteile an Fahrzeugen und Maschinen. Entspricht der Spezifikation DBL 32\/08 sowie 32\/58 f\u00fcr lackierte Kunststoffe. Die Haltbarkeit: 4 Monate ab Lieferdatum.<\/p>\n<p>Auch als Bumpergard\u2122 Nr: 11641 (= <a href=\"https:\/\/www.tapes-and-more.de\/en\/product-2\/11641\/\" target=\"_blank\" rel=\"noopener\">Scapa CoverGard\u2122 3367<\/a> ) auf Papierliner mit h\u00f6herer Sofortklebkraft erh\u00e4ltlich.<\/p>\n<p>Speziell entwickelt um Schutz vor Sch\u00e4den, unmittelbar nach der Herstellung sowie beim Transport zu erreichen. F\u00fcr alle Anwendungen am Automobil (siehe \u00dcbersicht: <a href=\"https:\/\/www.tapes-and-more.de\/wp-content\/uploads\/Katalog-Automobil-v1.0.pdf\" target=\"_blank\" rel=\"noopener\">Catalogue car<\/a> ) wie dem Schutz von Sto\u00dfstangen, Schwellern, der Motorhaube ode der Au\u00dfen- und Innenverkleidung auf Kunstoffe oder Metall und Holz. Das Gewebeband ist sehr anpassungsf\u00e4hig und auch von Hand rei\u00dfbar. Mit seiner serh guten UV-Best\u00e4ndigkeit kann es auch l\u00e4nger am Fahrzeug verbleiben. Dieses Baumwollgewebeband kann auch mit einem Liner versehen werden um st\u00e4rkere Klebekr\u00e4fte oder eine optimalere Verabeitung zu erreichen.<\/p>\n<p>Ganz nach Ihren W\u00fcnschen kann auch jede Form als Stanzteil erzeugt werden wenn die Standardbreiten zwischen 50 mm und 200 mm nicht gen\u00fcgen w\u00fcrden.<\/p>","protected":false},"featured_media":235367,"template":"","meta":[],"product_brand":[],"product_cat":[114,139,187,126,122,83,128,142,191,345,352],"product_tag":[],"class_list":{"0":"post-234392","1":"product","2":"type-product","3":"status-publish","4":"has-post-thumbnail","6":"product_cat-abdecken","7":"product_cat-gewebe-automotive","8":"product_cat-gewebe-maschinen-_und_anlagenbau","9":"product_cat-premium-gewebe","10":"product_cat-schuetzen","11":"product_cat-spezial","12":"product_cat-spezial-gewebe","13":"product_cat-spezial-automotive","14":"product_cat-spezial-maschinen-_und_anlagenbau","15":"product_cat-spezial-abdecken","16":"product_cat-spezial-schuetzen","18":"first","19":"instock","20":"product-type-simple"},"meta_box":{"woo_sort_prod_cloth":"","woo_sort_app":"","woo_sort_branch":"","woo_sort_prod_metal":"","woo_beschreibung-produkt":"Innovativ ist das Bumpergard\u2122 1164 (Scapa CoverGard\u2122 3364), der Schutz am Auto und allen Maschinen","woo_kurztext":"Schutzklebeband f\u00fcr frisch lackierte (Kunststoff-)Bauteile","woo_traeger":"Baumwollgewebe","woo_tragerstarke":"","woo_gesamtstaerke":"250 \u00b5m","woo_mesh":"","woo_klebertyp":"PIB","woo_klebekraft":"3,5 N\/cm","woo_reissfestigkeit":"85 N\/cm","woo_dehnung":"7,5 %","woo_temperatur":"- 30 bis 90 \u00b0C","woo_durchschlagsfestigkeit":"","woo_durchschlagsspannung":"","woo_wasserundurchlaessig":"","woo_liner":"","woo_kern_typ":"Pappe","woo_kern_mm":"","woo_spec":"Entspricht DBL 32\/08 sowie 32\/58 lackierte Kunststoffe. Haltbarkeit: 4 Monate ab Lieferdatum. Auch als Bumpergard\u2122 11641 (=Scapa CoverGard 3367) auf Papierliner mit h\u00f6herer Sofortklebkraft erh\u00e4ltlich","woo_uv_bestaendigkeit":"sehr gut","woo_laengen":"50","woo_breite":"50, 75, 100, 200 mm","woo_farben":"grau"},"_links":{"self":[{"href":"https:\/\/www.tapes-and-more.de\/en\/wp-json\/wp\/v2\/product\/234392","targetHints":{"allow":["GET"]}}],"collection":[{"href":"https:\/\/www.tapes-and-more.de\/en\/wp-json\/wp\/v2\/product"}],"about":[{"href":"https:\/\/www.tapes-and-more.de\/en\/wp-json\/wp\/v2\/types\/product"}],"wp:featuredmedia":[{"embeddable":true,"href":"https:\/\/www.tapes-and-more.de\/en\/wp-json\/wp\/v2\/media\/235367"}],"wp:attachment":[{"href":"https:\/\/www.tapes-and-more.de\/en\/wp-json\/wp\/v2\/media?parent=234392"}],"wp:term":[{"taxonomy":"product_brand","embeddable":true,"href":"https:\/\/www.tapes-and-more.de\/en\/wp-json\/wp\/v2\/product_brand?post=234392"},{"taxonomy":"product_cat","embeddable":true,"href":"https:\/\/www.tapes-and-more.de\/en\/wp-json\/wp\/v2\/product_cat?post=234392"},{"taxonomy":"product_tag","embeddable":true,"href":"https:\/\/www.tapes-and-more.de\/en\/wp-json\/wp\/v2\/product_tag?post=234392"}],"curies":[{"name":"wp","href":"https:\/\/api.w.org\/{rel}","templated":true}]}}