{"id":234429,"date":"2023-04-20T08:49:37","date_gmt":"2023-04-20T06:49:37","guid":{"rendered":"https:\/\/www.tapes-and-more.de\/?post_type=product&#038;p=234429"},"modified":"2023-10-26T09:45:32","modified_gmt":"2023-10-26T07:45:32","slug":"1357","status":"publish","type":"product","link":"https:\/\/www.tapes-and-more.de\/en\/product-2\/1357\/","title":{"rendered":"PTFE - glass fabric"},"content":{"rendered":"<p>Glass fabric coated with a high temperature resistant silicone adhesive. Very tear-resistant and strongly adhesive, for high demands<\/p>\n<h4>Teflon (=PTFE) - film bonded with glass fabric very tear-resistant and strongly adhesive<\/h4>","protected":false},"excerpt":{"rendered":"<p>The high-quality solution for all applications that require the highest temperature requirements.<\/p>\n<hr \/>\n<p>Teflon film (=PTFE) with glass fabric for the highest demands<\/p>","protected":false},"featured_media":0,"template":"","meta":[],"product_brand":[],"product_cat":[129],"product_tag":[],"class_list":{"0":"post-234429","1":"product","2":"type-product","3":"status-publish","5":"product_cat-glasgewebe_und_laminate-gewebe","7":"first","8":"instock","9":"product-type-simple"},"meta_box":{"woo_sort_prod_cloth":"","woo_sort_app":"","woo_sort_branch":"","woo_sort_prod_metal":"","woo_beschreibung-produkt":"Teflon-Folie(=PTFE) verbunden mit Glasgewebe ist sehr rei\u00dffest und kraftvoll klebend, unsere Nr: 1357","woo_kurztext":"Sehr rei\u00dffest und stark klebend, f\u00fcr hohe Anspr\u00fcche","woo_traeger":"Glasgewebe auf PTFE-Folie","woo_tragerstarke":"","woo_gesamtstaerke":"175 \u00b5m","woo_mesh":"","woo_klebertyp":"Silikon \/ Polysiloxan","woo_klebekraft":"5,4 N\/cm","woo_reissfestigkeit":"240 N\/cm","woo_dehnung":"","woo_temperatur":"260 \u00b0C","woo_durchschlagsfestigkeit":"","woo_durchschlagsspannung":"","woo_wasserundurchlaessig":"","woo_liner":"","woo_kern_typ":".","woo_kern_mm":"76 mm","woo_spec":"","woo_uv_bestaendigkeit":"","woo_laengen":"30 m","woo_breite":"auf Anfrage","woo_farben":""},"_links":{"self":[{"href":"https:\/\/www.tapes-and-more.de\/en\/wp-json\/wp\/v2\/product\/234429","targetHints":{"allow":["GET"]}}],"collection":[{"href":"https:\/\/www.tapes-and-more.de\/en\/wp-json\/wp\/v2\/product"}],"about":[{"href":"https:\/\/www.tapes-and-more.de\/en\/wp-json\/wp\/v2\/types\/product"}],"wp:attachment":[{"href":"https:\/\/www.tapes-and-more.de\/en\/wp-json\/wp\/v2\/media?parent=234429"}],"wp:term":[{"taxonomy":"product_brand","embeddable":true,"href":"https:\/\/www.tapes-and-more.de\/en\/wp-json\/wp\/v2\/product_brand?post=234429"},{"taxonomy":"product_cat","embeddable":true,"href":"https:\/\/www.tapes-and-more.de\/en\/wp-json\/wp\/v2\/product_cat?post=234429"},{"taxonomy":"product_tag","embeddable":true,"href":"https:\/\/www.tapes-and-more.de\/en\/wp-json\/wp\/v2\/product_tag?post=234429"}],"curies":[{"name":"wp","href":"https:\/\/api.w.org\/{rel}","templated":true}]}}