{"id":234450,"date":"2023-04-20T12:53:46","date_gmt":"2023-04-20T10:53:46","guid":{"rendered":"https:\/\/www.tapes-and-more.de\/?post_type=product&#038;p=234450"},"modified":"2023-10-19T08:06:56","modified_gmt":"2023-10-19T06:06:56","slug":"1570","status":"publish","type":"product","link":"https:\/\/www.tapes-and-more.de\/en\/product-2\/1570\/","title":{"rendered":"Cloth tape - Allround"},"content":{"rendered":"<p>All-round adhesive tape suitable for masking work in construction and air conditioning. Typically, the tape is used for sealing, fastening, bundling, labelling, marking and packaging.<\/p>\n<h4>All-round band for the need for a variety of uses<\/h4>","protected":false},"excerpt":{"rendered":"<p>All-round fabric tape made of polyester fabric with a smooth polyethylene surface, coated with a rubber adhesive. Very flexible and excellent to work with by hand.<\/p>","protected":false},"featured_media":235071,"template":"","meta":[],"product_brand":[],"product_cat":[127,116,117,147],"product_tag":[],"class_list":{"0":"post-234450","1":"product","2":"type-product","3":"status-publish","4":"has-post-thumbnail","6":"product_cat-allround-gewebe","7":"product_cat-befestigen","8":"product_cat-buendeln","9":"product_cat-gewebe-bau","11":"first","12":"instock","13":"product-type-simple"},"meta_box":{"woo_sort_prod_cloth":"","woo_sort_app":"","woo_sort_branch":"","woo_sort_prod_metal":"","woo_beschreibung-produkt":"Gewebeklebeband Allround, best\u00e4tigt f\u00fcr alle Aufgaben im Bereich Klima und Heizung, Nr. 1570","woo_kurztext":"F\u00fcr alle Aufgaben im Bereich Klima und Heizung","woo_traeger":"PE beschichtetes PET-Gewebe","woo_tragerstarke":"","woo_gesamtstaerke":"150 \u00b5m","woo_mesh":"27","woo_klebertyp":"Kautschuk","woo_klebekraft":"5 N\/cm","woo_reissfestigkeit":"35 N\/cm","woo_dehnung":"","woo_temperatur":"- 10 \u00b0 bis 75 \u00b0C","woo_durchschlagsfestigkeit":"","woo_durchschlagsspannung":"","woo_wasserundurchlaessig":"Ja","woo_liner":"","woo_kern_typ":"Pappe","woo_kern_mm":"76 mm","woo_spec":"","woo_uv_bestaendigkeit":"","woo_laengen":"50 m","woo_breite":"50 mm (weitere auf Anfrage)","woo_farben":"silber, schwarz, weiss und rot"},"_links":{"self":[{"href":"https:\/\/www.tapes-and-more.de\/en\/wp-json\/wp\/v2\/product\/234450","targetHints":{"allow":["GET"]}}],"collection":[{"href":"https:\/\/www.tapes-and-more.de\/en\/wp-json\/wp\/v2\/product"}],"about":[{"href":"https:\/\/www.tapes-and-more.de\/en\/wp-json\/wp\/v2\/types\/product"}],"wp:featuredmedia":[{"embeddable":true,"href":"https:\/\/www.tapes-and-more.de\/en\/wp-json\/wp\/v2\/media\/235071"}],"wp:attachment":[{"href":"https:\/\/www.tapes-and-more.de\/en\/wp-json\/wp\/v2\/media?parent=234450"}],"wp:term":[{"taxonomy":"product_brand","embeddable":true,"href":"https:\/\/www.tapes-and-more.de\/en\/wp-json\/wp\/v2\/product_brand?post=234450"},{"taxonomy":"product_cat","embeddable":true,"href":"https:\/\/www.tapes-and-more.de\/en\/wp-json\/wp\/v2\/product_cat?post=234450"},{"taxonomy":"product_tag","embeddable":true,"href":"https:\/\/www.tapes-and-more.de\/en\/wp-json\/wp\/v2\/product_tag?post=234450"}],"curies":[{"name":"wp","href":"https:\/\/api.w.org\/{rel}","templated":true}]}}