{"id":234456,"date":"2023-04-20T13:11:46","date_gmt":"2023-04-20T11:11:46","guid":{"rendered":"https:\/\/www.tapes-and-more.de\/?post_type=product&#038;p=234456"},"modified":"2023-11-09T11:03:48","modified_gmt":"2023-11-09T10:03:48","slug":"1590","status":"publish","type":"product","link":"https:\/\/www.tapes-and-more.de\/en\/product-2\/1590\/","title":{"rendered":"Cloth Tape - Matt"},"content":{"rendered":"<p>Developed for use in the show industry, for film productions and for events. Good adhesive strength, low light reflections thanks to matt surface and residue-free removability also characterise the tape for trade fair construction.<\/p>\n<h4>No reflections with this matt fabric tape<\/h4>","protected":false},"excerpt":{"rendered":"<p>Cotton\/polyester cloth with an embossed, matt polyethylene surface to reduce light reflections. The tape can be removed from typical event floors with absolutely no residue thanks to the cohesive rubber adhesive.<\/p>","protected":false},"featured_media":235079,"template":"","meta":[],"product_brand":[],"product_cat":[116,178,200,126],"product_tag":[],"class_list":{"0":"post-234456","1":"product","2":"type-product","3":"status-publish","4":"has-post-thumbnail","6":"product_cat-befestigen","7":"product_cat-gewebe-messebau","8":"product_cat-gewebe-veranstaltungstechnik","9":"product_cat-premium-gewebe","11":"first","12":"instock","13":"product-type-simple"},"meta_box":{"woo_sort_prod_cloth":"","woo_sort_app":"","woo_sort_branch":"","woo_sort_prod_metal":"","woo_beschreibung-produkt":"Kein Problem mit Reflexionen oder Kleberr\u00fcckst\u00e4nden im B\u00fchnenbereich mit diesem matten Gewebeband in 4 Farben","woo_kurztext":"F\u00fcr den B\u00fchnenbereich, keine Reflexionen u. R\u00fcckst\u00e4nde","woo_traeger":"PE-beschichtetes Baumwoll-\/PET-Gewebe","woo_tragerstarke":"","woo_gesamtstaerke":"300 \u00b5m","woo_mesh":"80","woo_klebertyp":"Kautschuk","woo_klebekraft":"2,7 N\/cm","woo_reissfestigkeit":"65 N\/cm","woo_dehnung":"12 %","woo_temperatur":"90 \u00b0C","woo_durchschlagsfestigkeit":"","woo_durchschlagsspannung":"","woo_wasserundurchlaessig":"","woo_liner":"","woo_kern_typ":"Pappe","woo_kern_mm":"76 mm","woo_spec":"","woo_uv_bestaendigkeit":"","woo_laengen":"50 m","woo_breite":"50 und 75 mm","woo_farben":"wei\u00df, schwarz, silber, rot"},"_links":{"self":[{"href":"https:\/\/www.tapes-and-more.de\/en\/wp-json\/wp\/v2\/product\/234456","targetHints":{"allow":["GET"]}}],"collection":[{"href":"https:\/\/www.tapes-and-more.de\/en\/wp-json\/wp\/v2\/product"}],"about":[{"href":"https:\/\/www.tapes-and-more.de\/en\/wp-json\/wp\/v2\/types\/product"}],"wp:featuredmedia":[{"embeddable":true,"href":"https:\/\/www.tapes-and-more.de\/en\/wp-json\/wp\/v2\/media\/235079"}],"wp:attachment":[{"href":"https:\/\/www.tapes-and-more.de\/en\/wp-json\/wp\/v2\/media?parent=234456"}],"wp:term":[{"taxonomy":"product_brand","embeddable":true,"href":"https:\/\/www.tapes-and-more.de\/en\/wp-json\/wp\/v2\/product_brand?post=234456"},{"taxonomy":"product_cat","embeddable":true,"href":"https:\/\/www.tapes-and-more.de\/en\/wp-json\/wp\/v2\/product_cat?post=234456"},{"taxonomy":"product_tag","embeddable":true,"href":"https:\/\/www.tapes-and-more.de\/en\/wp-json\/wp\/v2\/product_tag?post=234456"}],"curies":[{"name":"wp","href":"https:\/\/api.w.org\/{rel}","templated":true}]}}