{"id":234462,"date":"2023-04-20T13:27:44","date_gmt":"2023-04-20T11:27:44","guid":{"rendered":"https:\/\/www.tapes-and-more.de\/?post_type=product&#038;p=234462"},"modified":"2023-10-19T09:48:19","modified_gmt":"2023-10-19T07:48:19","slug":"uv%c2%b2-1877","status":"publish","type":"product","link":"https:\/\/www.tapes-and-more.de\/en\/product-2\/uv%c2%b2-1877\/","title":{"rendered":"Cloth tape - UV\u00b2"},"content":{"rendered":"<p>Universally applicable long-term cloth adhesive tape, suitable for indoor and outdoor use.<\/p>\n<h4>Double protected tape for longer outdoor applications - UV\u00b2<\/h4>","protected":false},"excerpt":{"rendered":"<p>Cotton\/polyester cloth, with a turquoise-coloured coating on the outside and a black polyethylene coating on the inside for additional UV protection and finished with a UV-resistant natural rubber adhesive.<\/p>\n<hr \/>\n<p>The UV\u00b2 fabric adhesive tape with double UV protection<\/p>","protected":false},"featured_media":235082,"template":"","meta":[],"product_brand":[],"product_cat":[127],"product_tag":[],"class_list":{"0":"post-234462","1":"product","2":"type-product","3":"status-publish","4":"has-post-thumbnail","6":"product_cat-allround-gewebe","8":"first","9":"instock","10":"product-type-simple"},"meta_box":{"woo_sort_prod_cloth":"","woo_sort_app":"","woo_sort_branch":"","woo_sort_prod_metal":"","woo_beschreibung-produkt":"Gewebeklebeband UV\u00b2, 2-mal gesch\u00fctztes Band, komfortabel f\u00fcr l\u00e4ngere Au\u00dfenanwendungen","woo_kurztext":"Doppelt gesch\u00fctztes Band f\u00fcr l\u00e4ngere Au\u00dfenanwendungen","woo_traeger":"PE-beschichtetes Baumwoll-\/PET-Gewebe","woo_tragerstarke":"","woo_gesamtstaerke":"310 \u00b5m","woo_mesh":"70","woo_klebertyp":"Kautschuk","woo_klebekraft":"3,5 N\/cm","woo_reissfestigkeit":"55 N\/cm","woo_dehnung":"11 %","woo_temperatur":"90 \u00b0C","woo_durchschlagsfestigkeit":"","woo_durchschlagsspannung":"","woo_wasserundurchlaessig":"","woo_liner":"","woo_kern_typ":"Pappe","woo_kern_mm":"76 mm","woo_spec":"Die zus\u00e4tzliche schwarze Folie im Aufbau des Klebebandes erh\u00f6ht massiv den Schutz gegen die sch\u00e4digenden UV-Strahlen. Die t\u00fcrkise Au\u00dfenseite kennzeichnet das Band f\u00fcr typische UV-Anwendungen.","woo_uv_bestaendigkeit":"sehr gut","woo_laengen":"25 m","woo_breite":"38 und 50 mm (weitere auf Anfrage)","woo_farben":"t\u00fcrkis"},"_links":{"self":[{"href":"https:\/\/www.tapes-and-more.de\/en\/wp-json\/wp\/v2\/product\/234462","targetHints":{"allow":["GET"]}}],"collection":[{"href":"https:\/\/www.tapes-and-more.de\/en\/wp-json\/wp\/v2\/product"}],"about":[{"href":"https:\/\/www.tapes-and-more.de\/en\/wp-json\/wp\/v2\/types\/product"}],"wp:featuredmedia":[{"embeddable":true,"href":"https:\/\/www.tapes-and-more.de\/en\/wp-json\/wp\/v2\/media\/235082"}],"wp:attachment":[{"href":"https:\/\/www.tapes-and-more.de\/en\/wp-json\/wp\/v2\/media?parent=234462"}],"wp:term":[{"taxonomy":"product_brand","embeddable":true,"href":"https:\/\/www.tapes-and-more.de\/en\/wp-json\/wp\/v2\/product_brand?post=234462"},{"taxonomy":"product_cat","embeddable":true,"href":"https:\/\/www.tapes-and-more.de\/en\/wp-json\/wp\/v2\/product_cat?post=234462"},{"taxonomy":"product_tag","embeddable":true,"href":"https:\/\/www.tapes-and-more.de\/en\/wp-json\/wp\/v2\/product_tag?post=234462"}],"curies":[{"name":"wp","href":"https:\/\/api.w.org\/{rel}","templated":true}]}}