{"id":234470,"date":"2023-04-21T09:32:56","date_gmt":"2023-04-21T07:32:56","guid":{"rendered":"https:\/\/www.tapes-and-more.de\/?post_type=product&#038;p=234470"},"modified":"2023-11-21T07:54:20","modified_gmt":"2023-11-21T06:54:20","slug":"1964","status":"publish","type":"product","link":"https:\/\/www.tapes-and-more.de\/en\/product-2\/1964\/","title":{"rendered":"Cloth tape - X\u00b2"},"content":{"rendered":"<p>Especially for blasting work with high pressure. The two-layer structure enables high dielectric strength.<\/p>\n<h4>Two-layer fabric tape for medium stresses in the <span class=\"tagify__input\" tabindex=\"0\" role=\"textbox\" contenteditable=\"true\" data-placeholder=\"Beispiel: Rank Math SEO\" aria-placeholder=\"Beispiel: Rank Math SEO\" aria-autocomplete=\"both\" aria-multiline=\"false\"><a href=\"https:\/\/www.tapes-and-more.de\/wp-content\/uploads\/Katalog-Sandstrahlen-v1.0.pdf\" target=\"_blank\" rel=\"noopener\">Sandblasting<\/a><\/span><\/h4>","protected":false},"excerpt":{"rendered":"<p>2 &#8211; fach laminiertes, jeweils mit einer Polyethylen-Folie beschichtetes Rayon- oder Baumwoll\/PET-Gewebe, mit einem hochvernetzten Naturkautschuk-Klebstoff versehen, der r\u00fcckstandsfreies Entfernen von nahezu allen Oberfl\u00e4chen erm\u00f6glicht.<\/p>\n<hr \/>\n<p>To the <span class=\"tagify__input\" tabindex=\"0\" role=\"textbox\" contenteditable=\"true\" data-placeholder=\"Beispiel: Rank Math SEO\" aria-placeholder=\"Beispiel: Rank Math SEO\" aria-autocomplete=\"both\" aria-multiline=\"false\">Sandblasting<\/span> a double-layered, therefore twice as thick fabric tape.<\/p>","protected":false},"featured_media":0,"template":"","meta":[],"product_brand":[],"product_cat":[128],"product_tag":[],"class_list":{"0":"post-234470","1":"product","2":"type-product","3":"status-publish","5":"product_cat-spezial-gewebe","7":"first","8":"instock","9":"product-type-simple"},"meta_box":{"woo_sort_prod_cloth":"","woo_sort_app":"","woo_sort_branch":"","woo_sort_prod_metal":"","woo_beschreibung-produkt":"Zum Sandstrahlen Gewebeband-X\u00b2 interessant f\u00fcr mittlere Beanspruchungen, Nr: 1964","woo_kurztext":"F\u00fcr mittlere Beanspruchung beim Sandstrahlen","woo_traeger":"Rayon- und PET\/Baumwollgewebe","woo_tragerstarke":"","woo_gesamtstaerke":"610 \u00b5m","woo_mesh":"","woo_klebertyp":"Kautschuk hochvernetzt","woo_klebekraft":"4 N\/cm","woo_reissfestigkeit":"100 N\/cm","woo_dehnung":"9 %","woo_temperatur":"90 \u00b0C","woo_durchschlagsfestigkeit":"","woo_durchschlagsspannung":"","woo_wasserundurchlaessig":"","woo_liner":"","woo_kern_typ":"Pappe","woo_kern_mm":"76 mm","woo_spec":"","woo_uv_bestaendigkeit":"","woo_laengen":"50 m","woo_breite":"25, 38, 50 und 75 mm (weitere Breiten auf Anfrage)","woo_farben":"schwarz"},"_links":{"self":[{"href":"https:\/\/www.tapes-and-more.de\/en\/wp-json\/wp\/v2\/product\/234470","targetHints":{"allow":["GET"]}}],"collection":[{"href":"https:\/\/www.tapes-and-more.de\/en\/wp-json\/wp\/v2\/product"}],"about":[{"href":"https:\/\/www.tapes-and-more.de\/en\/wp-json\/wp\/v2\/types\/product"}],"wp:attachment":[{"href":"https:\/\/www.tapes-and-more.de\/en\/wp-json\/wp\/v2\/media?parent=234470"}],"wp:term":[{"taxonomy":"product_brand","embeddable":true,"href":"https:\/\/www.tapes-and-more.de\/en\/wp-json\/wp\/v2\/product_brand?post=234470"},{"taxonomy":"product_cat","embeddable":true,"href":"https:\/\/www.tapes-and-more.de\/en\/wp-json\/wp\/v2\/product_cat?post=234470"},{"taxonomy":"product_tag","embeddable":true,"href":"https:\/\/www.tapes-and-more.de\/en\/wp-json\/wp\/v2\/product_tag?post=234470"}],"curies":[{"name":"wp","href":"https:\/\/api.w.org\/{rel}","templated":true}]}}