{"id":234472,"date":"2023-04-21T09:35:53","date_gmt":"2023-04-21T07:35:53","guid":{"rendered":"https:\/\/www.tapes-and-more.de\/?post_type=product&#038;p=234472"},"modified":"2023-11-21T07:55:45","modified_gmt":"2023-11-21T06:55:45","slug":"1966","status":"publish","type":"product","link":"https:\/\/www.tapes-and-more.de\/en\/product-2\/1966\/","title":{"rendered":"Cloth tape - X\u00b3"},"content":{"rendered":"<p>Especially for <a href=\"https:\/\/www.tapes-and-more.de\/wp-content\/uploads\/Katalog-Sandstrahlen-v1.0.pdf\" target=\"_blank\" rel=\"noopener\">Blasting work<\/a> with high pressure. Very high dielectric strength thanks to the three-layer structure.<\/p>\n<h4>3-fold laminated sandblasting belt for heavy duty use<\/h4>","protected":false},"excerpt":{"rendered":"<p>3 &#8211; fach laminiertes Gewebeklebeband, jeweils mit einer Polyethylen-Folie beschichtetes Rayon- bzw. Polyester\/Baumwollgewebe. Der hochvernetzte Naturkautschuk-Klebstoff erm\u00f6glicht r\u00fcckstandsfreies Entfernen von nahezu allen Untergr\u00fcnden.<\/p>\n<hr \/>\n<p>Das Gewebeklebeband &#8211; X\u00b3 ist ein hochwertiges Sandstrahlband<\/p>","protected":false},"featured_media":0,"template":"","meta":[],"product_brand":[],"product_cat":[128],"product_tag":[],"class_list":{"0":"post-234472","1":"product","2":"type-product","3":"status-publish","5":"product_cat-spezial-gewebe","7":"first","8":"instock","9":"product-type-simple"},"meta_box":{"woo_sort_prod_cloth":"","woo_sort_app":"","woo_sort_branch":"","woo_sort_prod_metal":"","woo_beschreibung-produkt":"Das Sandstrahlband aus Gewebe interessant f\u00fcr hohe Beanspruchung, Nr: 1966","woo_kurztext":"Sandstrahlband f\u00fcr hohe Beanspruchungen","woo_traeger":"Rayon- und PET\/Baumwollgewebe","woo_tragerstarke":"","woo_gesamtstaerke":"920 \u00b5m","woo_mesh":"","woo_klebertyp":"Kautschuk hochvernetzt","woo_klebekraft":"4 N\/cm","woo_reissfestigkeit":"160 N\/cm","woo_dehnung":"9 %","woo_temperatur":"90 \u00b0C","woo_durchschlagsfestigkeit":"","woo_durchschlagsspannung":"","woo_wasserundurchlaessig":"","woo_liner":"","woo_kern_typ":"Pappe","woo_kern_mm":"76 mm","woo_spec":"","woo_uv_bestaendigkeit":"","woo_laengen":"50 m","woo_breite":"25, 30, 38, 50 mm (weitere Breiten auf Anfrage)","woo_farben":"wei\u00df"},"_links":{"self":[{"href":"https:\/\/www.tapes-and-more.de\/en\/wp-json\/wp\/v2\/product\/234472","targetHints":{"allow":["GET"]}}],"collection":[{"href":"https:\/\/www.tapes-and-more.de\/en\/wp-json\/wp\/v2\/product"}],"about":[{"href":"https:\/\/www.tapes-and-more.de\/en\/wp-json\/wp\/v2\/types\/product"}],"wp:attachment":[{"href":"https:\/\/www.tapes-and-more.de\/en\/wp-json\/wp\/v2\/media?parent=234472"}],"wp:term":[{"taxonomy":"product_brand","embeddable":true,"href":"https:\/\/www.tapes-and-more.de\/en\/wp-json\/wp\/v2\/product_brand?post=234472"},{"taxonomy":"product_cat","embeddable":true,"href":"https:\/\/www.tapes-and-more.de\/en\/wp-json\/wp\/v2\/product_cat?post=234472"},{"taxonomy":"product_tag","embeddable":true,"href":"https:\/\/www.tapes-and-more.de\/en\/wp-json\/wp\/v2\/product_tag?post=234472"}],"curies":[{"name":"wp","href":"https:\/\/api.w.org\/{rel}","templated":true}]}}