{"id":234478,"date":"2023-04-21T10:48:32","date_gmt":"2023-04-21T08:48:32","guid":{"rendered":"https:\/\/www.tapes-and-more.de\/?post_type=product&#038;p=234478"},"modified":"2023-10-27T08:03:34","modified_gmt":"2023-10-27T06:03:34","slug":"2119","status":"publish","type":"product","link":"https:\/\/www.tapes-and-more.de\/en\/product-2\/2119\/","title":{"rendered":"Forensic tape"},"content":{"rendered":"<p>As a forensic tape and for all applications where high transparency is required.<\/p>\n<h4>For evidence recovery or when longevity is needed.<\/h4>","protected":false},"excerpt":{"rendered":"<p>Highly transparent BOPP adhesive tape with ageing and UV-resistant acrylic adhesive.<\/p>\n<hr \/>\n<p>Ein Spurensicherung-Klebeband mit sehr hohe Transparenz zur sicheren Aufnahme von Partikeln<\/p>","protected":false},"featured_media":235125,"template":"","meta":[],"product_brand":[],"product_cat":[166,172,106],"product_tag":[],"class_list":{"0":"post-234478","1":"product","2":"type-product","3":"status-publish","4":"has-post-thumbnail","6":"product_cat-folie-handel","7":"product_cat-spezial-handel","8":"product_cat-technischeklebebaender","10":"first","11":"instock","12":"product-type-simple"},"meta_box":{"woo_sort_prod_cloth":"","woo_sort_app":"","woo_sort_branch":"","woo_sort_prod_metal":"","woo_beschreibung-produkt":"Das Spurensicherungsband Nr: 2119, mit sehr hohe Transparenz zur sicheren Aufnahme von Partikeln","woo_kurztext":"Sehr hohe Transparenz zur sicheren Aufnahme von Partikeln","woo_traeger":"BOPP-Folie","woo_tragerstarke":"55 \u00b5m","woo_gesamtstaerke":"77 \u00b5m","woo_mesh":"","woo_klebertyp":"Acrylat LM","woo_klebekraft":"1,9 N\/cm","woo_reissfestigkeit":"50 N\/cm","woo_dehnung":"130 %","woo_temperatur":"120 \u00b0C","woo_durchschlagsfestigkeit":"","woo_durchschlagsspannung":"","woo_wasserundurchlaessig":"","woo_liner":"","woo_kern_typ":"Kunstoff","woo_kern_mm":"25,4 mm","woo_spec":"Obwohl in allen Fertigungsschritten dieses speziellen Produktes mit gr\u00f6\u00dftm\u00f6glicher Sorgfalt gearbeitet wird, k\u00f6nnen wir eine 100 prozentige DNA-Freiheit leider nicht gerantieren.","woo_uv_bestaendigkeit":"","woo_laengen":"10 m und 20 m","woo_breite":"19 und 25 mm","woo_farben":"hochtransparent"},"_links":{"self":[{"href":"https:\/\/www.tapes-and-more.de\/en\/wp-json\/wp\/v2\/product\/234478","targetHints":{"allow":["GET"]}}],"collection":[{"href":"https:\/\/www.tapes-and-more.de\/en\/wp-json\/wp\/v2\/product"}],"about":[{"href":"https:\/\/www.tapes-and-more.de\/en\/wp-json\/wp\/v2\/types\/product"}],"wp:featuredmedia":[{"embeddable":true,"href":"https:\/\/www.tapes-and-more.de\/en\/wp-json\/wp\/v2\/media\/235125"}],"wp:attachment":[{"href":"https:\/\/www.tapes-and-more.de\/en\/wp-json\/wp\/v2\/media?parent=234478"}],"wp:term":[{"taxonomy":"product_brand","embeddable":true,"href":"https:\/\/www.tapes-and-more.de\/en\/wp-json\/wp\/v2\/product_brand?post=234478"},{"taxonomy":"product_cat","embeddable":true,"href":"https:\/\/www.tapes-and-more.de\/en\/wp-json\/wp\/v2\/product_cat?post=234478"},{"taxonomy":"product_tag","embeddable":true,"href":"https:\/\/www.tapes-and-more.de\/en\/wp-json\/wp\/v2\/product_tag?post=234478"}],"curies":[{"name":"wp","href":"https:\/\/api.w.org\/{rel}","templated":true}]}}