{"id":234488,"date":"2023-04-21T11:25:12","date_gmt":"2023-04-21T09:25:12","guid":{"rendered":"https:\/\/www.tapes-and-more.de\/?post_type=product&#038;p=234488"},"modified":"2023-10-18T09:50:09","modified_gmt":"2023-10-18T07:50:09","slug":"2158","status":"publish","type":"product","link":"https:\/\/www.tapes-and-more.de\/en\/product-2\/2158\/","title":{"rendered":"Filament tape, longitudinal and transverse"},"content":{"rendered":"<p>Typical bundling tape for secure bonding of all kinds. Ideal for securing pallets and reinforcing shipping packaging.<\/p>\n<h4>Filament adhesive tape reinforced in longitudinal and transverse direction<\/h4>","protected":false},"excerpt":{"rendered":"<p>Glass-fibre reinforced polypropylene adhesive tape with high adhesive strength. Reinforced in longitudinal and transverse direction.<\/p>","protected":false},"featured_media":235133,"template":"","meta":[],"product_brand":[],"product_cat":[101],"product_tag":[],"class_list":{"0":"post-234488","1":"product","2":"type-product","3":"status-publish","4":"has-post-thumbnail","6":"product_cat-verpackungsklebebaender","8":"first","9":"instock","10":"product-type-simple"},"meta_box":{"woo_sort_prod_cloth":"","woo_sort_app":"","woo_sort_branch":"","woo_sort_prod_metal":"","woo_beschreibung-produkt":"Doppelt h\u00e4lt besser, L\u00e4ngs- und Quer-verst\u00e4rktes Filamentklebeband Nr: 2158","woo_kurztext":"L\u00e4ngs- und querverst\u00e4rkt","woo_traeger":"PP-Folie, glasfaserverst\u00e4rkt","woo_tragerstarke":"28 \u00b5m","woo_gesamtstaerke":"140 \u00b5m","woo_mesh":"","woo_klebertyp":"Hotmelt","woo_klebekraft":"10 N\/cm","woo_reissfestigkeit":"220 N\/cm","woo_dehnung":"6 %","woo_temperatur":"60 \u00b0C","woo_durchschlagsfestigkeit":"","woo_durchschlagsspannung":"","woo_wasserundurchlaessig":"","woo_liner":"","woo_kern_typ":"Pappe","woo_kern_mm":"76 mm","woo_spec":"","woo_uv_bestaendigkeit":"","woo_laengen":"50 m","woo_breite":"19, 25, 38, 50, 75 mm (weitere auf Anfrage)","woo_farben":"transparent"},"_links":{"self":[{"href":"https:\/\/www.tapes-and-more.de\/en\/wp-json\/wp\/v2\/product\/234488","targetHints":{"allow":["GET"]}}],"collection":[{"href":"https:\/\/www.tapes-and-more.de\/en\/wp-json\/wp\/v2\/product"}],"about":[{"href":"https:\/\/www.tapes-and-more.de\/en\/wp-json\/wp\/v2\/types\/product"}],"wp:featuredmedia":[{"embeddable":true,"href":"https:\/\/www.tapes-and-more.de\/en\/wp-json\/wp\/v2\/media\/235133"}],"wp:attachment":[{"href":"https:\/\/www.tapes-and-more.de\/en\/wp-json\/wp\/v2\/media?parent=234488"}],"wp:term":[{"taxonomy":"product_brand","embeddable":true,"href":"https:\/\/www.tapes-and-more.de\/en\/wp-json\/wp\/v2\/product_brand?post=234488"},{"taxonomy":"product_cat","embeddable":true,"href":"https:\/\/www.tapes-and-more.de\/en\/wp-json\/wp\/v2\/product_cat?post=234488"},{"taxonomy":"product_tag","embeddable":true,"href":"https:\/\/www.tapes-and-more.de\/en\/wp-json\/wp\/v2\/product_tag?post=234488"}],"curies":[{"name":"wp","href":"https:\/\/api.w.org\/{rel}","templated":true}]}}