{"id":234491,"date":"2023-04-21T11:41:31","date_gmt":"2023-04-21T09:41:31","guid":{"rendered":"https:\/\/www.tapes-and-more.de\/?post_type=product&#038;p=234491"},"modified":"2023-11-09T10:58:05","modified_gmt":"2023-11-09T09:58:05","slug":"2177","status":"publish","type":"product","link":"https:\/\/www.tapes-and-more.de\/en\/product-2\/2177\/","title":{"rendered":"PP-Strapping"},"content":{"rendered":"<p>Closing and securing of a wide variety of packaged goods, for securing, bundling, strapping, banding of pipes, strips, lines, cables or metal profiles, weeding of covers.<\/p>\n<h4>Tear-resistant tape for bundling, sealing and securing.<\/h4>","protected":false},"excerpt":{"rendered":"<p>PP strapping tape, evenly unrolling, very tear resistant with low elongation with good resistance to acids and alkalis. It offers good instant adhesion and can be removed from smooth substrates and conventional applications without leaving residues.<\/p>","protected":false},"featured_media":0,"template":"","meta":[],"product_brand":[],"product_cat":[101],"product_tag":[],"class_list":{"0":"post-234491","1":"product","2":"type-product","3":"status-publish","5":"product_cat-verpackungsklebebaender","7":"first","8":"instock","9":"product-type-simple"},"meta_box":{"woo_sort_prod_cloth":"","woo_sort_app":"","woo_sort_branch":"","woo_sort_prod_metal":"","woo_beschreibung-produkt":"Rei\u00dffestes Strapping Band Nr:2177 zum B\u00fcndeln, Verschlie\u00dfen und Sichern und \u00fcberraschend gut wiederabl\u00f6sbar","woo_kurztext":"Rei\u00dffestes Band zum B\u00fcndeln, Verschlie\u00dfen, Sichern","woo_traeger":"MOPP-Folie","woo_tragerstarke":"","woo_gesamtstaerke":"79 \u00b5m","woo_mesh":"","woo_klebertyp":"Naturkautschuk","woo_klebekraft":"4 N\/cm","woo_reissfestigkeit":"180 N\/cm","woo_dehnung":"","woo_temperatur":"80 \u00b0C","woo_durchschlagsfestigkeit":"","woo_durchschlagsspannung":"","woo_wasserundurchlaessig":"","woo_liner":"","woo_kern_typ":".","woo_kern_mm":"76 mm","woo_spec":"","woo_uv_bestaendigkeit":"","woo_laengen":"66 m","woo_breite":"12 mm (weitere auf Anfrage)","woo_farben":"orange"},"_links":{"self":[{"href":"https:\/\/www.tapes-and-more.de\/en\/wp-json\/wp\/v2\/product\/234491","targetHints":{"allow":["GET"]}}],"collection":[{"href":"https:\/\/www.tapes-and-more.de\/en\/wp-json\/wp\/v2\/product"}],"about":[{"href":"https:\/\/www.tapes-and-more.de\/en\/wp-json\/wp\/v2\/types\/product"}],"wp:attachment":[{"href":"https:\/\/www.tapes-and-more.de\/en\/wp-json\/wp\/v2\/media?parent=234491"}],"wp:term":[{"taxonomy":"product_brand","embeddable":true,"href":"https:\/\/www.tapes-and-more.de\/en\/wp-json\/wp\/v2\/product_brand?post=234491"},{"taxonomy":"product_cat","embeddable":true,"href":"https:\/\/www.tapes-and-more.de\/en\/wp-json\/wp\/v2\/product_cat?post=234491"},{"taxonomy":"product_tag","embeddable":true,"href":"https:\/\/www.tapes-and-more.de\/en\/wp-json\/wp\/v2\/product_tag?post=234491"}],"curies":[{"name":"wp","href":"https:\/\/api.w.org\/{rel}","templated":true}]}}