{"id":234492,"date":"2023-04-21T11:41:50","date_gmt":"2023-04-21T09:41:50","guid":{"rendered":"https:\/\/www.tapes-and-more.de\/?post_type=product&#038;p=234492"},"modified":"2023-10-31T11:44:55","modified_gmt":"2023-10-31T10:44:55","slug":"2178","status":"publish","type":"product","link":"https:\/\/www.tapes-and-more.de\/en\/product-2\/2178\/","title":{"rendered":"PP adhesive tape removable"},"content":{"rendered":"<p>Originally developed as a clean removable surface protector for white goods, it is also used as a splicing tape or as an extremely strong packaging tape due to the high shear strength of the adhesive.<\/p>\n<h4>Removable from many surfaces with high tear resistance<\/h4>","protected":false},"excerpt":{"rendered":"<p>Longitudinally stretched, blue polypropylene film backing (MOPP film), coated on one side with a natural rubber-based adhesive that allows clean re-release from many surfaces.<\/p>\n<hr \/>\n<p>A PP strapping tape that is removable from many surfaces.<\/p>","protected":false},"featured_media":0,"template":"","meta":[],"product_brand":[],"product_cat":[101],"product_tag":[],"class_list":{"0":"post-234492","1":"product","2":"type-product","3":"status-publish","5":"product_cat-verpackungsklebebaender","7":"first","8":"instock","9":"product-type-simple"},"meta_box":{"woo_sort_prod_cloth":"","woo_sort_app":"","woo_sort_branch":"","woo_sort_prod_metal":"","woo_beschreibung-produkt":"Von vielen Oberfl\u00e4chen wiederabl\u00f6sbar, Strapping Nr: 2178 profitabel als Oberfl\u00e4chenschutz","woo_kurztext":"Von vielen Oberfl\u00e4chen r\u00fcckstandsfrei abl\u00f6sbar","woo_traeger":"MOPP-Folie","woo_tragerstarke":"85 \u00b5m","woo_gesamtstaerke":"115 \u00b5m","woo_mesh":"","woo_klebertyp":"Kautschuk","woo_klebekraft":"3,5 N\/cm","woo_reissfestigkeit":"300 N\/cm","woo_dehnung":"35 %","woo_temperatur":"- 30 bis 70 \u00b0C","woo_durchschlagsfestigkeit":"","woo_durchschlagsspannung":"","woo_wasserundurchlaessig":"","woo_liner":"","woo_kern_typ":".","woo_kern_mm":"","woo_spec":"Kurzzeitig belastbar bis 120 \u00b0C.","woo_uv_bestaendigkeit":"","woo_laengen":"66 m","woo_breite":"1.250 mm, weitere auf Anfrage","woo_farben":"blau"},"_links":{"self":[{"href":"https:\/\/www.tapes-and-more.de\/en\/wp-json\/wp\/v2\/product\/234492","targetHints":{"allow":["GET"]}}],"collection":[{"href":"https:\/\/www.tapes-and-more.de\/en\/wp-json\/wp\/v2\/product"}],"about":[{"href":"https:\/\/www.tapes-and-more.de\/en\/wp-json\/wp\/v2\/types\/product"}],"wp:attachment":[{"href":"https:\/\/www.tapes-and-more.de\/en\/wp-json\/wp\/v2\/media?parent=234492"}],"wp:term":[{"taxonomy":"product_brand","embeddable":true,"href":"https:\/\/www.tapes-and-more.de\/en\/wp-json\/wp\/v2\/product_brand?post=234492"},{"taxonomy":"product_cat","embeddable":true,"href":"https:\/\/www.tapes-and-more.de\/en\/wp-json\/wp\/v2\/product_cat?post=234492"},{"taxonomy":"product_tag","embeddable":true,"href":"https:\/\/www.tapes-and-more.de\/en\/wp-json\/wp\/v2\/product_tag?post=234492"}],"curies":[{"name":"wp","href":"https:\/\/api.w.org\/{rel}","templated":true}]}}