{"id":234493,"date":"2023-04-21T11:45:51","date_gmt":"2023-04-21T09:45:51","guid":{"rendered":"https:\/\/www.tapes-and-more.de\/?post_type=product&#038;p=234493"},"modified":"2023-10-31T11:38:13","modified_gmt":"2023-10-31T10:38:13","slug":"2179","status":"publish","type":"product","link":"https:\/\/www.tapes-and-more.de\/en\/product-2\/2179\/","title":{"rendered":"PP-Strapping adhesive tape extra strong"},"content":{"rendered":"<p>Bundling and packing of heavy goods, transport securing of plastic parts, glass and painted metals, e.g. for household appliances.<\/p>\n<h4>Extra strong PP strapping tape in premium quality<\/h4>","protected":false},"excerpt":{"rendered":"<p>Lengthwise stretched polypropylene carrier film (MOPP) coated with a well-balanced natural rubber adhesive.<\/p>\n<hr \/>\n<p>PP strapping tape for packaging and securing heavy goods<\/p>","protected":false},"featured_media":0,"template":"","meta":[],"product_brand":[],"product_cat":[101],"product_tag":[],"class_list":{"0":"post-234493","1":"product","2":"type-product","3":"status-publish","5":"product_cat-verpackungsklebebaender","7":"first","8":"instock","9":"product-type-simple"},"meta_box":{"woo_sort_prod_cloth":"","woo_sort_app":"","woo_sort_branch":"","woo_sort_prod_metal":"","woo_beschreibung-produkt":"Premium Strapping Klebeband Nr: 2179 ist Qualit\u00e4t zum Verpacken und Sichern von schweren G\u00fctern","woo_kurztext":"Verpacken und Sichern von schweren G\u00fctern","woo_traeger":"MOPP-Folie","woo_tragerstarke":"115 \u00b5m","woo_gesamtstaerke":"155 \u00b5m","woo_mesh":"","woo_klebertyp":"Kautschuk","woo_klebekraft":"3,5 N\/cm","woo_reissfestigkeit":"375 N\/cm","woo_dehnung":"35 %","woo_temperatur":"- 30 bis 70 \u00b0C","woo_durchschlagsfestigkeit":"","woo_durchschlagsspannung":"","woo_wasserundurchlaessig":"","woo_liner":"","woo_kern_typ":"Pappe","woo_kern_mm":"76 mm","woo_spec":"","woo_uv_bestaendigkeit":"","woo_laengen":"66 m","woo_breite":"1.250 mm, weitere auf Anfrage","woo_farben":"gelb"},"_links":{"self":[{"href":"https:\/\/www.tapes-and-more.de\/en\/wp-json\/wp\/v2\/product\/234493","targetHints":{"allow":["GET"]}}],"collection":[{"href":"https:\/\/www.tapes-and-more.de\/en\/wp-json\/wp\/v2\/product"}],"about":[{"href":"https:\/\/www.tapes-and-more.de\/en\/wp-json\/wp\/v2\/types\/product"}],"wp:attachment":[{"href":"https:\/\/www.tapes-and-more.de\/en\/wp-json\/wp\/v2\/media?parent=234493"}],"wp:term":[{"taxonomy":"product_brand","embeddable":true,"href":"https:\/\/www.tapes-and-more.de\/en\/wp-json\/wp\/v2\/product_brand?post=234493"},{"taxonomy":"product_cat","embeddable":true,"href":"https:\/\/www.tapes-and-more.de\/en\/wp-json\/wp\/v2\/product_cat?post=234493"},{"taxonomy":"product_tag","embeddable":true,"href":"https:\/\/www.tapes-and-more.de\/en\/wp-json\/wp\/v2\/product_tag?post=234493"}],"curies":[{"name":"wp","href":"https:\/\/api.w.org\/{rel}","templated":true}]}}