{"id":234494,"date":"2023-04-21T11:49:34","date_gmt":"2023-04-21T09:49:34","guid":{"rendered":"https:\/\/www.tapes-and-more.de\/?post_type=product&#038;p=234494"},"modified":"2023-10-31T12:02:27","modified_gmt":"2023-10-31T11:02:27","slug":"2185","status":"publish","type":"product","link":"https:\/\/www.tapes-and-more.de\/en\/product-2\/2185\/","title":{"rendered":"Metallised BOPP adhesive tape"},"content":{"rendered":"<p>The thin yet tear-resistant backing enables visually appealing bonding in the field of heating, sanitary and air-conditioning technology.<\/p>\n<h4>Silver metallised adhesive tape with long-lasting acrylic adhesive<\/h4>","protected":false},"excerpt":{"rendered":"<p>Metallised, biaxially stretched polypropylene film with high water vapour impermeability, coated with an ageing-resistant acrylic adhesive.<\/p>","protected":false},"featured_media":0,"template":"","meta":[],"product_brand":[],"product_cat":[106],"product_tag":[],"class_list":{"0":"post-234494","1":"product","2":"type-product","3":"status-publish","5":"product_cat-technischeklebebaender","7":"first","8":"instock","9":"product-type-simple"},"meta_box":{"woo_sort_prod_cloth":"","woo_sort_app":"","woo_sort_branch":"","woo_sort_prod_metal":"","woo_beschreibung-produkt":"BOPP-Klebeband metallisiert ist sicherlich die Nr: 1 f\u00fcr Verklebungen im Bereich Heizung, Sanit\u00e4r, Klima","woo_kurztext":"Verklebungen im Bereich Heizung, Sanit\u00e4r, Klima","woo_traeger":"BOPP-Folie","woo_tragerstarke":"30 \u00b5m","woo_gesamtstaerke":"50 \u00b5m","woo_mesh":"","woo_klebertyp":"Acrylat LM","woo_klebekraft":"3 N\/cm","woo_reissfestigkeit":"40 N\/cm","woo_dehnung":"160 %","woo_temperatur":"80 \u00b0C","woo_durchschlagsfestigkeit":"","woo_durchschlagsspannung":"","woo_wasserundurchlaessig":"Ja","woo_liner":"","woo_kern_typ":"Pappe","woo_kern_mm":"76 mm","woo_spec":"Wasserdampfdurchl\u00e4ssigkeit unter 1 g \/ m\u00b2 \/ 24 h","woo_uv_bestaendigkeit":"","woo_laengen":"50 m","woo_breite":"50 mm (weitere auf Anfrage)","woo_farben":"silber"},"_links":{"self":[{"href":"https:\/\/www.tapes-and-more.de\/en\/wp-json\/wp\/v2\/product\/234494","targetHints":{"allow":["GET"]}}],"collection":[{"href":"https:\/\/www.tapes-and-more.de\/en\/wp-json\/wp\/v2\/product"}],"about":[{"href":"https:\/\/www.tapes-and-more.de\/en\/wp-json\/wp\/v2\/types\/product"}],"wp:attachment":[{"href":"https:\/\/www.tapes-and-more.de\/en\/wp-json\/wp\/v2\/media?parent=234494"}],"wp:term":[{"taxonomy":"product_brand","embeddable":true,"href":"https:\/\/www.tapes-and-more.de\/en\/wp-json\/wp\/v2\/product_brand?post=234494"},{"taxonomy":"product_cat","embeddable":true,"href":"https:\/\/www.tapes-and-more.de\/en\/wp-json\/wp\/v2\/product_cat?post=234494"},{"taxonomy":"product_tag","embeddable":true,"href":"https:\/\/www.tapes-and-more.de\/en\/wp-json\/wp\/v2\/product_tag?post=234494"}],"curies":[{"name":"wp","href":"https:\/\/api.w.org\/{rel}","templated":true}]}}