{"id":234496,"date":"2023-04-21T12:23:40","date_gmt":"2023-04-21T10:23:40","guid":{"rendered":"https:\/\/www.tapes-and-more.de\/?post_type=product&#038;p=234496"},"modified":"2023-11-02T09:21:53","modified_gmt":"2023-11-02T08:21:53","slug":"2235","status":"publish","type":"product","link":"https:\/\/www.tapes-and-more.de\/en\/product-2\/2235\/","title":{"rendered":"PVC packing tape"},"content":{"rendered":"<p>Universal packaging tape for medium-weight packaging suitable for all common cardboard surfaces.<\/p>\n<h4>PVC packing tape the classic for high demands<\/h4>","protected":false},"excerpt":{"rendered":"<p>High quality PVC packing tape. Easy unwinding with excellent stretch properties. This premium universal tape is ideally suited for both machine and hand application.<\/p>","protected":false},"featured_media":235137,"template":"","meta":[],"product_brand":[],"product_cat":[117,119,166,199,124,125,101],"product_tag":[],"class_list":{"0":"post-234496","1":"product","2":"type-product","3":"status-publish","4":"has-post-thumbnail","6":"product_cat-buendeln","7":"product_cat-fixieren","8":"product_cat-folie-handel","9":"product_cat-folie-veranstaltungstechnik","10":"product_cat-spleissen","11":"product_cat-verpacken","12":"product_cat-verpackungsklebebaender","14":"first","15":"instock","16":"product-type-simple"},"meta_box":{"woo_sort_prod_cloth":"","woo_sort_app":"","woo_sort_branch":"","woo_sort_prod_metal":"","woo_beschreibung-produkt":"PVC-Packband Nr: 2235 ist leicht abzurollen, der Klassiker f\u00fcr hohe Anspr\u00fcche","woo_kurztext":"Packband-Klassiker f\u00fcr hohe Anspr\u00fcche","woo_traeger":"Hart PVC-Folie","woo_tragerstarke":"33 \u00b5m","woo_gesamtstaerke":"55 \u00b5m","woo_mesh":"","woo_klebertyp":"Naturkautschuk","woo_klebekraft":"1,1 N\/cm","woo_reissfestigkeit":"25 N\/cm","woo_dehnung":"140 %","woo_temperatur":"90 \u00b0C","woo_durchschlagsfestigkeit":"","woo_durchschlagsspannung":"","woo_wasserundurchlaessig":"","woo_liner":"","woo_kern_typ":".","woo_kern_mm":"","woo_spec":"Die wei\u00dfe und die braune Variante haben eine Klebkraft von 1,8 N\/cm","woo_uv_bestaendigkeit":"","woo_laengen":"66 m","woo_breite":"50 mm","woo_farben":"transparent, braun und wei\u00df"},"_links":{"self":[{"href":"https:\/\/www.tapes-and-more.de\/en\/wp-json\/wp\/v2\/product\/234496","targetHints":{"allow":["GET"]}}],"collection":[{"href":"https:\/\/www.tapes-and-more.de\/en\/wp-json\/wp\/v2\/product"}],"about":[{"href":"https:\/\/www.tapes-and-more.de\/en\/wp-json\/wp\/v2\/types\/product"}],"wp:featuredmedia":[{"embeddable":true,"href":"https:\/\/www.tapes-and-more.de\/en\/wp-json\/wp\/v2\/media\/235137"}],"wp:attachment":[{"href":"https:\/\/www.tapes-and-more.de\/en\/wp-json\/wp\/v2\/media?parent=234496"}],"wp:term":[{"taxonomy":"product_brand","embeddable":true,"href":"https:\/\/www.tapes-and-more.de\/en\/wp-json\/wp\/v2\/product_brand?post=234496"},{"taxonomy":"product_cat","embeddable":true,"href":"https:\/\/www.tapes-and-more.de\/en\/wp-json\/wp\/v2\/product_cat?post=234496"},{"taxonomy":"product_tag","embeddable":true,"href":"https:\/\/www.tapes-and-more.de\/en\/wp-json\/wp\/v2\/product_tag?post=234496"}],"curies":[{"name":"wp","href":"https:\/\/api.w.org\/{rel}","templated":true}]}}