{"id":234501,"date":"2023-04-21T12:42:51","date_gmt":"2023-04-21T10:42:51","guid":{"rendered":"https:\/\/www.tapes-and-more.de\/?post_type=product&#038;p=234501"},"modified":"2023-11-02T09:44:34","modified_gmt":"2023-11-02T08:44:34","slug":"2296","status":"publish","type":"product","link":"https:\/\/www.tapes-and-more.de\/en\/product-2\/2296\/","title":{"rendered":"Safety Tape"},"content":{"rendered":"<p>Ideal for preventing accidents on low-adhesion surfaces and for securing steps and landings. Examples: Stairs, smooth floor coverings (stone, tiles, screed\/storage floors) and of course in sanitary areas.<\/p>\n<h4>Safety Tape for finishing smooth floors<\/h4>","protected":false},"excerpt":{"rendered":"<p>Soft PVC backing film with special anti-slip surface coating (sandpaper-like). The highly aggressive solvent-based acrylic adhesive is suitable for permanent bonding, even on problematic substrates.<\/p>\n<hr \/>\n<p>Safety tape ideal for slip protection<\/p>","protected":false},"featured_media":235153,"template":"","meta":[],"product_brand":[],"product_cat":[146,177,199,121,105,123],"product_tag":[],"class_list":{"0":"post-234501","1":"product","2":"type-product","3":"status-publish","4":"has-post-thumbnail","6":"product_cat-folie-bau","7":"product_cat-folie-messebau","8":"product_cat-folie-veranstaltungstechnik","9":"product_cat-markieren","10":"product_cat-markierungs_warn_und_sicherheitsklebebaender","11":"product_cat-sichern","13":"first","14":"instock","15":"product-type-simple"},"meta_box":{"woo_sort_prod_cloth":"","woo_sort_app":"","woo_sort_branch":"","woo_sort_prod_metal":"","woo_beschreibung-produkt":"Safety Tape Nr: 2296 zur Ausr\u00fcstung von glatten B\u00f6den - kein Risiko auf glatten Oberfl\u00e4chen","woo_kurztext":"Anti-Rutsch-Oberfl\u00e4che, Ausr\u00fcstung von glatten B\u00f6den","woo_traeger":"Weich-PVC-Folie","woo_tragerstarke":"","woo_gesamtstaerke":"950 \u00b5m","woo_mesh":"","woo_klebertyp":"Acrylat LM","woo_klebekraft":"5,8 N\/cm","woo_reissfestigkeit":"23 N\/cm","woo_dehnung":"25 %","woo_temperatur":"- 5 \u00b0 bis 50 \u00b0C","woo_durchschlagsfestigkeit":"","woo_durchschlagsspannung":"","woo_wasserundurchlaessig":"","woo_liner":"Papier, wei\u00df","woo_kern_typ":"Pappe","woo_kern_mm":"76 mm","woo_spec":"Rutschsicherheitswert R13 >35\u00b0. \u00d6l- und feuchtigkeitsbest\u00e4ndig.","woo_uv_bestaendigkeit":"","woo_laengen":"18 m","woo_breite":"50 mm","woo_farben":"rot, gr\u00fcn, gelb\/schwarz, phosphor und weitere"},"_links":{"self":[{"href":"https:\/\/www.tapes-and-more.de\/en\/wp-json\/wp\/v2\/product\/234501","targetHints":{"allow":["GET"]}}],"collection":[{"href":"https:\/\/www.tapes-and-more.de\/en\/wp-json\/wp\/v2\/product"}],"about":[{"href":"https:\/\/www.tapes-and-more.de\/en\/wp-json\/wp\/v2\/types\/product"}],"wp:featuredmedia":[{"embeddable":true,"href":"https:\/\/www.tapes-and-more.de\/en\/wp-json\/wp\/v2\/media\/235153"}],"wp:attachment":[{"href":"https:\/\/www.tapes-and-more.de\/en\/wp-json\/wp\/v2\/media?parent=234501"}],"wp:term":[{"taxonomy":"product_brand","embeddable":true,"href":"https:\/\/www.tapes-and-more.de\/en\/wp-json\/wp\/v2\/product_brand?post=234501"},{"taxonomy":"product_cat","embeddable":true,"href":"https:\/\/www.tapes-and-more.de\/en\/wp-json\/wp\/v2\/product_cat?post=234501"},{"taxonomy":"product_tag","embeddable":true,"href":"https:\/\/www.tapes-and-more.de\/en\/wp-json\/wp\/v2\/product_tag?post=234501"}],"curies":[{"name":"wp","href":"https:\/\/api.w.org\/{rel}","templated":true}]}}