{"id":234503,"date":"2023-04-21T12:50:18","date_gmt":"2023-04-21T10:50:18","guid":{"rendered":"https:\/\/www.tapes-and-more.de\/?post_type=product&#038;p=234503"},"modified":"2023-11-02T09:49:28","modified_gmt":"2023-11-02T08:49:28","slug":"2297","status":"publish","type":"product","link":"https:\/\/www.tapes-and-more.de\/en\/product-2\/2297\/","title":{"rendered":"Safety Tape \"AQUA"},"content":{"rendered":"<p>As no anti-slip particles are used, Safety Tape \"AQUA\" is excellent for all damp and wet areas that are also used barefoot, such as shower trays, pool steps and boat decks.<\/p>\n<h4>Anti-slip AQUA-Safety-Tape<\/h4>","protected":false},"excerpt":{"rendered":"<p>Heavily textured PVC backing film that gets its anti-slip properties, even when wet, from the special embossing. The film is coated with a highly adhesive acrylate adhesive covered with a strong liner.<\/p>\n<hr \/>\n<p>Safety Tape &#8220;AQUA&#8221; f\u00fcr feuchte Umgebung<\/p>","protected":false},"featured_media":235153,"template":"","meta":[],"product_brand":[],"product_cat":[105],"product_tag":[],"class_list":{"0":"post-234503","1":"product","2":"type-product","3":"status-publish","4":"has-post-thumbnail","6":"product_cat-markierungs_warn_und_sicherheitsklebebaender","8":"first","9":"instock","10":"product-type-simple"},"meta_box":{"woo_sort_prod_cloth":"","woo_sort_app":"","woo_sort_branch":"","woo_sort_prod_metal":"","woo_beschreibung-produkt":"Safety Tape AQUA Nr:2297, speziell f\u00fcr feuchte und nasse Umgebung","woo_kurztext":"Anti-Rutsch-Oberfl\u00e4che, speziell f\u00fcr feuchte und nasse Umgebung","woo_traeger":"gepr\u00e4gte PVC-Folie","woo_tragerstarke":"","woo_gesamtstaerke":"820 \u00b5m","woo_mesh":"","woo_klebertyp":"Acrylat LM","woo_klebekraft":"5,8 N\/cm","woo_reissfestigkeit":"60 N\/cm","woo_dehnung":"50 %","woo_temperatur":"- 5 \u00b0 bis 50 \u00b0C","woo_durchschlagsfestigkeit":"","woo_durchschlagsspannung":"","woo_wasserundurchlaessig":"","woo_liner":"Papier, wei\u00df, 150 g","woo_kern_typ":"Pappe","woo_kern_mm":"76 mm","woo_spec":"","woo_uv_bestaendigkeit":"","woo_laengen":"18 m und 50 m","woo_breite":"25, 50 und 100 mm (weitere Breiten auf Anfrage)","woo_farben":"wei\u00df-transluzent"},"_links":{"self":[{"href":"https:\/\/www.tapes-and-more.de\/en\/wp-json\/wp\/v2\/product\/234503","targetHints":{"allow":["GET"]}}],"collection":[{"href":"https:\/\/www.tapes-and-more.de\/en\/wp-json\/wp\/v2\/product"}],"about":[{"href":"https:\/\/www.tapes-and-more.de\/en\/wp-json\/wp\/v2\/types\/product"}],"wp:featuredmedia":[{"embeddable":true,"href":"https:\/\/www.tapes-and-more.de\/en\/wp-json\/wp\/v2\/media\/235153"}],"wp:attachment":[{"href":"https:\/\/www.tapes-and-more.de\/en\/wp-json\/wp\/v2\/media?parent=234503"}],"wp:term":[{"taxonomy":"product_brand","embeddable":true,"href":"https:\/\/www.tapes-and-more.de\/en\/wp-json\/wp\/v2\/product_brand?post=234503"},{"taxonomy":"product_cat","embeddable":true,"href":"https:\/\/www.tapes-and-more.de\/en\/wp-json\/wp\/v2\/product_cat?post=234503"},{"taxonomy":"product_tag","embeddable":true,"href":"https:\/\/www.tapes-and-more.de\/en\/wp-json\/wp\/v2\/product_tag?post=234503"}],"curies":[{"name":"wp","href":"https:\/\/api.w.org\/{rel}","templated":true}]}}