{"id":234519,"date":"2023-04-25T07:07:13","date_gmt":"2023-04-25T05:07:13","guid":{"rendered":"https:\/\/www.tapes-and-more.de\/?post_type=product&#038;p=234519"},"modified":"2023-11-02T09:56:38","modified_gmt":"2023-11-02T08:56:38","slug":"2298","status":"publish","type":"product","link":"https:\/\/www.tapes-and-more.de\/en\/product-2\/2298\/","title":{"rendered":"Safety Tape"},"content":{"rendered":"<p>This anti-slip adhesive tape is used on difficult surfaces and ensures a high level of safety against slipping.<\/p>\n<h4>Safety Tape Alu is the anti-slip version for the most difficult surfaces.<\/h4>","protected":false},"excerpt":{"rendered":"<p>Black anti-slip adhesive tape with high adhesive strength. The highly conformable aluminium foil also allows bonding on rough surfaces and is coated with a very strong, solvent-based acrylic adhesive.<\/p>","protected":false},"featured_media":235146,"template":"","meta":[],"product_brand":[],"product_cat":[105],"product_tag":[],"class_list":{"0":"post-234519","1":"product","2":"type-product","3":"status-publish","4":"has-post-thumbnail","6":"product_cat-markierungs_warn_und_sicherheitsklebebaender","8":"first","9":"instock","10":"product-type-simple"},"meta_box":{"woo_sort_prod_cloth":"","woo_sort_app":"","woo_sort_branch":"","woo_sort_prod_metal":"","woo_beschreibung-produkt":"Safety Tape Alu Nr: 2298 ist die Anti-Rutsch Variante f\u00fcr schwierigste Oberfl\u00e4chen, serh anpassbar durch zus\u00e4tzliche Aluminiumfolie","woo_kurztext":"F\u00fcr schwierigste Oberfl\u00e4chen, sehr anpassungsf\u00e4hig","woo_traeger":"Aluminium-Folie","woo_tragerstarke":"","woo_gesamtstaerke":"1100 \u00b5m","woo_mesh":"","woo_klebertyp":"Acrylat LM","woo_klebekraft":"5,8 N\/cm","woo_reissfestigkeit":"50 N\/cm","woo_dehnung":"12 %","woo_temperatur":"- 5 \u00b0 bis 50 \u00b0C","woo_durchschlagsfestigkeit":"","woo_durchschlagsspannung":"","woo_wasserundurchlaessig":"","woo_liner":"","woo_kern_typ":"Pappe","woo_kern_mm":"76 mm","woo_spec":"","woo_uv_bestaendigkeit":"","woo_laengen":"18 m","woo_breite":"50 mm","woo_farben":"schwarz"},"_links":{"self":[{"href":"https:\/\/www.tapes-and-more.de\/en\/wp-json\/wp\/v2\/product\/234519","targetHints":{"allow":["GET"]}}],"collection":[{"href":"https:\/\/www.tapes-and-more.de\/en\/wp-json\/wp\/v2\/product"}],"about":[{"href":"https:\/\/www.tapes-and-more.de\/en\/wp-json\/wp\/v2\/types\/product"}],"wp:featuredmedia":[{"embeddable":true,"href":"https:\/\/www.tapes-and-more.de\/en\/wp-json\/wp\/v2\/media\/235146"}],"wp:attachment":[{"href":"https:\/\/www.tapes-and-more.de\/en\/wp-json\/wp\/v2\/media?parent=234519"}],"wp:term":[{"taxonomy":"product_brand","embeddable":true,"href":"https:\/\/www.tapes-and-more.de\/en\/wp-json\/wp\/v2\/product_brand?post=234519"},{"taxonomy":"product_cat","embeddable":true,"href":"https:\/\/www.tapes-and-more.de\/en\/wp-json\/wp\/v2\/product_cat?post=234519"},{"taxonomy":"product_tag","embeddable":true,"href":"https:\/\/www.tapes-and-more.de\/en\/wp-json\/wp\/v2\/product_tag?post=234519"}],"curies":[{"name":"wp","href":"https:\/\/api.w.org\/{rel}","templated":true}]}}