{"id":234520,"date":"2023-04-25T07:08:57","date_gmt":"2023-04-25T05:08:57","guid":{"rendered":"https:\/\/www.tapes-and-more.de\/?post_type=product&#038;p=234520"},"modified":"2023-11-09T10:57:31","modified_gmt":"2023-11-09T09:57:31","slug":"2435","status":"publish","type":"product","link":"https:\/\/www.tapes-and-more.de\/en\/product-2\/2435\/","title":{"rendered":"Polyester masking tape, 23 \u00b5"},"content":{"rendered":"<p>Highly heat-resistant adhesive tape with good adhesive properties, ideally suited for use as electrical tape. Also frequently used for splicing work of all kinds.<\/p>\n<h4>Polyester masking tape with rubber adhesive<\/h4>","protected":false},"excerpt":{"rendered":"<p>Very thin and conformable polyester adhesive tape (1 mil film thickness) with thermosetting rubber adhesive and UL approval.<\/p>","protected":false},"featured_media":0,"template":"","meta":[],"product_brand":[],"product_cat":[102,154,161,186,120],"product_tag":[],"class_list":{"0":"post-234520","1":"product","2":"type-product","3":"status-publish","5":"product_cat-abdeckklebebaender","6":"product_cat-folie-elektro-_und_kabelindustrie","7":"product_cat-folie-elektronikindustrie","8":"product_cat-folie-maschinen-_und_anlagenbau","9":"product_cat-isolieren","11":"first","12":"instock","13":"product-type-simple"},"meta_box":{"woo_sort_prod_cloth":"","woo_sort_app":"","woo_sort_branch":"","woo_sort_prod_metal":"","woo_beschreibung-produkt":"Polyester-Abdeckband mit Kautschukkleber Nr: 2435 - Sehr rei\u00dffest und temperaturbest\u00e4ndig, mit sehr hoher Klebkraft","woo_kurztext":"Sehr rei\u00dffest und temperaturbest\u00e4ndig, mit sehr hoher Klebkraft","woo_traeger":"PET-Folie","woo_tragerstarke":"23 \u00b5m","woo_gesamtstaerke":"60 \u00b5m","woo_mesh":"","woo_klebertyp":"Kautschuk w\u00e4rmeh\u00e4rtend","woo_klebekraft":"5 N\/cm","woo_reissfestigkeit":"40 N\/cm","woo_dehnung":"90 %","woo_temperatur":"130 \u00b0C","woo_durchschlagsfestigkeit":"","woo_durchschlagsspannung":"","woo_wasserundurchlaessig":"","woo_liner":"","woo_kern_typ":".","woo_kern_mm":"","woo_spec":"UL-Zulassung","woo_uv_bestaendigkeit":"","woo_laengen":"66 m","woo_breite":"19, 25, 30, 38, 50 mm (weitere auf Anfrage)","woo_farben":"hellgelb. Sonderfarben: tiefgelb und transparent"},"_links":{"self":[{"href":"https:\/\/www.tapes-and-more.de\/en\/wp-json\/wp\/v2\/product\/234520","targetHints":{"allow":["GET"]}}],"collection":[{"href":"https:\/\/www.tapes-and-more.de\/en\/wp-json\/wp\/v2\/product"}],"about":[{"href":"https:\/\/www.tapes-and-more.de\/en\/wp-json\/wp\/v2\/types\/product"}],"wp:attachment":[{"href":"https:\/\/www.tapes-and-more.de\/en\/wp-json\/wp\/v2\/media?parent=234520"}],"wp:term":[{"taxonomy":"product_brand","embeddable":true,"href":"https:\/\/www.tapes-and-more.de\/en\/wp-json\/wp\/v2\/product_brand?post=234520"},{"taxonomy":"product_cat","embeddable":true,"href":"https:\/\/www.tapes-and-more.de\/en\/wp-json\/wp\/v2\/product_cat?post=234520"},{"taxonomy":"product_tag","embeddable":true,"href":"https:\/\/www.tapes-and-more.de\/en\/wp-json\/wp\/v2\/product_tag?post=234520"}],"curies":[{"name":"wp","href":"https:\/\/api.w.org\/{rel}","templated":true}]}}