{"id":234533,"date":"2023-04-26T07:49:08","date_gmt":"2023-04-26T05:49:08","guid":{"rendered":"https:\/\/www.tapes-and-more.de\/?post_type=product&#038;p=234533"},"modified":"2023-10-18T10:07:42","modified_gmt":"2023-10-18T08:07:42","slug":"2485","status":"publish","type":"product","link":"https:\/\/www.tapes-and-more.de\/en\/product-2\/2485\/","title":{"rendered":"Filament Tape - Premium"},"content":{"rendered":"<p>Ideal for cable bundling in the high and medium voltage range as well as for all industrial applications with heavy loads. The black polyester film provides high UV resistance. Also suitable for outdoor use.<\/p>\n<h4>PET Filament Tape Premium in black<\/h4>","protected":false},"excerpt":{"rendered":"<p>Black, UV-resistant adhesive tape with polyester backing reinforced with glass fibres in the longitudinal direction, equipped with a natural rubber adhesive.<\/p>\n<hr \/>\n<p>PET Filament Adhesive Tape Premium<\/p>","protected":false},"featured_media":235162,"template":"","meta":[],"product_brand":[],"product_cat":[117,119,146,154,151,348,349,354,125,101],"product_tag":[],"class_list":{"0":"post-234533","1":"product","2":"type-product","3":"status-publish","4":"has-post-thumbnail","6":"product_cat-buendeln","7":"product_cat-fixieren","8":"product_cat-folie-bau","9":"product_cat-folie-elektro-_und_kabelindustrie","10":"product_cat-spezial-bau","11":"product_cat-spezial-buendeln","12":"product_cat-spezial-fixieren","13":"product_cat-spezial-verpacken","14":"product_cat-verpacken","15":"product_cat-verpackungsklebebaender","17":"first","18":"instock","19":"product-type-simple"},"meta_box":{"woo_sort_prod_cloth":"","woo_sort_app":"","woo_sort_branch":"","woo_sort_prod_metal":"","woo_beschreibung-produkt":"PET-Filamentklebeband Premiumklasse Nr: 2485, perfekt zur Kabelb\u00fcndelung oder schweren Lasten","woo_kurztext":"Hohe UV-Best\u00e4ndigkeit, sehr robust und rei\u00dffest","woo_traeger":"glasfaserverst\u00e4rkte PET-Folie","woo_tragerstarke":"","woo_gesamtstaerke":"200 \u00b5m","woo_mesh":"","woo_klebertyp":"Kautschuk","woo_klebekraft":"4 N\/cm","woo_reissfestigkeit":"580 N\/cm","woo_dehnung":"4,5 %","woo_temperatur":"","woo_durchschlagsfestigkeit":"","woo_durchschlagsspannung":"","woo_wasserundurchlaessig":"","woo_liner":"","woo_kern_typ":"Pappe","woo_kern_mm":"76 mm","woo_spec":"Auch in 19 mm x 20 m auf 1\"-Kern erh\u00e4ltlich.","woo_uv_bestaendigkeit":"","woo_laengen":"55 m","woo_breite":"24 und 48 mm","woo_farben":"schwarz"},"_links":{"self":[{"href":"https:\/\/www.tapes-and-more.de\/en\/wp-json\/wp\/v2\/product\/234533","targetHints":{"allow":["GET"]}}],"collection":[{"href":"https:\/\/www.tapes-and-more.de\/en\/wp-json\/wp\/v2\/product"}],"about":[{"href":"https:\/\/www.tapes-and-more.de\/en\/wp-json\/wp\/v2\/types\/product"}],"wp:featuredmedia":[{"embeddable":true,"href":"https:\/\/www.tapes-and-more.de\/en\/wp-json\/wp\/v2\/media\/235162"}],"wp:attachment":[{"href":"https:\/\/www.tapes-and-more.de\/en\/wp-json\/wp\/v2\/media?parent=234533"}],"wp:term":[{"taxonomy":"product_brand","embeddable":true,"href":"https:\/\/www.tapes-and-more.de\/en\/wp-json\/wp\/v2\/product_brand?post=234533"},{"taxonomy":"product_cat","embeddable":true,"href":"https:\/\/www.tapes-and-more.de\/en\/wp-json\/wp\/v2\/product_cat?post=234533"},{"taxonomy":"product_tag","embeddable":true,"href":"https:\/\/www.tapes-and-more.de\/en\/wp-json\/wp\/v2\/product_tag?post=234533"}],"curies":[{"name":"wp","href":"https:\/\/api.w.org\/{rel}","templated":true}]}}