{"id":234534,"date":"2023-04-26T07:53:52","date_gmt":"2023-04-26T05:53:52","guid":{"rendered":"https:\/\/www.tapes-and-more.de\/?post_type=product&#038;p=234534"},"modified":"2023-11-09T10:40:12","modified_gmt":"2023-11-09T09:40:12","slug":"2486","status":"publish","type":"product","link":"https:\/\/www.tapes-and-more.de\/en\/product-2\/2486\/","title":{"rendered":"PET Filament Tape Special"},"content":{"rendered":"<p>Ideal for cable bundling in the high and medium voltage range as well as for all industrial applications with heavy loads. The polyester film allows for high ageing resistance.<\/p>\n<h4>Glass-fibre reinforced PET film special<\/h4>","protected":false},"excerpt":{"rendered":"<p>High-strength polyester film, longitudinally reinforced with glass fibres, coated with a cross-linked natural rubber adhesive.<\/p>\n<hr \/>\n<p>PET Filament Adhesive Tape Special is a glass fibre reinforced PET film<\/p>","protected":false},"featured_media":235163,"template":"","meta":[],"product_brand":[],"product_cat":[117,119,154,125],"product_tag":[],"class_list":{"0":"post-234534","1":"product","2":"type-product","3":"status-publish","4":"has-post-thumbnail","6":"product_cat-buendeln","7":"product_cat-fixieren","8":"product_cat-folie-elektro-_und_kabelindustrie","9":"product_cat-verpacken","11":"first","12":"instock","13":"product-type-simple"},"meta_box":{"woo_sort_prod_cloth":"","woo_sort_app":"","woo_sort_branch":"","woo_sort_prod_metal":"","woo_beschreibung-produkt":"Glasfaserverst\u00e4rkte PET-Folie mit Kautschukkleber Nr:2486 - Qualit\u00e4t f\u00fcr alle schweren Belastungen","woo_kurztext":"","woo_traeger":"glasfaserverst\u00e4rkte PET-Folie","woo_tragerstarke":"","woo_gesamtstaerke":"240 \u00b5m","woo_mesh":"","woo_klebertyp":"Kautschuk","woo_klebekraft":"4,4 N\/cm","woo_reissfestigkeit":"650 N\/cm","woo_dehnung":"4 %","woo_temperatur":"90 \u00b0C","woo_durchschlagsfestigkeit":"","woo_durchschlagsspannung":"","woo_wasserundurchlaessig":"","woo_liner":"","woo_kern_typ":"Pappe","woo_kern_mm":"76 mm","woo_spec":"ASTM D5330, TYPE II (Standard Specification for Pressure-Sensitive Tape for Packaging 2012) sowie der American Army Specification: PPP-T-97E, Type II Class B.","woo_uv_bestaendigkeit":"","woo_laengen":"55 m","woo_breite":"25 mm (weitere auf Anfrage)","woo_farben":"transparent"},"_links":{"self":[{"href":"https:\/\/www.tapes-and-more.de\/en\/wp-json\/wp\/v2\/product\/234534","targetHints":{"allow":["GET"]}}],"collection":[{"href":"https:\/\/www.tapes-and-more.de\/en\/wp-json\/wp\/v2\/product"}],"about":[{"href":"https:\/\/www.tapes-and-more.de\/en\/wp-json\/wp\/v2\/types\/product"}],"wp:featuredmedia":[{"embeddable":true,"href":"https:\/\/www.tapes-and-more.de\/en\/wp-json\/wp\/v2\/media\/235163"}],"wp:attachment":[{"href":"https:\/\/www.tapes-and-more.de\/en\/wp-json\/wp\/v2\/media?parent=234534"}],"wp:term":[{"taxonomy":"product_brand","embeddable":true,"href":"https:\/\/www.tapes-and-more.de\/en\/wp-json\/wp\/v2\/product_brand?post=234534"},{"taxonomy":"product_cat","embeddable":true,"href":"https:\/\/www.tapes-and-more.de\/en\/wp-json\/wp\/v2\/product_cat?post=234534"},{"taxonomy":"product_tag","embeddable":true,"href":"https:\/\/www.tapes-and-more.de\/en\/wp-json\/wp\/v2\/product_tag?post=234534"}],"curies":[{"name":"wp","href":"https:\/\/api.w.org\/{rel}","templated":true}]}}