{"id":234539,"date":"2023-04-26T08:16:20","date_gmt":"2023-04-26T06:16:20","guid":{"rendered":"https:\/\/www.tapes-and-more.de\/?post_type=product&#038;p=234539"},"modified":"2023-11-03T07:43:49","modified_gmt":"2023-11-03T06:43:49","slug":"2562","status":"publish","type":"product","link":"https:\/\/www.tapes-and-more.de\/en\/product-2\/2562\/","title":{"rendered":"PE protective film 40 \u00b5m"},"content":{"rendered":"<p>When used properly, the film can be removed without leaving any residue. The product is especially suitable for: Smooth plastic sheets (PVC, PC, melamine), smooth metals, painted sheets, stainless steel, brass and anodised aluminium (anodising).<\/p>\n<p>&nbsp;<\/p>","protected":false},"excerpt":{"rendered":"<p>Protective film for sensitive surfaces to protect against soiling and damage during storage, transport and processing. The polyethylene backing film is coated with a solvent-based acrylate adhesive.<\/p>","protected":false},"featured_media":0,"template":"","meta":[],"product_brand":[],"product_cat":[104],"product_tag":[],"class_list":{"0":"post-234539","1":"product","2":"type-product","3":"status-publish","5":"product_cat-oberflaechenschutzfolien","7":"first","8":"instock","9":"product-type-simple"},"meta_box":{"woo_sort_prod_cloth":"","woo_sort_app":"","woo_sort_branch":"","woo_sort_prod_metal":"","woo_beschreibung-produkt":"PE Schutzfolie ECO Nr: 2562, die universelle Schutzfolie f\u00fcr viele Anwendungen","woo_kurztext":"Die universelle Schutzfolie f\u00fcr viele Anwendungen","woo_traeger":"PE-Folie","woo_tragerstarke":"","woo_gesamtstaerke":"40 \u00b5m","woo_mesh":"","woo_klebertyp":"Acrylat LM","woo_klebekraft":"1,1 N\/cm","woo_reissfestigkeit":"","woo_dehnung":"","woo_temperatur":"","woo_durchschlagsfestigkeit":"","woo_durchschlagsspannung":"","woo_wasserundurchlaessig":"","woo_liner":"","woo_kern_typ":"Pappe","woo_kern_mm":"76 mm","woo_spec":"Gut gegen N\u00e4sse - M\u00e4\u00dfig gegen \u00d6le und L\u00f6semittel - Niedrige UV-Best\u00e4ndigkeit","woo_uv_bestaendigkeit":"nein","woo_laengen":"auf Anfrage","woo_breite":"auf Anfrage","woo_farben":"transparent"},"_links":{"self":[{"href":"https:\/\/www.tapes-and-more.de\/en\/wp-json\/wp\/v2\/product\/234539","targetHints":{"allow":["GET"]}}],"collection":[{"href":"https:\/\/www.tapes-and-more.de\/en\/wp-json\/wp\/v2\/product"}],"about":[{"href":"https:\/\/www.tapes-and-more.de\/en\/wp-json\/wp\/v2\/types\/product"}],"wp:attachment":[{"href":"https:\/\/www.tapes-and-more.de\/en\/wp-json\/wp\/v2\/media?parent=234539"}],"wp:term":[{"taxonomy":"product_brand","embeddable":true,"href":"https:\/\/www.tapes-and-more.de\/en\/wp-json\/wp\/v2\/product_brand?post=234539"},{"taxonomy":"product_cat","embeddable":true,"href":"https:\/\/www.tapes-and-more.de\/en\/wp-json\/wp\/v2\/product_cat?post=234539"},{"taxonomy":"product_tag","embeddable":true,"href":"https:\/\/www.tapes-and-more.de\/en\/wp-json\/wp\/v2\/product_tag?post=234539"}],"curies":[{"name":"wp","href":"https:\/\/api.w.org\/{rel}","templated":true}]}}