{"id":234542,"date":"2023-04-26T12:22:53","date_gmt":"2023-04-26T10:22:53","guid":{"rendered":"https:\/\/www.tapes-and-more.de\/?post_type=product&#038;p=234542"},"modified":"2023-11-03T08:08:19","modified_gmt":"2023-11-03T07:08:19","slug":"2567","status":"publish","type":"product","link":"https:\/\/www.tapes-and-more.de\/en\/product-2\/2567\/","title":{"rendered":"PE glass protection film extra strong"},"content":{"rendered":"<p>Suitable for smooth and slightly textured metallic surfaces, aluminium (anodised, brushed and glossy), stainless steel (brushed and glossy), lacquered and powder-coated surfaces as well as for glass and also coated glass surfaces.<\/p>\n<h4>The glass protection film is suitable for outdoor use for up to 3 months in Central European climate conditions.<\/h4>","protected":false},"excerpt":{"rendered":"<p>Polyethylene protection film extra strong with highly cross-linked and limited UV-resistant acrylate adhesive for applications where high protection with residue-free removability is required.<\/p>\n<hr \/>\n<p>PE glass protection film extra strong is particularly suitable for glass surfaces<\/p>","protected":false},"featured_media":0,"template":"","meta":[],"product_brand":[],"product_cat":[104],"product_tag":[],"class_list":{"0":"post-234542","1":"product","2":"type-product","3":"status-publish","5":"product_cat-oberflaechenschutzfolien","7":"first","8":"instock","9":"product-type-simple"},"meta_box":{"woo_sort_prod_cloth":"","woo_sort_app":"","woo_sort_branch":"","woo_sort_prod_metal":"","woo_beschreibung-produkt":"PE Glasschutzfolie extra stark Nr: 2567 ist besonders f\u00fcr Glasoberfl\u00e4chen hervorragend geeignet","woo_kurztext":"Besonders f\u00fcr Glasoberfl\u00e4chen hervorragend geeignet","woo_traeger":"PE-Folie","woo_tragerstarke":"","woo_gesamtstaerke":"65 \u00b5m","woo_mesh":"","woo_klebertyp":"Acrylat LM","woo_klebekraft":"0,7 N\/cm","woo_reissfestigkeit":"","woo_dehnung":"","woo_temperatur":"","woo_durchschlagsfestigkeit":"","woo_durchschlagsspannung":"","woo_wasserundurchlaessig":"","woo_liner":"","woo_kern_typ":"Pappe","woo_kern_mm":"76 mm","woo_spec":"Die Schutzfolie ist f\u00fcr einen Au\u00dfeneinsatz von maximal 3 Monaten in mitteleurop\u00e4ischen Klimaverh\u00e4ltnissen geeignet. H\u00f6here UV-Belastung f\u00fchrt zu Verspr\u00f6dung von Folie und Klebstoff.","woo_uv_bestaendigkeit":"bis zu 3 Monaten","woo_laengen":"350 m","woo_breite":"auf Anfrage","woo_farben":"blau-transluzent"},"_links":{"self":[{"href":"https:\/\/www.tapes-and-more.de\/en\/wp-json\/wp\/v2\/product\/234542","targetHints":{"allow":["GET"]}}],"collection":[{"href":"https:\/\/www.tapes-and-more.de\/en\/wp-json\/wp\/v2\/product"}],"about":[{"href":"https:\/\/www.tapes-and-more.de\/en\/wp-json\/wp\/v2\/types\/product"}],"wp:attachment":[{"href":"https:\/\/www.tapes-and-more.de\/en\/wp-json\/wp\/v2\/media?parent=234542"}],"wp:term":[{"taxonomy":"product_brand","embeddable":true,"href":"https:\/\/www.tapes-and-more.de\/en\/wp-json\/wp\/v2\/product_brand?post=234542"},{"taxonomy":"product_cat","embeddable":true,"href":"https:\/\/www.tapes-and-more.de\/en\/wp-json\/wp\/v2\/product_cat?post=234542"},{"taxonomy":"product_tag","embeddable":true,"href":"https:\/\/www.tapes-and-more.de\/en\/wp-json\/wp\/v2\/product_tag?post=234542"}],"curies":[{"name":"wp","href":"https:\/\/api.w.org\/{rel}","templated":true}]}}