{"id":234544,"date":"2023-04-26T12:42:10","date_gmt":"2023-04-26T10:42:10","guid":{"rendered":"https:\/\/www.tapes-and-more.de\/?post_type=product&#038;p=234544"},"modified":"2023-11-03T08:25:49","modified_gmt":"2023-11-03T07:25:49","slug":"2578","status":"publish","type":"product","link":"https:\/\/www.tapes-and-more.de\/en\/product-2\/2578\/","title":{"rendered":"PE protective film 90 \u00b5m"},"content":{"rendered":"<p>Ideally suited for structured or ground surfaces, stainless steel, brushed or ground, aluminium brushed or ground, aluminium anodised (Eloxal).<\/p>\n<h4>PE protective film stainless steel is specially designed for brushed and ground surfaces<\/h4>","protected":false},"excerpt":{"rendered":"<p>Very strong, blue translucent polyethylene film coated with a natural rubber adhesive. Highly protective against mechanical damage.<\/p>\n<hr \/>\n<p>Protective film for brushed and polished surfaces such as stainless steel<\/p>","protected":false},"featured_media":0,"template":"","meta":[],"product_brand":[],"product_cat":[104],"product_tag":[],"class_list":{"0":"post-234544","1":"product","2":"type-product","3":"status-publish","5":"product_cat-oberflaechenschutzfolien","7":"first","8":"instock","9":"product-type-simple"},"meta_box":{"woo_sort_prod_cloth":"","woo_sort_app":"","woo_sort_branch":"","woo_sort_prod_metal":"","woo_beschreibung-produkt":"Speziell f\u00fcr geb\u00fcrstete und geschliffene Oberfl\u00e4chen ist die PE Schutzfolie Edelstahl Nr:2578","woo_kurztext":"Speziell f\u00fcr geb\u00fcrstete und geschliffene Edelst\u00e4hle","woo_traeger":"PE-Folie","woo_tragerstarke":"","woo_gesamtstaerke":"90 \u00b5m","woo_mesh":"","woo_klebertyp":"Kautschuk","woo_klebekraft":"1,8 N\/cm","woo_reissfestigkeit":"","woo_dehnung":"","woo_temperatur":"","woo_durchschlagsfestigkeit":"","woo_durchschlagsspannung":"","woo_wasserundurchlaessig":"","woo_liner":"","woo_kern_typ":"Pappe","woo_kern_mm":"76 mm","woo_spec":"Best\u00e4ndigkeit gegen: - N\u00e4sse: Gut - \u00d6le und L\u00f6semittel: M\u00e4\u00dfig","woo_uv_bestaendigkeit":"bis zu 12 Monate","woo_laengen":"100 m (Standard)","woo_breite":"auf Anfrage","woo_farben":"blau-transluzent"},"_links":{"self":[{"href":"https:\/\/www.tapes-and-more.de\/en\/wp-json\/wp\/v2\/product\/234544","targetHints":{"allow":["GET"]}}],"collection":[{"href":"https:\/\/www.tapes-and-more.de\/en\/wp-json\/wp\/v2\/product"}],"about":[{"href":"https:\/\/www.tapes-and-more.de\/en\/wp-json\/wp\/v2\/types\/product"}],"wp:attachment":[{"href":"https:\/\/www.tapes-and-more.de\/en\/wp-json\/wp\/v2\/media?parent=234544"}],"wp:term":[{"taxonomy":"product_brand","embeddable":true,"href":"https:\/\/www.tapes-and-more.de\/en\/wp-json\/wp\/v2\/product_brand?post=234544"},{"taxonomy":"product_cat","embeddable":true,"href":"https:\/\/www.tapes-and-more.de\/en\/wp-json\/wp\/v2\/product_cat?post=234544"},{"taxonomy":"product_tag","embeddable":true,"href":"https:\/\/www.tapes-and-more.de\/en\/wp-json\/wp\/v2\/product_tag?post=234544"}],"curies":[{"name":"wp","href":"https:\/\/api.w.org\/{rel}","templated":true}]}}