{"id":234549,"date":"2023-04-26T13:26:03","date_gmt":"2023-04-26T11:26:03","guid":{"rendered":"https:\/\/www.tapes-and-more.de\/?post_type=product&#038;p=234549"},"modified":"2023-11-09T10:20:53","modified_gmt":"2023-11-09T09:20:53","slug":"2625","status":"publish","type":"product","link":"https:\/\/www.tapes-and-more.de\/en\/product-2\/2625\/","title":{"rendered":"PTFE adhesive tape, 50 \u00b5m"},"content":{"rendered":"<p>Suitable for many high temperature and non-stick applications.<\/p>\n<h4>Teflon adhesive tape has a high slip value and high chemical resistance<\/h4>","protected":false},"excerpt":{"rendered":"<p>PTFE film with very low coefficient of friction and best anti-stick properties, coated with a silicone adhesive. This combination ensures exceptional temperature and chemical resistance.<\/p>\n<hr \/>\n<p>Der Kunststoff PTFE, Polytetrafluorethylen, ist besser bekannt unter dem Markennamen &#8220;Teflon&#8221;.<\/p>","protected":false},"featured_media":235167,"template":"","meta":[],"product_brand":[],"product_cat":[106],"product_tag":[],"class_list":{"0":"post-234549","1":"product","2":"type-product","3":"status-publish","4":"has-post-thumbnail","6":"product_cat-technischeklebebaender","8":"first","9":"instock","10":"product-type-simple"},"meta_box":{"woo_sort_prod_cloth":"","woo_sort_app":"","woo_sort_branch":"","woo_sort_prod_metal":"","woo_beschreibung-produkt":"Das Teflon\/PTFE-Klebeband Nr:2625 hat bemerkenswert hohe Gleitwerte und hohe Chemikalienbest\u00e4ndigkeit","woo_kurztext":"Hitzebest\u00e4ndig, hoher Gleitwert, hohe Chemikalienbest\u00e4ndigkeit","woo_traeger":"PTFE-Folie","woo_tragerstarke":"50 \u00b5m","woo_gesamtstaerke":"100 \u00b5m","woo_mesh":"","woo_klebertyp":"Silikon \/ Polysiloxan","woo_klebekraft":"3 N\/cm","woo_reissfestigkeit":"40 N\/cm","woo_dehnung":"100 %","woo_temperatur":"- 40 bis 260 \u00b0C","woo_durchschlagsfestigkeit":"","woo_durchschlagsspannung":"9 KV","woo_wasserundurchlaessig":"","woo_liner":"","woo_kern_typ":"Kunstoff","woo_kern_mm":"76 mm","woo_spec":"Der Kunststoff PTFE, Polytetrafluorethylen, ist besser bekannt unter dem Markennamen \"Teflon\".","woo_uv_bestaendigkeit":"","woo_laengen":"33 m","woo_breite":"75 mm (Sonderbeiten auf Anfrage)","woo_farben":"braun-transluzent"},"_links":{"self":[{"href":"https:\/\/www.tapes-and-more.de\/en\/wp-json\/wp\/v2\/product\/234549","targetHints":{"allow":["GET"]}}],"collection":[{"href":"https:\/\/www.tapes-and-more.de\/en\/wp-json\/wp\/v2\/product"}],"about":[{"href":"https:\/\/www.tapes-and-more.de\/en\/wp-json\/wp\/v2\/types\/product"}],"wp:featuredmedia":[{"embeddable":true,"href":"https:\/\/www.tapes-and-more.de\/en\/wp-json\/wp\/v2\/media\/235167"}],"wp:attachment":[{"href":"https:\/\/www.tapes-and-more.de\/en\/wp-json\/wp\/v2\/media?parent=234549"}],"wp:term":[{"taxonomy":"product_brand","embeddable":true,"href":"https:\/\/www.tapes-and-more.de\/en\/wp-json\/wp\/v2\/product_brand?post=234549"},{"taxonomy":"product_cat","embeddable":true,"href":"https:\/\/www.tapes-and-more.de\/en\/wp-json\/wp\/v2\/product_cat?post=234549"},{"taxonomy":"product_tag","embeddable":true,"href":"https:\/\/www.tapes-and-more.de\/en\/wp-json\/wp\/v2\/product_tag?post=234549"}],"curies":[{"name":"wp","href":"https:\/\/api.w.org\/{rel}","templated":true}]}}