{"id":234550,"date":"2023-04-26T13:30:58","date_gmt":"2023-04-26T11:30:58","guid":{"rendered":"https:\/\/www.tapes-and-more.de\/?post_type=product&#038;p=234550"},"modified":"2023-11-09T10:20:41","modified_gmt":"2023-11-09T09:20:41","slug":"2627","status":"publish","type":"product","link":"https:\/\/www.tapes-and-more.de\/en\/product-2\/2627\/","title":{"rendered":"PTFE film adhesive tape, 51 \u00b5m"},"content":{"rendered":"<p>Often used in extrusion as belt compound Art. 2627 top side with Art. 2625 bottom side. Service life increase up to 40%. Steel cylinder masking for production of sensitive packaging material.<\/p>\n<h4>For the production of belts as roller support by combining with article no.: 2625<\/h4>","protected":false},"excerpt":{"rendered":"<p>PTFE film backing coated with a high-quality silicone adhesive. Best temperature and chemical resistance, low elongation and the low coefficient of friction of the surface characterise this adhesive tape.<\/p>\n<hr \/>\n<p>The 2 PTFE adhesive tapes 2625 + 2627 are combined to produce belts.<\/p>","protected":false},"featured_media":235167,"template":"","meta":[],"product_brand":[],"product_cat":[106],"product_tag":[],"class_list":{"0":"post-234550","1":"product","2":"type-product","3":"status-publish","4":"has-post-thumbnail","6":"product_cat-technischeklebebaender","8":"first","9":"instock","10":"product-type-simple"},"meta_box":{"woo_sort_prod_cloth":"","woo_sort_app":"","woo_sort_branch":"","woo_sort_prod_metal":"","woo_beschreibung-produkt":"Zum Riemenverbund werden 2 PTFE-Klebeb\u00e4nder kombiniert. Es hat au\u00dferdem beste Temperatur- und Chemikalienbest\u00e4ndigkeit.","woo_kurztext":"Im Verbund mit 2625 als Walzenauflage","woo_traeger":"PTFE-Folie","woo_tragerstarke":"51 \u00b5m","woo_gesamtstaerke":"89 \u00b5m","woo_mesh":"","woo_klebertyp":"Silikon \/ Polysiloxan","woo_klebekraft":"2,7 N\/cm","woo_reissfestigkeit":"44 N\/cm","woo_dehnung":"150 %","woo_temperatur":"- 73 bis 260 \u00b0C","woo_durchschlagsfestigkeit":"","woo_durchschlagsspannung":"8 KV","woo_wasserundurchlaessig":"","woo_liner":"","woo_kern_typ":"Kunstoff","woo_kern_mm":"76 mm","woo_spec":"","woo_uv_bestaendigkeit":"","woo_laengen":"33 m","woo_breite":"75 mm","woo_farben":"wei\u00df"},"_links":{"self":[{"href":"https:\/\/www.tapes-and-more.de\/en\/wp-json\/wp\/v2\/product\/234550","targetHints":{"allow":["GET"]}}],"collection":[{"href":"https:\/\/www.tapes-and-more.de\/en\/wp-json\/wp\/v2\/product"}],"about":[{"href":"https:\/\/www.tapes-and-more.de\/en\/wp-json\/wp\/v2\/types\/product"}],"wp:featuredmedia":[{"embeddable":true,"href":"https:\/\/www.tapes-and-more.de\/en\/wp-json\/wp\/v2\/media\/235167"}],"wp:attachment":[{"href":"https:\/\/www.tapes-and-more.de\/en\/wp-json\/wp\/v2\/media?parent=234550"}],"wp:term":[{"taxonomy":"product_brand","embeddable":true,"href":"https:\/\/www.tapes-and-more.de\/en\/wp-json\/wp\/v2\/product_brand?post=234550"},{"taxonomy":"product_cat","embeddable":true,"href":"https:\/\/www.tapes-and-more.de\/en\/wp-json\/wp\/v2\/product_cat?post=234550"},{"taxonomy":"product_tag","embeddable":true,"href":"https:\/\/www.tapes-and-more.de\/en\/wp-json\/wp\/v2\/product_tag?post=234550"}],"curies":[{"name":"wp","href":"https:\/\/api.w.org\/{rel}","templated":true}]}}