{"id":234553,"date":"2023-04-26T13:48:12","date_gmt":"2023-04-26T11:48:12","guid":{"rendered":"https:\/\/www.tapes-and-more.de\/?post_type=product&#038;p=234553"},"modified":"2023-10-25T10:10:17","modified_gmt":"2023-10-25T08:10:17","slug":"2675","status":"publish","type":"product","link":"https:\/\/www.tapes-and-more.de\/en\/product-2\/2675\/","title":{"rendered":"Kapton\u2122 - Adhesive Tape"},"content":{"rendered":"<p>Various application possibilities in the high temperature range. Typical application as masking tape for wave soldering to protect copper from unwanted wetting by solder. Can also be removed from copper without leaving any residue.<\/p>\n<h4>Tape with a Kapton\u2122 film for up to 260 \u00b0C<\/h4>","protected":false},"excerpt":{"rendered":"<p>Anpassungsf\u00e4hige Kapton\u2122 &#8211; Folie beschichtet mit einem Hochleistungs-Silikon-Klebstoff f\u00fcr h\u00f6chste Temperaturanforderungen. Von vielen Untergr\u00fcnden trotz hoher Klebkraft r\u00fcckstandsfrei entfernbar.<\/p>","protected":false},"featured_media":0,"template":"","meta":[],"product_brand":[],"product_cat":[114,154,161,122,106],"product_tag":[],"class_list":{"0":"post-234553","1":"product","2":"type-product","3":"status-publish","5":"product_cat-abdecken","6":"product_cat-folie-elektro-_und_kabelindustrie","7":"product_cat-folie-elektronikindustrie","8":"product_cat-schuetzen","9":"product_cat-technischeklebebaender","11":"first","12":"instock","13":"product-type-simple"},"meta_box":{"woo_sort_prod_cloth":"","woo_sort_app":"","woo_sort_branch":"","woo_sort_prod_metal":"","woo_beschreibung-produkt":"Kapton\u0099 \u0096 Klebeband Nr: 2675 f\u00fcr allerh\u00f6chste Temperaturbereiche, begeistert z.B. beim L\u00f6ten","woo_kurztext":"F\u00fcr allerh\u00f6chste Temperaturbereiche, z.B. beim L\u00f6ten","woo_traeger":"Polyimid-Folie (Kapton\u0099)","woo_tragerstarke":"25 \u00b5m","woo_gesamtstaerke":"60 \u00b5m","woo_mesh":"","woo_klebertyp":"Silikon \/ Polysiloxan","woo_klebekraft":"2,3 N\/cm","woo_reissfestigkeit":"45 N\/cm","woo_dehnung":"35 %","woo_temperatur":"- 40 bis 260 \u00b0C","woo_durchschlagsfestigkeit":"","woo_durchschlagsspannung":"6,5 KV","woo_wasserundurchlaessig":"","woo_liner":"","woo_kern_typ":".","woo_kern_mm":"","woo_spec":"UL-gepr\u00fcftes Band Klasse H (180 \u00b0C). Kurzzeitig belastbar bis 300 \u00b0C.","woo_uv_bestaendigkeit":"","woo_laengen":"33 m","woo_breite":"19 mm (weitere auf Anfrage)","woo_farben":"amber"},"_links":{"self":[{"href":"https:\/\/www.tapes-and-more.de\/en\/wp-json\/wp\/v2\/product\/234553","targetHints":{"allow":["GET"]}}],"collection":[{"href":"https:\/\/www.tapes-and-more.de\/en\/wp-json\/wp\/v2\/product"}],"about":[{"href":"https:\/\/www.tapes-and-more.de\/en\/wp-json\/wp\/v2\/types\/product"}],"wp:attachment":[{"href":"https:\/\/www.tapes-and-more.de\/en\/wp-json\/wp\/v2\/media?parent=234553"}],"wp:term":[{"taxonomy":"product_brand","embeddable":true,"href":"https:\/\/www.tapes-and-more.de\/en\/wp-json\/wp\/v2\/product_brand?post=234553"},{"taxonomy":"product_cat","embeddable":true,"href":"https:\/\/www.tapes-and-more.de\/en\/wp-json\/wp\/v2\/product_cat?post=234553"},{"taxonomy":"product_tag","embeddable":true,"href":"https:\/\/www.tapes-and-more.de\/en\/wp-json\/wp\/v2\/product_tag?post=234553"}],"curies":[{"name":"wp","href":"https:\/\/api.w.org\/{rel}","templated":true}]}}