{"id":234558,"date":"2023-04-27T07:13:20","date_gmt":"2023-04-27T05:13:20","guid":{"rendered":"https:\/\/www.tapes-and-more.de\/?post_type=product&#038;p=234558"},"modified":"2023-11-07T08:33:31","modified_gmt":"2023-11-07T07:33:31","slug":"27190","status":"publish","type":"product","link":"https:\/\/www.tapes-and-more.de\/en\/product-2\/27190\/","title":{"rendered":"Soft PVC Insulating Tape PREMIUM"},"content":{"rendered":"<p>For insulation up to 600 V and as a professional all-weather repair tape for demanding outdoor use. Flame retardant and resistant to oils, acids and other corrosive chemicals.<\/p>\n<h4>Premium insulating adhesive tape also for temperatures from - 18 to 105 \u00b0C<\/h4>","protected":false},"excerpt":{"rendered":"<p>Very strong soft PVC film coated with a high-quality natural rubber-based adhesive. Insulating tape for professional use. Very high flexibility, easy to unroll even in extreme cold and perfect to work with.<\/p>\n<hr \/>\n<p>Weich-PVC Isolierband Premium f\u00fcr hohe Flexibilit\u00e4t auch bei K\u00e4lte &#8211; Profi-Allwetterklebeband &#8211;<\/p>","protected":false},"featured_media":235186,"template":"","meta":[],"product_brand":[],"product_cat":[103,154],"product_tag":[],"class_list":{"0":"post-234558","1":"product","2":"type-product","3":"status-publish","4":"has-post-thumbnail","6":"product_cat-elektroklebebaender","7":"product_cat-folie-elektro-_und_kabelindustrie","9":"first","10":"instock","11":"product-type-simple"},"meta_box":{"woo_sort_prod_cloth":"","woo_sort_app":"","woo_sort_branch":"","woo_sort_prod_metal":"","woo_beschreibung-produkt":"Weich-PVC Isolierband Premium Nr: 27190 f\u00fcr hohe Flexibilit\u00e4t auch bei K\u00e4lte - eindeutig das Profi-Allwetterklebeband","woo_kurztext":"Hohe Flexibilit\u00e4t auch bei K\u00e4lte, Profi-Allwetterklebeband","woo_traeger":"Weich-PVC-Folie","woo_tragerstarke":"","woo_gesamtstaerke":"215 \u00b5m","woo_mesh":"","woo_klebertyp":"Kautschuk","woo_klebekraft":"3 N\/cm","woo_reissfestigkeit":"45 N\/cm","woo_dehnung":"300 %","woo_temperatur":"- 18 bis 105 \u00b0C","woo_durchschlagsfestigkeit":"","woo_durchschlagsspannung":"11 KV","woo_wasserundurchlaessig":"","woo_liner":"","woo_kern_typ":"Pappe","woo_kern_mm":"38 mm","woo_spec":"Enspricht UL 510, ASTM-D-3005 und ist RoHS-konform.","woo_uv_bestaendigkeit":"","woo_laengen":"20 und 33 m","woo_breite":"19 mm (weitere auf Anfrage)","woo_farben":"schwarz"},"_links":{"self":[{"href":"https:\/\/www.tapes-and-more.de\/en\/wp-json\/wp\/v2\/product\/234558","targetHints":{"allow":["GET"]}}],"collection":[{"href":"https:\/\/www.tapes-and-more.de\/en\/wp-json\/wp\/v2\/product"}],"about":[{"href":"https:\/\/www.tapes-and-more.de\/en\/wp-json\/wp\/v2\/types\/product"}],"wp:featuredmedia":[{"embeddable":true,"href":"https:\/\/www.tapes-and-more.de\/en\/wp-json\/wp\/v2\/media\/235186"}],"wp:attachment":[{"href":"https:\/\/www.tapes-and-more.de\/en\/wp-json\/wp\/v2\/media?parent=234558"}],"wp:term":[{"taxonomy":"product_brand","embeddable":true,"href":"https:\/\/www.tapes-and-more.de\/en\/wp-json\/wp\/v2\/product_brand?post=234558"},{"taxonomy":"product_cat","embeddable":true,"href":"https:\/\/www.tapes-and-more.de\/en\/wp-json\/wp\/v2\/product_cat?post=234558"},{"taxonomy":"product_tag","embeddable":true,"href":"https:\/\/www.tapes-and-more.de\/en\/wp-json\/wp\/v2\/product_tag?post=234558"}],"curies":[{"name":"wp","href":"https:\/\/api.w.org\/{rel}","templated":true}]}}