{"id":234559,"date":"2023-04-27T07:26:02","date_gmt":"2023-04-27T05:26:02","guid":{"rendered":"https:\/\/www.tapes-and-more.de\/?post_type=product&#038;p=234559"},"modified":"2023-11-07T08:44:36","modified_gmt":"2023-11-07T07:44:36","slug":"2734","status":"publish","type":"product","link":"https:\/\/www.tapes-and-more.de\/en\/product-2\/2734\/","title":{"rendered":"PVC masking tape"},"content":{"rendered":"<p>For protecting sensitive, smooth surfaces indoors and briefly outdoors. The adhesive tape is also suitable for marking, repairing foils or sealing. Resistant to moisture and many chemicals.<\/p>\n<h4>Plastering tape as a typical masking tape for painters and plasterers<\/h4>","protected":false},"excerpt":{"rendered":"<p>Universal, smooth masking tape consisting of a soft, conformable PVC film coated with an ageing-resistant rubber adhesive.<\/p>\n<hr \/>\n<p>PVC masking\/cleaning tape for painters and for protecting smooth surfaces<\/p>","protected":false},"featured_media":235188,"template":"","meta":[],"product_brand":[],"product_cat":[102],"product_tag":[],"class_list":{"0":"post-234559","1":"product","2":"type-product","3":"status-publish","4":"has-post-thumbnail","6":"product_cat-abdeckklebebaender","8":"first","9":"instock","10":"product-type-simple"},"meta_box":{"woo_sort_prod_cloth":"","woo_sort_app":"","woo_sort_branch":"","woo_sort_prod_metal":"","woo_beschreibung-produkt":"PVC Abdeck-\/Putzerband Nr: 2734 ist glatt und die erste Wahl f\u00fcr Maler und zum Schutz glatter Oberfl\u00e4chen","woo_kurztext":"Typisches Abdeckband f\u00fcr Maler und Putzer, gerillt als Art. 2744","woo_traeger":"Weich-PVC-Folie","woo_tragerstarke":"","woo_gesamtstaerke":"130 \u00b5m","woo_mesh":"","woo_klebertyp":"Kautschuk","woo_klebekraft":"1 N\/cm","woo_reissfestigkeit":"20 N\/cm","woo_dehnung":"150 %","woo_temperatur":"60 \u00b0C","woo_durchschlagsfestigkeit":"","woo_durchschlagsspannung":"","woo_wasserundurchlaessig":"","woo_liner":"","woo_kern_typ":"Pappe","woo_kern_mm":"76 mm","woo_spec":"","woo_uv_bestaendigkeit":"","woo_laengen":"33 m","woo_breite":"50 mm (weitere auf Anfrage)","woo_farben":"wei\u00df und gelb"},"_links":{"self":[{"href":"https:\/\/www.tapes-and-more.de\/en\/wp-json\/wp\/v2\/product\/234559","targetHints":{"allow":["GET"]}}],"collection":[{"href":"https:\/\/www.tapes-and-more.de\/en\/wp-json\/wp\/v2\/product"}],"about":[{"href":"https:\/\/www.tapes-and-more.de\/en\/wp-json\/wp\/v2\/types\/product"}],"wp:featuredmedia":[{"embeddable":true,"href":"https:\/\/www.tapes-and-more.de\/en\/wp-json\/wp\/v2\/media\/235188"}],"wp:attachment":[{"href":"https:\/\/www.tapes-and-more.de\/en\/wp-json\/wp\/v2\/media?parent=234559"}],"wp:term":[{"taxonomy":"product_brand","embeddable":true,"href":"https:\/\/www.tapes-and-more.de\/en\/wp-json\/wp\/v2\/product_brand?post=234559"},{"taxonomy":"product_cat","embeddable":true,"href":"https:\/\/www.tapes-and-more.de\/en\/wp-json\/wp\/v2\/product_cat?post=234559"},{"taxonomy":"product_tag","embeddable":true,"href":"https:\/\/www.tapes-and-more.de\/en\/wp-json\/wp\/v2\/product_tag?post=234559"}],"curies":[{"name":"wp","href":"https:\/\/api.w.org\/{rel}","templated":true}]}}