{"id":234563,"date":"2023-04-27T07:42:21","date_gmt":"2023-04-27T05:42:21","guid":{"rendered":"https:\/\/www.tapes-and-more.de\/?post_type=product&#038;p=234563"},"modified":"2023-11-07T09:11:57","modified_gmt":"2023-11-07T08:11:57","slug":"2753","status":"publish","type":"product","link":"https:\/\/www.tapes-and-more.de\/en\/product-2\/2753\/","title":{"rendered":"PVC Fineline Adhesive Tape NB533"},"content":{"rendered":"<p>This fineline adhesive tape for general applications was developed for two-tone paintwork in the automotive industry. This rubber version with high initial tack is suitable for smooth and textured surfaces, e.g. bumpers.<\/p>\n<h4>PVC fineline adhesive tape with rubber adhesive<\/h4>","protected":false},"excerpt":{"rendered":"<p>Silicone-free and high-temperature resistant Nichiban masking tape for particularly sharp paint edges during oven drying. The PVC backing film is coated with a cross-linked natural rubber adhesive.<\/p>\n<hr \/>\n<p>PVC fineline adhesive tape with high elasticity and temperatures up to 160 \u00b0C<\/p>","protected":false},"featured_media":0,"template":"","meta":[],"product_brand":[],"product_cat":[102],"product_tag":[],"class_list":{"0":"post-234563","1":"product","2":"type-product","3":"status-publish","5":"product_cat-abdeckklebebaender","7":"first","8":"instock","9":"product-type-simple"},"meta_box":{"woo_sort_prod_cloth":"","woo_sort_app":"","woo_sort_branch":"","woo_sort_prod_metal":"","woo_beschreibung-produkt":"PVC-Fineline-Klebeband (NB533) hervorragend f\u00fcr Two-Tone Lackierungen im Automobilbereich","woo_kurztext":"F\u00fcr Tu-Tone Lackierungen im Automobilbereich","woo_traeger":"PVC-Folie","woo_tragerstarke":"","woo_gesamtstaerke":"120 \u00b5m","woo_mesh":"","woo_klebertyp":"Kautschuk","woo_klebekraft":"2,5 N\/cm","woo_reissfestigkeit":"30 N\/cm","woo_dehnung":"250 %","woo_temperatur":"160 \u00b0C","woo_durchschlagsfestigkeit":"","woo_durchschlagsspannung":"","woo_wasserundurchlaessig":"","woo_liner":"","woo_kern_typ":"Pappe","woo_kern_mm":"76 mm","woo_spec":"Auch mit weicherer Folie unter der Nummer 2753Y sowie auf Papierliner erh\u00e4ltlich. Mit erh\u00f6hter Klebkraft unter der Artikel-Nr. 2754 erh\u00e4ltlich.","woo_uv_bestaendigkeit":"","woo_laengen":"50 m","woo_breite":"9, 12, 15, 19, 25, 30, 38 und 50 mm","woo_farben":"wei\u00df"},"_links":{"self":[{"href":"https:\/\/www.tapes-and-more.de\/en\/wp-json\/wp\/v2\/product\/234563","targetHints":{"allow":["GET"]}}],"collection":[{"href":"https:\/\/www.tapes-and-more.de\/en\/wp-json\/wp\/v2\/product"}],"about":[{"href":"https:\/\/www.tapes-and-more.de\/en\/wp-json\/wp\/v2\/types\/product"}],"wp:attachment":[{"href":"https:\/\/www.tapes-and-more.de\/en\/wp-json\/wp\/v2\/media?parent=234563"}],"wp:term":[{"taxonomy":"product_brand","embeddable":true,"href":"https:\/\/www.tapes-and-more.de\/en\/wp-json\/wp\/v2\/product_brand?post=234563"},{"taxonomy":"product_cat","embeddable":true,"href":"https:\/\/www.tapes-and-more.de\/en\/wp-json\/wp\/v2\/product_cat?post=234563"},{"taxonomy":"product_tag","embeddable":true,"href":"https:\/\/www.tapes-and-more.de\/en\/wp-json\/wp\/v2\/product_tag?post=234563"}],"curies":[{"name":"wp","href":"https:\/\/api.w.org\/{rel}","templated":true}]}}