{"id":234564,"date":"2023-04-27T07:42:30","date_gmt":"2023-04-27T05:42:30","guid":{"rendered":"https:\/\/www.tapes-and-more.de\/?post_type=product&#038;p=234564"},"modified":"2023-11-07T09:19:57","modified_gmt":"2023-11-07T08:19:57","slug":"2755","status":"publish","type":"product","link":"https:\/\/www.tapes-and-more.de\/en\/product-2\/2755\/","title":{"rendered":"PVC Fineline Adhesive Tape NB535A"},"content":{"rendered":"<p>This fineline tape is particularly suitable for painting long and straight paint edges, e.g. in bus painting. Can also be used for surface protection of bare metals. Attention: not for passivating materials!<\/p>\n<h4>PVC fineline adhesive tape from Nichiban (NB535A) can withstand short-term temperatures of up to 200 \u00b0C<\/h4>","protected":false},"excerpt":{"rendered":"<p>Silicone-free, high-temperature resistant (200 \u00b0C up to 15 min.) masking tape from Nichiban, consisting of a PVC film coated with an acrylate adhesive, allowing particularly sharp paint edges after oven drying.<\/p>\n<hr \/>\n<p>PVC fineline adhesive tape NB535A can withstand temperatures of up to 200 \u00b0C for short periods thanks to the acrylate adhesive<\/p>","protected":false},"featured_media":0,"template":"","meta":[],"product_brand":[],"product_cat":[102,114,138,122],"product_tag":[],"class_list":{"0":"post-234564","1":"product","2":"type-product","3":"status-publish","5":"product_cat-abdeckklebebaender","6":"product_cat-abdecken","7":"product_cat-folie-automotive","8":"product_cat-schuetzen","10":"first","11":"instock","12":"product-type-simple"},"meta_box":{"woo_sort_prod_cloth":"","woo_sort_app":"","woo_sort_branch":"","woo_sort_prod_metal":"","woo_beschreibung-produkt":"PVC-Finelineklebeband NB535A ist durch den Acrylatklebstoff kurzzeitig bis 200 \u00b0C belastbar aber auch hervorragend als Oberfl\u00e4chenschutz einsetzbar","woo_kurztext":"kurzzeitig bis 200 \u00b0C belastbar, auch als Oberfl\u00e4chenschutz geeignet","woo_traeger":"PVC-Folie","woo_tragerstarke":"","woo_gesamtstaerke":"130 \u00b5m","woo_mesh":"","woo_klebertyp":"Acrylat LM","woo_klebekraft":"1,4 N\/cm","woo_reissfestigkeit":"32 N\/cm","woo_dehnung":"250 %","woo_temperatur":"160 \u00b0C","woo_durchschlagsfestigkeit":"","woo_durchschlagsspannung":"","woo_wasserundurchlaessig":"","woo_liner":"","woo_kern_typ":"Pappe","woo_kern_mm":"76 mm","woo_spec":"Der sehr alterungsbest\u00e4ndige Acrylatkleber ist auch nach Monaten r\u00fcckstandsfrei entfernbar und kann auch f\u00fcr Pulverbeschichtungen eingesetzt werden. Auch als Soft-Version, Art. Nr. 2756 und mit Papierliner, Art. Nr. 27551, erh\u00e4ltlich.","woo_uv_bestaendigkeit":"","woo_laengen":"50 m","woo_breite":"12, 15, 19, 25, 38, 50 und 75 mm","woo_farben":"hellblau"},"_links":{"self":[{"href":"https:\/\/www.tapes-and-more.de\/en\/wp-json\/wp\/v2\/product\/234564","targetHints":{"allow":["GET"]}}],"collection":[{"href":"https:\/\/www.tapes-and-more.de\/en\/wp-json\/wp\/v2\/product"}],"about":[{"href":"https:\/\/www.tapes-and-more.de\/en\/wp-json\/wp\/v2\/types\/product"}],"wp:attachment":[{"href":"https:\/\/www.tapes-and-more.de\/en\/wp-json\/wp\/v2\/media?parent=234564"}],"wp:term":[{"taxonomy":"product_brand","embeddable":true,"href":"https:\/\/www.tapes-and-more.de\/en\/wp-json\/wp\/v2\/product_brand?post=234564"},{"taxonomy":"product_cat","embeddable":true,"href":"https:\/\/www.tapes-and-more.de\/en\/wp-json\/wp\/v2\/product_cat?post=234564"},{"taxonomy":"product_tag","embeddable":true,"href":"https:\/\/www.tapes-and-more.de\/en\/wp-json\/wp\/v2\/product_tag?post=234564"}],"curies":[{"name":"wp","href":"https:\/\/api.w.org\/{rel}","templated":true}]}}