{"id":234565,"date":"2023-04-27T07:49:02","date_gmt":"2023-04-27T05:49:02","guid":{"rendered":"https:\/\/www.tapes-and-more.de\/?post_type=product&#038;p=234565"},"modified":"2023-11-07T09:25:32","modified_gmt":"2023-11-07T08:25:32","slug":"27750","status":"publish","type":"product","link":"https:\/\/www.tapes-and-more.de\/en\/product-2\/27750\/","title":{"rendered":"Soft PVC corrosion protection bandage"},"content":{"rendered":"<p>Suitable for various corrosion protection applications such as the sheathing of lampposts in the ground, or as a flat sealant, and much more.<\/p>\n<h4>Soft PVC anti-corrosion adhesive tape with excellent electrical properties<\/h4>","protected":false},"excerpt":{"rendered":"<p>The extremely strong, lead-free soft PVC film coated with a bacteria- and mould-resistant rubber adhesive makes this corrosion protection tape very resistant to chemicals and wear.<\/p>","protected":false},"featured_media":0,"template":"","meta":[],"product_brand":[],"product_cat":[106],"product_tag":[],"class_list":{"0":"post-234565","1":"product","2":"type-product","3":"status-publish","5":"product_cat-technischeklebebaender","7":"first","8":"instock","9":"product-type-simple"},"meta_box":{"woo_sort_prod_cloth":"","woo_sort_app":"","woo_sort_branch":"","woo_sort_prod_metal":"","woo_beschreibung-produkt":"Extrem starkes PVC-Korrosionsschutzbandage Nr: 27750 mit besonderer Beschichtung f\u00fcr die Ummantelung von Laternenpf\u00e4hlen","woo_kurztext":"Z.B. f\u00fcr die Ummantelung von Laternenpf\u00e4hlen","woo_traeger":"Weich-PVC-Folie","woo_tragerstarke":"","woo_gesamtstaerke":"250 \u00b5m","woo_mesh":"","woo_klebertyp":"Kautschuk","woo_klebekraft":"2,2 N\/cm","woo_reissfestigkeit":"44 N\/cm","woo_dehnung":"200 %","woo_temperatur":"","woo_durchschlagsfestigkeit":"23,6 KV\/mm","woo_durchschlagsspannung":"","woo_wasserundurchlaessig":"","woo_liner":"","woo_kern_typ":"Pappe","woo_kern_mm":"38 mm","woo_spec":"Auch in doppelter St\u00e4rke (500 \u00b5m) auf Anfrage erh\u00e4ltlich.","woo_uv_bestaendigkeit":"","woo_laengen":"30,4 m","woo_breite":"25 und 50 mm (weitere auf Anfrage)","woo_farben":"schwarz"},"_links":{"self":[{"href":"https:\/\/www.tapes-and-more.de\/en\/wp-json\/wp\/v2\/product\/234565","targetHints":{"allow":["GET"]}}],"collection":[{"href":"https:\/\/www.tapes-and-more.de\/en\/wp-json\/wp\/v2\/product"}],"about":[{"href":"https:\/\/www.tapes-and-more.de\/en\/wp-json\/wp\/v2\/types\/product"}],"wp:attachment":[{"href":"https:\/\/www.tapes-and-more.de\/en\/wp-json\/wp\/v2\/media?parent=234565"}],"wp:term":[{"taxonomy":"product_brand","embeddable":true,"href":"https:\/\/www.tapes-and-more.de\/en\/wp-json\/wp\/v2\/product_brand?post=234565"},{"taxonomy":"product_cat","embeddable":true,"href":"https:\/\/www.tapes-and-more.de\/en\/wp-json\/wp\/v2\/product_cat?post=234565"},{"taxonomy":"product_tag","embeddable":true,"href":"https:\/\/www.tapes-and-more.de\/en\/wp-json\/wp\/v2\/product_tag?post=234565"}],"curies":[{"name":"wp","href":"https:\/\/api.w.org\/{rel}","templated":true}]}}