{"id":234567,"date":"2023-04-27T07:58:00","date_gmt":"2023-04-27T05:58:00","guid":{"rendered":"https:\/\/www.tapes-and-more.de\/?post_type=product&#038;p=234567"},"modified":"2023-11-07T09:30:42","modified_gmt":"2023-11-07T08:30:42","slug":"2784","status":"publish","type":"product","link":"https:\/\/www.tapes-and-more.de\/en\/product-2\/2784\/","title":{"rendered":"Soft PVC Floor Marking Tape"},"content":{"rendered":"<p>Marking of paths and parking spaces in warehouses and industrial halls as well as floor marking work of all kinds.<\/p>\n<h4>Soft PVC floor marking tape in halls and buildings<\/h4>","protected":false},"excerpt":{"rendered":"<p>Coloured soft PVC film with low elongation, coated with a rubber adhesive for permanent bonding. Good resistance to abrasion, corrosion and moisture.<\/p>\n<hr \/>\n<p>Floor marking tape for halls and buildings<\/p>","protected":false},"featured_media":235195,"template":"","meta":[],"product_brand":[],"product_cat":[146,166,177,199,121,105,123],"product_tag":[],"class_list":{"0":"post-234567","1":"product","2":"type-product","3":"status-publish","4":"has-post-thumbnail","6":"product_cat-folie-bau","7":"product_cat-folie-handel","8":"product_cat-folie-messebau","9":"product_cat-folie-veranstaltungstechnik","10":"product_cat-markieren","11":"product_cat-markierungs_warn_und_sicherheitsklebebaender","12":"product_cat-sichern","14":"first","15":"instock","16":"product-type-simple"},"meta_box":{"woo_sort_prod_cloth":"","woo_sort_app":"","woo_sort_branch":"","woo_sort_prod_metal":"","woo_beschreibung-produkt":"Bodenmarkierungsband ist 2-farbig besonders zum Markierung von Wegen, Stellpl\u00e4tzen in Hallen und Geb\u00e4uden","woo_kurztext":"Markierung von Wegen, Stellpl\u00e4tzen in Hallen und Geb\u00e4uden","woo_traeger":"Weich-PVC-Folie","woo_tragerstarke":"","woo_gesamtstaerke":"150 \u00b5m","woo_mesh":"","woo_klebertyp":"Kautschuk","woo_klebekraft":"1,2 N\/cm","woo_reissfestigkeit":"16 N\/cm","woo_dehnung":"150 %","woo_temperatur":"","woo_durchschlagsfestigkeit":"","woo_durchschlagsspannung":"","woo_wasserundurchlaessig":"","woo_liner":"","woo_kern_typ":"Pappe","woo_kern_mm":"76 mm","woo_spec":"","woo_uv_bestaendigkeit":"","woo_laengen":"33 m","woo_breite":"50 mm (weitere auf Anfrage)","woo_farben":"rot, schwarz, rot\/wei\u00df, schwarz\/gelb und weitere"},"_links":{"self":[{"href":"https:\/\/www.tapes-and-more.de\/en\/wp-json\/wp\/v2\/product\/234567","targetHints":{"allow":["GET"]}}],"collection":[{"href":"https:\/\/www.tapes-and-more.de\/en\/wp-json\/wp\/v2\/product"}],"about":[{"href":"https:\/\/www.tapes-and-more.de\/en\/wp-json\/wp\/v2\/types\/product"}],"wp:featuredmedia":[{"embeddable":true,"href":"https:\/\/www.tapes-and-more.de\/en\/wp-json\/wp\/v2\/media\/235195"}],"wp:attachment":[{"href":"https:\/\/www.tapes-and-more.de\/en\/wp-json\/wp\/v2\/media?parent=234567"}],"wp:term":[{"taxonomy":"product_brand","embeddable":true,"href":"https:\/\/www.tapes-and-more.de\/en\/wp-json\/wp\/v2\/product_brand?post=234567"},{"taxonomy":"product_cat","embeddable":true,"href":"https:\/\/www.tapes-and-more.de\/en\/wp-json\/wp\/v2\/product_cat?post=234567"},{"taxonomy":"product_tag","embeddable":true,"href":"https:\/\/www.tapes-and-more.de\/en\/wp-json\/wp\/v2\/product_tag?post=234567"}],"curies":[{"name":"wp","href":"https:\/\/api.w.org\/{rel}","templated":true}]}}