{"id":234570,"date":"2023-04-27T08:58:13","date_gmt":"2023-04-27T06:58:13","guid":{"rendered":"https:\/\/www.tapes-and-more.de\/?post_type=product&#038;p=234570"},"modified":"2023-11-08T07:43:38","modified_gmt":"2023-11-08T06:43:38","slug":"2791","status":"publish","type":"product","link":"https:\/\/www.tapes-and-more.de\/en\/product-2\/2791\/","title":{"rendered":"Soft PVC dance floor tape"},"content":{"rendered":"<p>Bonding of dance and ballet floors.<\/p>\n<h4>Dance floor tape for secure bonding and labelling<\/h4>","protected":false},"excerpt":{"rendered":"<p>Soft PVC film with matt surface, coated with a natural rubber adhesive that has a fast and good adhesion to many substrates. Very conformable and can also be used at low temperatures.<\/p>\n<hr \/>\n<p>Dance floor tape for the secure bonding of dance and ballet floors<\/p>","protected":false},"featured_media":235197,"template":"","meta":[],"product_brand":[],"product_cat":[106],"product_tag":[],"class_list":{"0":"post-234570","1":"product","2":"type-product","3":"status-publish","4":"has-post-thumbnail","6":"product_cat-technischeklebebaender","8":"first","9":"instock","10":"product-type-simple"},"meta_box":{"woo_sort_prod_cloth":"","woo_sort_app":"","woo_sort_branch":"","woo_sort_prod_metal":"","woo_beschreibung-produkt":"Tanzbodenband matt, Nr: 2791 aus flexiblen Weich-PVC bestimmt f\u00fcr die sichere Verklebung von Tanz- und Ballettb\u00f6den","woo_kurztext":"F\u00fcr die sichere Verklebung von Tanz- und Ballettb\u00f6den","woo_traeger":"Weich-PVC-Folie","woo_tragerstarke":"","woo_gesamtstaerke":"130 \u00b5m","woo_mesh":"","woo_klebertyp":"Kautschuk","woo_klebekraft":"1,8 N\/cm","woo_reissfestigkeit":"25 N\/cm","woo_dehnung":"180 %","woo_temperatur":"90 \u00b0C","woo_durchschlagsfestigkeit":"","woo_durchschlagsspannung":"","woo_wasserundurchlaessig":"","woo_liner":"","woo_kern_typ":"Pappe","woo_kern_mm":"76 mm","woo_spec":"","woo_uv_bestaendigkeit":"","woo_laengen":"33 m","woo_breite":"50 mm (weitere auf Anfrage)","woo_farben":"transparent, wei\u00df, braun, schwarz"},"_links":{"self":[{"href":"https:\/\/www.tapes-and-more.de\/en\/wp-json\/wp\/v2\/product\/234570","targetHints":{"allow":["GET"]}}],"collection":[{"href":"https:\/\/www.tapes-and-more.de\/en\/wp-json\/wp\/v2\/product"}],"about":[{"href":"https:\/\/www.tapes-and-more.de\/en\/wp-json\/wp\/v2\/types\/product"}],"wp:featuredmedia":[{"embeddable":true,"href":"https:\/\/www.tapes-and-more.de\/en\/wp-json\/wp\/v2\/media\/235197"}],"wp:attachment":[{"href":"https:\/\/www.tapes-and-more.de\/en\/wp-json\/wp\/v2\/media?parent=234570"}],"wp:term":[{"taxonomy":"product_brand","embeddable":true,"href":"https:\/\/www.tapes-and-more.de\/en\/wp-json\/wp\/v2\/product_brand?post=234570"},{"taxonomy":"product_cat","embeddable":true,"href":"https:\/\/www.tapes-and-more.de\/en\/wp-json\/wp\/v2\/product_cat?post=234570"},{"taxonomy":"product_tag","embeddable":true,"href":"https:\/\/www.tapes-and-more.de\/en\/wp-json\/wp\/v2\/product_tag?post=234570"}],"curies":[{"name":"wp","href":"https:\/\/api.w.org\/{rel}","templated":true}]}}