{"id":234573,"date":"2023-04-27T09:09:28","date_gmt":"2023-04-27T07:09:28","guid":{"rendered":"https:\/\/www.tapes-and-more.de\/?post_type=product&#038;p=234573"},"modified":"2023-11-08T08:00:34","modified_gmt":"2023-11-08T07:00:34","slug":"2870","status":"publish","type":"product","link":"https:\/\/www.tapes-and-more.de\/en\/product-2\/2870\/","title":{"rendered":"Paint protection film NB 6309"},"content":{"rendered":"<p>Transport protection film for automotive and mechanical engineering. This highly flexible and soft version is perfect for strongly curved surfaces, such as sports cars, and still offers good adhesion to paint even in very cold conditions.<\/p>\n<h4>Paint protection film from Nichiban NB6309 is the benchmark for painted surfaces<\/h4>","protected":false},"excerpt":{"rendered":"<p>NB 6309 Paint Protection Film has been developed for the protection of painted surfaces outdoors. It is also suitable for the protection of various bare metals and can withstand weathering and UV light for more than 9 months without any problems.<\/p>","protected":false},"featured_media":0,"template":"","meta":[],"product_brand":[],"product_cat":[114,138,104,122],"product_tag":[],"class_list":{"0":"post-234573","1":"product","2":"type-product","3":"status-publish","5":"product_cat-abdecken","6":"product_cat-folie-automotive","7":"product_cat-oberflaechenschutzfolien","8":"product_cat-schuetzen","10":"first","11":"instock","12":"product-type-simple"},"meta_box":{"woo_sort_prod_cloth":"","woo_sort_app":"","woo_sort_branch":"","woo_sort_prod_metal":"","woo_beschreibung-produkt":"PO Lackschutzfolie NB6309 ist der Ma\u00dfstab f\u00fcr lackierte Oberfl\u00e4chen im Au\u00dfenbereich, erfolgreich im Automobilbau","woo_kurztext":"DER Ma\u00dfstab f\u00fcr lackierte Oberfl\u00e4chen im Automobilbau","woo_traeger":"Polyolefin-Folie","woo_tragerstarke":"60 \u00b5m","woo_gesamtstaerke":"70 \u00b5m","woo_mesh":"","woo_klebertyp":"Synth. Kautschuk","woo_klebekraft":"1,1 N\/cm","woo_reissfestigkeit":"19,2 N\/cm","woo_dehnung":"550 %","woo_temperatur":"- 20 bis 90 \u00b0C","woo_durchschlagsfestigkeit":"","woo_durchschlagsspannung":"","woo_wasserundurchlaessig":"","woo_liner":"","woo_kern_typ":"Pappe","woo_kern_mm":"76 mm","woo_spec":"Klebkraft auf kratzfestem Lack - nach 5 min: 2,8 N\/25 mm - nach 72 Std: 3,5 N\/25 mm - entspricht Daimler, VW, Skoda und Porsche Transportschutzspezifikationen","woo_uv_bestaendigkeit":"","woo_laengen":"200 m","woo_breite":"ab 25 mm bis zu 1.600 mm","woo_farben":"wei\u00df"},"_links":{"self":[{"href":"https:\/\/www.tapes-and-more.de\/en\/wp-json\/wp\/v2\/product\/234573","targetHints":{"allow":["GET"]}}],"collection":[{"href":"https:\/\/www.tapes-and-more.de\/en\/wp-json\/wp\/v2\/product"}],"about":[{"href":"https:\/\/www.tapes-and-more.de\/en\/wp-json\/wp\/v2\/types\/product"}],"wp:attachment":[{"href":"https:\/\/www.tapes-and-more.de\/en\/wp-json\/wp\/v2\/media?parent=234573"}],"wp:term":[{"taxonomy":"product_brand","embeddable":true,"href":"https:\/\/www.tapes-and-more.de\/en\/wp-json\/wp\/v2\/product_brand?post=234573"},{"taxonomy":"product_cat","embeddable":true,"href":"https:\/\/www.tapes-and-more.de\/en\/wp-json\/wp\/v2\/product_cat?post=234573"},{"taxonomy":"product_tag","embeddable":true,"href":"https:\/\/www.tapes-and-more.de\/en\/wp-json\/wp\/v2\/product_tag?post=234573"}],"curies":[{"name":"wp","href":"https:\/\/api.w.org\/{rel}","templated":true}]}}