{"id":234581,"date":"2023-04-27T15:56:15","date_gmt":"2023-04-27T13:56:15","guid":{"rendered":"https:\/\/www.tapes-and-more.de\/?post_type=product&#038;p=234581"},"modified":"2023-10-25T11:28:05","modified_gmt":"2023-10-25T09:28:05","slug":"3175","status":"publish","type":"product","link":"https:\/\/www.tapes-and-more.de\/en\/product-2\/3175\/","title":{"rendered":"Kraft paper adhesive tape extra strong"},"content":{"rendered":"<p>As a splicing tape in cardboard and carton production and processing and as a sealing tape for very heavy cartons.<\/p>\n<h4>For industry with high tear strength<\/h4>","protected":false},"excerpt":{"rendered":"<p>Extra strong kraft paper backing with high tear strength in longitudinal and transverse direction, coated with an aggressive rubber adhesive for good immediate adhesion and reliable long-term bonding.<\/p>\n<hr \/>\n<p>An industrial adhesive tape as a splicing tape for cardboard packaging or cardboard closures<\/p>","protected":false},"featured_media":235198,"template":"","meta":[],"product_brand":[],"product_cat":[134],"product_tag":[],"class_list":{"0":"post-234581","1":"product","2":"type-product","3":"status-publish","4":"has-post-thumbnail","6":"product_cat-kraftpapierklebebaender-papier","8":"first","9":"instock","10":"product-type-simple"},"meta_box":{"woo_sort_prod_cloth":"","woo_sort_app":"","woo_sort_branch":"","woo_sort_prod_metal":"","woo_beschreibung-produkt":"Extra starkes Kraftpapier Nr: 3175, f\u00fcr die Industrie mit einem aggressiven Kautschukklebstoff, extrem Rei\u00dffest","woo_kurztext":"Splei\u00dfband f\u00fcr Kartonagen, Kartonverschl\u00fcsse","woo_traeger":"Kraftpapier","woo_tragerstarke":"","woo_gesamtstaerke":"190 \u00b5m","woo_mesh":"","woo_klebertyp":"Kautschuk","woo_klebekraft":"6,6 N\/cm","woo_reissfestigkeit":"70 N\/cm","woo_dehnung":"7 %","woo_temperatur":"90 \u00b0C","woo_durchschlagsfestigkeit":"","woo_durchschlagsspannung":"","woo_wasserundurchlaessig":"","woo_liner":"","woo_kern_typ":"Pappe","woo_kern_mm":"76 mm","woo_spec":"","woo_uv_bestaendigkeit":"","woo_laengen":"50 m","woo_breite":"24, 100 und 150 mm","woo_farben":"braun"},"_links":{"self":[{"href":"https:\/\/www.tapes-and-more.de\/en\/wp-json\/wp\/v2\/product\/234581","targetHints":{"allow":["GET"]}}],"collection":[{"href":"https:\/\/www.tapes-and-more.de\/en\/wp-json\/wp\/v2\/product"}],"about":[{"href":"https:\/\/www.tapes-and-more.de\/en\/wp-json\/wp\/v2\/types\/product"}],"wp:featuredmedia":[{"embeddable":true,"href":"https:\/\/www.tapes-and-more.de\/en\/wp-json\/wp\/v2\/media\/235198"}],"wp:attachment":[{"href":"https:\/\/www.tapes-and-more.de\/en\/wp-json\/wp\/v2\/media?parent=234581"}],"wp:term":[{"taxonomy":"product_brand","embeddable":true,"href":"https:\/\/www.tapes-and-more.de\/en\/wp-json\/wp\/v2\/product_brand?post=234581"},{"taxonomy":"product_cat","embeddable":true,"href":"https:\/\/www.tapes-and-more.de\/en\/wp-json\/wp\/v2\/product_cat?post=234581"},{"taxonomy":"product_tag","embeddable":true,"href":"https:\/\/www.tapes-and-more.de\/en\/wp-json\/wp\/v2\/product_tag?post=234581"}],"curies":[{"name":"wp","href":"https:\/\/api.w.org\/{rel}","templated":true}]}}