{"id":234586,"date":"2023-04-28T08:10:15","date_gmt":"2023-04-28T06:10:15","guid":{"rendered":"https:\/\/www.tapes-and-more.de\/?post_type=product&#038;p=234586"},"modified":"2023-10-19T07:31:48","modified_gmt":"2023-10-19T05:31:48","slug":"3237","status":"publish","type":"product","link":"https:\/\/www.tapes-and-more.de\/en\/product-2\/3237\/","title":{"rendered":"Flat crepe adhesive tape 90 \u00b0C"},"content":{"rendered":"<p>Due to its high strength and good tear resistance, it is mainly used in film and paper production as a splicing and roll sealing tape. It is also suitable for oven drying.<\/p>\n<h4>Strong flat kepp adhesive tape for temperatures up to 90 \u00b0C<\/h4>","protected":false},"excerpt":{"rendered":"<p>Extra strong flat crepe paper coated with a natural rubber adhesive that combines high tack with good shear strength.<\/p>","protected":false},"featured_media":235219,"template":"","meta":[],"product_brand":[],"product_cat":[130],"product_tag":[],"class_list":{"0":"post-234586","1":"product","2":"type-product","3":"status-publish","4":"has-post-thumbnail","6":"product_cat-flachkreppklebebaender-papier","8":"first","9":"instock","10":"product-type-simple"},"meta_box":{"woo_sort_prod_cloth":"","woo_sort_app":"","woo_sort_branch":"","woo_sort_prod_metal":"","woo_beschreibung-produkt":"Extra stark (200 \u00b0F) Flachkrepp f\u00fcr Splei\u00dfe und Rollenverschluss und zum Abdecken, Nr: 3237","woo_kurztext":"F\u00fcr Splei\u00dfe und Rollenverschluss und zum Abdecken","woo_traeger":"Papier, leicht gekreppt","woo_tragerstarke":"","woo_gesamtstaerke":"160 \u00b5m","woo_mesh":"","woo_klebertyp":"Kautschuk","woo_klebekraft":"3,3 N\/cm","woo_reissfestigkeit":"44 N\/cm","woo_dehnung":"10 %","woo_temperatur":"90 \u00b0C","woo_durchschlagsfestigkeit":"","woo_durchschlagsspannung":"","woo_wasserundurchlaessig":"","woo_liner":"","woo_kern_typ":"Pappe","woo_kern_mm":"76 mm","woo_spec":"","woo_uv_bestaendigkeit":"","woo_laengen":"55 m","woo_breite":"96 mm (andere auf Anfrage)","woo_farben":"chamois"},"_links":{"self":[{"href":"https:\/\/www.tapes-and-more.de\/en\/wp-json\/wp\/v2\/product\/234586","targetHints":{"allow":["GET"]}}],"collection":[{"href":"https:\/\/www.tapes-and-more.de\/en\/wp-json\/wp\/v2\/product"}],"about":[{"href":"https:\/\/www.tapes-and-more.de\/en\/wp-json\/wp\/v2\/types\/product"}],"wp:featuredmedia":[{"embeddable":true,"href":"https:\/\/www.tapes-and-more.de\/en\/wp-json\/wp\/v2\/media\/235219"}],"wp:attachment":[{"href":"https:\/\/www.tapes-and-more.de\/en\/wp-json\/wp\/v2\/media?parent=234586"}],"wp:term":[{"taxonomy":"product_brand","embeddable":true,"href":"https:\/\/www.tapes-and-more.de\/en\/wp-json\/wp\/v2\/product_brand?post=234586"},{"taxonomy":"product_cat","embeddable":true,"href":"https:\/\/www.tapes-and-more.de\/en\/wp-json\/wp\/v2\/product_cat?post=234586"},{"taxonomy":"product_tag","embeddable":true,"href":"https:\/\/www.tapes-and-more.de\/en\/wp-json\/wp\/v2\/product_tag?post=234586"}],"curies":[{"name":"wp","href":"https:\/\/api.w.org\/{rel}","templated":true}]}}