{"id":234592,"date":"2023-04-28T08:37:27","date_gmt":"2023-04-28T06:37:27","guid":{"rendered":"https:\/\/www.tapes-and-more.de\/?post_type=product&#038;p=234592"},"modified":"2023-11-09T10:15:31","modified_gmt":"2023-11-09T09:15:31","slug":"3267","status":"publish","type":"product","link":"https:\/\/www.tapes-and-more.de\/en\/product-2\/3267\/","title":{"rendered":"Professional - flat crepe 100 \u00b0C"},"content":{"rendered":"<p>Professional flat crepe can do more than typical painting applications. It is ideally suited for oven drying in the automotive sector (at 100 \u00b0C permanently and up to 120 \u00b0C for short periods).<\/p>\n<h4>Professional flat crepe that can withstand up to 120 \u00b0C for short periods and is resistant to wet sanding<\/h4>","protected":false},"excerpt":{"rendered":"<p>Smooth and solvent-resistant flat crepe tape with high initial tack and shear strength. It leaves particularly clean and straight colour edges on all smooth substrates.<\/p>\n<hr \/>\n<p>Can withstand short-term loads of up to 120 \u00b0C and is resistant to wet grinding<\/p>","protected":false},"featured_media":235221,"template":"","meta":[],"product_brand":[],"product_cat":[130],"product_tag":[],"class_list":{"0":"post-234592","1":"product","2":"type-product","3":"status-publish","4":"has-post-thumbnail","6":"product_cat-flachkreppklebebaender-papier","8":"first","9":"instock","10":"product-type-simple"},"meta_box":{"woo_sort_prod_cloth":"","woo_sort_app":"","woo_sort_branch":"","woo_sort_prod_metal":"","woo_beschreibung-produkt":"Profi Flachkrepp das kurzzeitig bis 120 \u00b0C aush\u00e4lt und nassschliffbest\u00e4ndig ist. Ein gro\u00dfartiges Kreppband im KFZ-Bereich","woo_kurztext":"Kurzzeitig bis 120 \u00b0C und nassschliffbest\u00e4ndig","woo_traeger":"Papier, leicht gekreppt","woo_tragerstarke":"","woo_gesamtstaerke":"140 \u00b5m","woo_mesh":"","woo_klebertyp":"Kautschuk hochvernetzt","woo_klebekraft":"2,0 N\/cm","woo_reissfestigkeit":"40 N\/cm","woo_dehnung":"8 %","woo_temperatur":"120 \u00b0C","woo_durchschlagsfestigkeit":"","woo_durchschlagsspannung":"","woo_wasserundurchlaessig":"","woo_liner":"","woo_kern_typ":".","woo_kern_mm":"","woo_spec":"","woo_uv_bestaendigkeit":"","woo_laengen":"50 m","woo_breite":"19, 30 und 50 mm (Sonderbreiten auf Anfrage)","woo_farben":"braun"},"_links":{"self":[{"href":"https:\/\/www.tapes-and-more.de\/en\/wp-json\/wp\/v2\/product\/234592","targetHints":{"allow":["GET"]}}],"collection":[{"href":"https:\/\/www.tapes-and-more.de\/en\/wp-json\/wp\/v2\/product"}],"about":[{"href":"https:\/\/www.tapes-and-more.de\/en\/wp-json\/wp\/v2\/types\/product"}],"wp:featuredmedia":[{"embeddable":true,"href":"https:\/\/www.tapes-and-more.de\/en\/wp-json\/wp\/v2\/media\/235221"}],"wp:attachment":[{"href":"https:\/\/www.tapes-and-more.de\/en\/wp-json\/wp\/v2\/media?parent=234592"}],"wp:term":[{"taxonomy":"product_brand","embeddable":true,"href":"https:\/\/www.tapes-and-more.de\/en\/wp-json\/wp\/v2\/product_brand?post=234592"},{"taxonomy":"product_cat","embeddable":true,"href":"https:\/\/www.tapes-and-more.de\/en\/wp-json\/wp\/v2\/product_cat?post=234592"},{"taxonomy":"product_tag","embeddable":true,"href":"https:\/\/www.tapes-and-more.de\/en\/wp-json\/wp\/v2\/product_tag?post=234592"}],"curies":[{"name":"wp","href":"https:\/\/api.w.org\/{rel}","templated":true}]}}