{"id":234594,"date":"2023-04-28T08:45:08","date_gmt":"2023-04-28T06:45:08","guid":{"rendered":"https:\/\/www.tapes-and-more.de\/?post_type=product&#038;p=234594"},"modified":"2023-10-18T10:22:10","modified_gmt":"2023-10-18T08:22:10","slug":"3284","status":"publish","type":"product","link":"https:\/\/www.tapes-and-more.de\/en\/product-2\/3284\/","title":{"rendered":"Flat crepe adhesive tape 160 \u00b0C"},"content":{"rendered":"<p>Masking tape for all demanding painting applications requiring high temperature drying or multiple oven passes.<\/p>\n<h4>The high-performance belt for multiple oven runs at high temperatures up to 160 \u00b0C<\/h4>","protected":false},"excerpt":{"rendered":"<p>Robust, finely creped, impregnated paper backing, coated with a cross-linked natural rubber adhesive that allows residue-free removal after high drying temperatures of up to 160 \u00b0C.<\/p>\n<hr \/>\n<p>High performance flat crepe tape 160 \u00b0C<\/p>","protected":false},"featured_media":235226,"template":"","meta":[],"product_brand":[],"product_cat":[130],"product_tag":[],"class_list":{"0":"post-234594","1":"product","2":"type-product","3":"status-publish","4":"has-post-thumbnail","6":"product_cat-flachkreppklebebaender-papier","8":"first","9":"instock","10":"product-type-simple"},"meta_box":{"woo_sort_prod_cloth":"","woo_sort_app":"","woo_sort_branch":"","woo_sort_prod_metal":"","woo_beschreibung-produkt":"High Performance Flachkrepp-Klebeband 160 \u00b0C, professionell auch f\u00fcr mehrfache Ofentrockungen, Nr: 3284","woo_kurztext":"F\u00fcr mehrfache Ofendurchl\u00e4ufe bei hohen Temperaturen","woo_traeger":"Papier, leicht gekreppt","woo_tragerstarke":"","woo_gesamtstaerke":"180 \u00b5m","woo_mesh":"","woo_klebertyp":"Kautschuk","woo_klebekraft":"4,2 N\/cm","woo_reissfestigkeit":"31 N\/cm","woo_dehnung":"10 %","woo_temperatur":"160 \u00b0C","woo_durchschlagsfestigkeit":"","woo_durchschlagsspannung":"","woo_wasserundurchlaessig":"","woo_liner":"","woo_kern_typ":"Pappe","woo_kern_mm":"76 mm","woo_spec":"Dieses hochwertige Abdeckklebeband ist unter der Nummer 32849 auch mit mittig klebefreier Zone erh\u00e4ltlich. Gesamtbreite 100 mm, der klebefreie Bereich von 50 mm wird durch ein hochwertiges Papier realisiert.","woo_uv_bestaendigkeit":"","woo_laengen":"50 m","woo_breite":"19 mm - 1475 mm","woo_farben":"chamois"},"_links":{"self":[{"href":"https:\/\/www.tapes-and-more.de\/en\/wp-json\/wp\/v2\/product\/234594","targetHints":{"allow":["GET"]}}],"collection":[{"href":"https:\/\/www.tapes-and-more.de\/en\/wp-json\/wp\/v2\/product"}],"about":[{"href":"https:\/\/www.tapes-and-more.de\/en\/wp-json\/wp\/v2\/types\/product"}],"wp:featuredmedia":[{"embeddable":true,"href":"https:\/\/www.tapes-and-more.de\/en\/wp-json\/wp\/v2\/media\/235226"}],"wp:attachment":[{"href":"https:\/\/www.tapes-and-more.de\/en\/wp-json\/wp\/v2\/media?parent=234594"}],"wp:term":[{"taxonomy":"product_brand","embeddable":true,"href":"https:\/\/www.tapes-and-more.de\/en\/wp-json\/wp\/v2\/product_brand?post=234594"},{"taxonomy":"product_cat","embeddable":true,"href":"https:\/\/www.tapes-and-more.de\/en\/wp-json\/wp\/v2\/product_cat?post=234594"},{"taxonomy":"product_tag","embeddable":true,"href":"https:\/\/www.tapes-and-more.de\/en\/wp-json\/wp\/v2\/product_tag?post=234594"}],"curies":[{"name":"wp","href":"https:\/\/api.w.org\/{rel}","templated":true}]}}