{"id":234603,"date":"2023-04-28T09:17:54","date_gmt":"2023-04-28T07:17:54","guid":{"rendered":"https:\/\/www.tapes-and-more.de\/?post_type=product&#038;p=234603"},"modified":"2023-11-09T10:13:50","modified_gmt":"2023-11-09T09:13:50","slug":"3455","status":"publish","type":"product","link":"https:\/\/www.tapes-and-more.de\/en\/product-2\/3455\/","title":{"rendered":"Cellulose adhesive tape"},"content":{"rendered":"<p>Especially as film splicing tape and for packaging applications.<\/p>\n<h4>Environmentally friendly and versatile<\/h4>","protected":false},"excerpt":{"rendered":"<p>High-quality cellulose adhesive tape from Nichiban. The environmentally friendly and hand-tearable cellulose film is coated with a natural rubber adhesive. Also called cellophane or hydrate cellulose in older documentation.<\/p>","protected":false},"featured_media":0,"template":"","meta":[],"product_brand":[],"product_cat":[133],"product_tag":[],"class_list":{"0":"post-234603","1":"product","2":"type-product","3":"status-publish","5":"product_cat-zelluloseklebebaender-papier","7":"first","8":"instock","9":"product-type-simple"},"meta_box":{"woo_sort_prod_cloth":"","woo_sort_app":"","woo_sort_branch":"","woo_sort_prod_metal":"","woo_beschreibung-produkt":"Umweltfreundliches Zellulose-Klebeband Nr: 3455 hervorragend zum Splei\u00dfen und f\u00fcr Verpackungsanwendungen","woo_kurztext":"Zum Splei\u00dfen und f\u00fcr Verpackungsanwendungen","woo_traeger":"Zellulose-Folie","woo_tragerstarke":"","woo_gesamtstaerke":"50 \u00b5m","woo_mesh":"","woo_klebertyp":"Kautschuk","woo_klebekraft":"2,9 N\/cm","woo_reissfestigkeit":"33 N\/cm","woo_dehnung":"22 %","woo_temperatur":"- 15\u00b0 bis 130 \u00b0C","woo_durchschlagsfestigkeit":"","woo_durchschlagsspannung":"","woo_wasserundurchlaessig":"","woo_liner":"","woo_kern_typ":"Pappe","woo_kern_mm":"76 mm","woo_spec":"","woo_uv_bestaendigkeit":"","woo_laengen":"66 m, als Sonderl\u00e4nge ist 33 m m\u00f6glich","woo_breite":"19, 25, und 50 mm (weitere auf Anfrage)","woo_farben":"transparent"},"_links":{"self":[{"href":"https:\/\/www.tapes-and-more.de\/en\/wp-json\/wp\/v2\/product\/234603","targetHints":{"allow":["GET"]}}],"collection":[{"href":"https:\/\/www.tapes-and-more.de\/en\/wp-json\/wp\/v2\/product"}],"about":[{"href":"https:\/\/www.tapes-and-more.de\/en\/wp-json\/wp\/v2\/types\/product"}],"wp:attachment":[{"href":"https:\/\/www.tapes-and-more.de\/en\/wp-json\/wp\/v2\/media?parent=234603"}],"wp:term":[{"taxonomy":"product_brand","embeddable":true,"href":"https:\/\/www.tapes-and-more.de\/en\/wp-json\/wp\/v2\/product_brand?post=234603"},{"taxonomy":"product_cat","embeddable":true,"href":"https:\/\/www.tapes-and-more.de\/en\/wp-json\/wp\/v2\/product_cat?post=234603"},{"taxonomy":"product_tag","embeddable":true,"href":"https:\/\/www.tapes-and-more.de\/en\/wp-json\/wp\/v2\/product_tag?post=234603"}],"curies":[{"name":"wp","href":"https:\/\/api.w.org\/{rel}","templated":true}]}}