{"id":234605,"date":"2023-04-28T09:23:33","date_gmt":"2023-04-28T07:23:33","guid":{"rendered":"https:\/\/www.tapes-and-more.de\/?post_type=product&#038;p=234605"},"modified":"2023-11-08T08:33:52","modified_gmt":"2023-11-08T07:33:52","slug":"3456","status":"publish","type":"product","link":"https:\/\/www.tapes-and-more.de\/en\/product-2\/3456\/","title":{"rendered":"Cellulose adhesive tape litho-red"},"content":{"rendered":"<p>Especially for lithographic work, as marking tape, as film splicing tape and for packaging applications.<\/p>\n<h4>Cellulose adhesive tape is environmentally friendly and here in litho red<\/h4>","protected":false},"excerpt":{"rendered":"<p>High-quality cellulose adhesive tape from Nichiban. The environmentally friendly and hand-tearable cellulose film is coated with a natural rubber adhesive. Also called cellophane or hydrate cellulose in older documentation.<\/p>\n<hr \/>\n<p>Litho red for lithographic work, for splicing or environmentally friendly packaging<\/p>","protected":false},"featured_media":0,"template":"","meta":[],"product_brand":[],"product_cat":[133],"product_tag":[],"class_list":{"0":"post-234605","1":"product","2":"type-product","3":"status-publish","5":"product_cat-zelluloseklebebaender-papier","7":"first","8":"instock","9":"product-type-simple"},"meta_box":{"woo_sort_prod_cloth":"","woo_sort_app":"","woo_sort_branch":"","woo_sort_prod_metal":"","woo_beschreibung-produkt":"Zellulose-Klebeband in lithorot Nr: 3456 speziell f\u00fcr lithografische Arbeiten, auch zum Splei\u00dfen oder umweltfreudlich Verpacken","woo_kurztext":"F\u00fcr lithografische Arbeiten, Splei\u00dfen, Verpacken","woo_traeger":"Zellulose-Folie","woo_tragerstarke":"","woo_gesamtstaerke":"57 \u00b5m","woo_mesh":"","woo_klebertyp":"Kautschuk","woo_klebekraft":"2,9 N\/cm","woo_reissfestigkeit":"45 N\/cm","woo_dehnung":"18 %","woo_temperatur":"- 15\u00b0 bis 130 \u00b0C","woo_durchschlagsfestigkeit":"","woo_durchschlagsspannung":"","woo_wasserundurchlaessig":"","woo_liner":"","woo_kern_typ":"Pappe","woo_kern_mm":"76 mm","woo_spec":"","woo_uv_bestaendigkeit":"","woo_laengen":"66 m","woo_breite":"19, 25, und 50 mm","woo_farben":"litho-rot"},"_links":{"self":[{"href":"https:\/\/www.tapes-and-more.de\/en\/wp-json\/wp\/v2\/product\/234605","targetHints":{"allow":["GET"]}}],"collection":[{"href":"https:\/\/www.tapes-and-more.de\/en\/wp-json\/wp\/v2\/product"}],"about":[{"href":"https:\/\/www.tapes-and-more.de\/en\/wp-json\/wp\/v2\/types\/product"}],"wp:attachment":[{"href":"https:\/\/www.tapes-and-more.de\/en\/wp-json\/wp\/v2\/media?parent=234605"}],"wp:term":[{"taxonomy":"product_brand","embeddable":true,"href":"https:\/\/www.tapes-and-more.de\/en\/wp-json\/wp\/v2\/product_brand?post=234605"},{"taxonomy":"product_cat","embeddable":true,"href":"https:\/\/www.tapes-and-more.de\/en\/wp-json\/wp\/v2\/product_cat?post=234605"},{"taxonomy":"product_tag","embeddable":true,"href":"https:\/\/www.tapes-and-more.de\/en\/wp-json\/wp\/v2\/product_tag?post=234605"}],"curies":[{"name":"wp","href":"https:\/\/api.w.org\/{rel}","templated":true}]}}