{"id":234606,"date":"2023-04-28T09:26:35","date_gmt":"2023-04-28T07:26:35","guid":{"rendered":"https:\/\/www.tapes-and-more.de\/?post_type=product&#038;p=234606"},"modified":"2023-11-08T08:55:58","modified_gmt":"2023-11-08T07:55:58","slug":"3457","status":"publish","type":"product","link":"https:\/\/www.tapes-and-more.de\/en\/product-2\/3457\/","title":{"rendered":"Cellulose adhesive tape"},"content":{"rendered":"<p>This tape was developed as a splicing tape especially for the film manufacturing and packaging industry (also thermal packaging systems). The red colour is often desired for labelling and locating splices.<\/p>\n<h4>Coloured cellulose tape especially for labelling<\/h4>","protected":false},"excerpt":{"rendered":"<p>High quality, coloured Nichiban cellulose adhesive tape consisting of a cellulose film coated with natural rubber adhesive. Easy to tear by hand, very heat and solvent resistant with low static charge.<\/p>\n<hr \/>\n<p>For labelling in various colours and additionally printable<\/p>","protected":false},"featured_media":235228,"template":"","meta":[],"product_brand":[],"product_cat":[133],"product_tag":[],"class_list":{"0":"post-234606","1":"product","2":"type-product","3":"status-publish","4":"has-post-thumbnail","6":"product_cat-zelluloseklebebaender-papier","8":"first","9":"instock","10":"product-type-simple"},"meta_box":{"woo_sort_prod_cloth":"","woo_sort_app":"","woo_sort_branch":"","woo_sort_prod_metal":"","woo_beschreibung-produkt":"Farbiges Zellulose-Klebeband Nr: 3457 zur Kennzeichnung oder f\u00fcr Splei\u00dfarbeiten und zus\u00e4tzlich bedruckbar","woo_kurztext":"Splei\u00dfband f\u00fcr Folien in diversen Farben, auch bedruckbar","woo_traeger":"Zellulose-Folie","woo_tragerstarke":"35 \u00b5m","woo_gesamtstaerke":"51 \u00b5m","woo_mesh":"","woo_klebertyp":"Kautschuk","woo_klebekraft":"3,6 N\/cm","woo_reissfestigkeit":"41 N\/cm","woo_dehnung":"23 %","woo_temperatur":"130 \u00b0C","woo_durchschlagsfestigkeit":"","woo_durchschlagsspannung":"","woo_wasserundurchlaessig":"","woo_liner":"","woo_kern_typ":"Pappe","woo_kern_mm":"76 mm","woo_spec":"In \u00e4lteren Dokumentationen auch Zellophan bzw. Hydratcellulose genannt.","woo_uv_bestaendigkeit":"","woo_laengen":"35 m","woo_breite":"24 und 50 mm (weitere auf Anfrage)","woo_farben":"wei\u00df, schwarz, rot, gelb, gr\u00fcn und blau"},"_links":{"self":[{"href":"https:\/\/www.tapes-and-more.de\/en\/wp-json\/wp\/v2\/product\/234606","targetHints":{"allow":["GET"]}}],"collection":[{"href":"https:\/\/www.tapes-and-more.de\/en\/wp-json\/wp\/v2\/product"}],"about":[{"href":"https:\/\/www.tapes-and-more.de\/en\/wp-json\/wp\/v2\/types\/product"}],"wp:featuredmedia":[{"embeddable":true,"href":"https:\/\/www.tapes-and-more.de\/en\/wp-json\/wp\/v2\/media\/235228"}],"wp:attachment":[{"href":"https:\/\/www.tapes-and-more.de\/en\/wp-json\/wp\/v2\/media?parent=234606"}],"wp:term":[{"taxonomy":"product_brand","embeddable":true,"href":"https:\/\/www.tapes-and-more.de\/en\/wp-json\/wp\/v2\/product_brand?post=234606"},{"taxonomy":"product_cat","embeddable":true,"href":"https:\/\/www.tapes-and-more.de\/en\/wp-json\/wp\/v2\/product_cat?post=234606"},{"taxonomy":"product_tag","embeddable":true,"href":"https:\/\/www.tapes-and-more.de\/en\/wp-json\/wp\/v2\/product_tag?post=234606"}],"curies":[{"name":"wp","href":"https:\/\/api.w.org\/{rel}","templated":true}]}}