{"id":234611,"date":"2023-04-28T09:51:35","date_gmt":"2023-04-28T07:51:35","guid":{"rendered":"https:\/\/www.tapes-and-more.de\/?post_type=product&#038;p=234611"},"modified":"2023-11-09T10:12:22","modified_gmt":"2023-11-09T09:12:22","slug":"3555","status":"publish","type":"product","link":"https:\/\/www.tapes-and-more.de\/en\/product-2\/3555\/","title":{"rendered":"Painter's masking tape - gold"},"content":{"rendered":"<p>Excellent for all high-quality painting and varnishing work as well as multi-colour painting. You get razor-sharp paint edges because no paint runs behind.<\/p>\n<h4>Painter's crepe gold made from environmentally friendly cellulose<\/h4>","protected":false},"excerpt":{"rendered":"<p>Particularly thin, impregnated special paper. Due to the special adhesive, removal without residue is possible even after weeks. It is UV-resistant and can therefore also be used outdoors in the long term.<\/p>\n<hr \/>\n<p>Environmentally friendly masking tape gold with arcylate adhesive<\/p>","protected":false},"featured_media":235229,"template":"","meta":[],"product_brand":[],"product_cat":[114,148,168,179,188,122],"product_tag":[],"class_list":{"0":"post-234611","1":"product","2":"type-product","3":"status-publish","4":"has-post-thumbnail","6":"product_cat-abdecken","7":"product_cat-papier-bau","8":"product_cat-papier-handel","9":"product_cat-papier-messebau","10":"product_cat-papier-maschinen-_und_anlagenbau","11":"product_cat-schuetzen","13":"first","14":"instock","15":"product-type-simple"},"meta_box":{"woo_sort_prod_cloth":"","woo_sort_app":"","woo_sort_branch":"","woo_sort_prod_metal":"","woo_beschreibung-produkt":"Umweltfreundliches Malerkrepp-Gold Nr: 3555 f\u00fcr gestochen scharfe Farbkanten und ist zus\u00e4tzlich UV-best\u00e4ndig.","woo_kurztext":"","woo_traeger":"Zellulose-Folie","woo_tragerstarke":"","woo_gesamtstaerke":"90 \u00b5m","woo_mesh":"","woo_klebertyp":"Acrylat LM","woo_klebekraft":"1,9 N\/cm","woo_reissfestigkeit":"32,4 N\/cm","woo_dehnung":"4 %","woo_temperatur":"100 \u00b0C","woo_durchschlagsfestigkeit":"","woo_durchschlagsspannung":"","woo_wasserundurchlaessig":"","woo_liner":"","woo_kern_typ":".","woo_kern_mm":"","woo_spec":"","woo_uv_bestaendigkeit":"","woo_laengen":"50 m","woo_breite":"19, 25, 38 und 50 mm","woo_farben":"goldgelb"},"_links":{"self":[{"href":"https:\/\/www.tapes-and-more.de\/en\/wp-json\/wp\/v2\/product\/234611","targetHints":{"allow":["GET"]}}],"collection":[{"href":"https:\/\/www.tapes-and-more.de\/en\/wp-json\/wp\/v2\/product"}],"about":[{"href":"https:\/\/www.tapes-and-more.de\/en\/wp-json\/wp\/v2\/types\/product"}],"wp:featuredmedia":[{"embeddable":true,"href":"https:\/\/www.tapes-and-more.de\/en\/wp-json\/wp\/v2\/media\/235229"}],"wp:attachment":[{"href":"https:\/\/www.tapes-and-more.de\/en\/wp-json\/wp\/v2\/media?parent=234611"}],"wp:term":[{"taxonomy":"product_brand","embeddable":true,"href":"https:\/\/www.tapes-and-more.de\/en\/wp-json\/wp\/v2\/product_brand?post=234611"},{"taxonomy":"product_cat","embeddable":true,"href":"https:\/\/www.tapes-and-more.de\/en\/wp-json\/wp\/v2\/product_cat?post=234611"},{"taxonomy":"product_tag","embeddable":true,"href":"https:\/\/www.tapes-and-more.de\/en\/wp-json\/wp\/v2\/product_tag?post=234611"}],"curies":[{"name":"wp","href":"https:\/\/api.w.org\/{rel}","templated":true}]}}