{"id":234613,"date":"2023-04-28T11:00:51","date_gmt":"2023-04-28T09:00:51","guid":{"rendered":"https:\/\/www.tapes-and-more.de\/?post_type=product&#038;p=234613"},"modified":"2023-07-18T08:23:48","modified_gmt":"2023-07-18T06:23:48","slug":"3558","status":"publish","type":"product","link":"https:\/\/www.tapes-and-more.de\/en\/product-2\/3558\/","title":{"rendered":"Rice paper tape green"},"content":{"rendered":"<p>Ideally suited for protecting high-quality, painted or untreated plastic and metal surfaces and other sensitive surfaces. Can also be used as masking tape for high-quality painting work.<\/p>","protected":false},"excerpt":{"rendered":"<p>Thin, impregnated green special paper. The special acrylate adhesive allows this Nichiban tape to be removed without leaving any residue, even after weeks. It is UV-resistant and can therefore also be used outdoors.<\/p>","protected":false},"featured_media":0,"template":"","meta":[],"product_brand":[],"product_cat":[132],"product_tag":[],"class_list":{"0":"post-234613","1":"product","2":"type-product","3":"status-publish","5":"product_cat-washi_tapes-papier","7":"first","8":"outofstock","9":"product-type-simple"},"meta_box":{"woo_sort_prod_cloth":"","woo_sort_app":"","woo_sort_branch":"","woo_sort_prod_metal":"","woo_beschreibung-produkt":"NB2312","woo_kurztext":"Wie 3557, aber kr\u00e4ftiger und st\u00e4rker klebend","woo_traeger":"Reispapier impr\u00e4gniert","woo_tragerstarke":"","woo_gesamtstaerke":"95 \u00b5m","woo_mesh":"","woo_klebertyp":"Acrylat LM","woo_klebekraft":"1,1 N\/cm","woo_reissfestigkeit":"35 N\/cm","woo_dehnung":"5 %","woo_temperatur":"120 \u00b0C","woo_durchschlagsfestigkeit":"","woo_durchschlagsspannung":"","woo_wasserundurchlaessig":"","woo_liner":"","woo_kern_typ":"Pappe","woo_kern_mm":"76 mm","woo_spec":"12 Wochen UV best\u00e4ndig","woo_uv_bestaendigkeit":"12 Wochen UV best\u00e4ndig","woo_laengen":"18 m","woo_breite":"38 mm (weitere auf Anfrage)","woo_farben":"gr\u00fcn"},"_links":{"self":[{"href":"https:\/\/www.tapes-and-more.de\/en\/wp-json\/wp\/v2\/product\/234613","targetHints":{"allow":["GET"]}}],"collection":[{"href":"https:\/\/www.tapes-and-more.de\/en\/wp-json\/wp\/v2\/product"}],"about":[{"href":"https:\/\/www.tapes-and-more.de\/en\/wp-json\/wp\/v2\/types\/product"}],"wp:attachment":[{"href":"https:\/\/www.tapes-and-more.de\/en\/wp-json\/wp\/v2\/media?parent=234613"}],"wp:term":[{"taxonomy":"product_brand","embeddable":true,"href":"https:\/\/www.tapes-and-more.de\/en\/wp-json\/wp\/v2\/product_brand?post=234613"},{"taxonomy":"product_cat","embeddable":true,"href":"https:\/\/www.tapes-and-more.de\/en\/wp-json\/wp\/v2\/product_cat?post=234613"},{"taxonomy":"product_tag","embeddable":true,"href":"https:\/\/www.tapes-and-more.de\/en\/wp-json\/wp\/v2\/product_tag?post=234613"}],"curies":[{"name":"wp","href":"https:\/\/api.w.org\/{rel}","templated":true}]}}