{"id":234614,"date":"2023-04-28T11:04:41","date_gmt":"2023-04-28T09:04:41","guid":{"rendered":"https:\/\/www.tapes-and-more.de\/?post_type=product&#038;p=234614"},"modified":"2023-11-09T10:11:31","modified_gmt":"2023-11-09T09:11:31","slug":"3577","status":"publish","type":"product","link":"https:\/\/www.tapes-and-more.de\/en\/product-2\/3577\/","title":{"rendered":"Rice Paper Tape BLUE NB2541"},"content":{"rendered":"<p>The adhesive tape is suitable as a masking tape for the most demanding painting jobs on a wide variety of substrates. Due to its high UV resistance, it is also suitable for protecting sensitive surfaces, even outdoors.<\/p>\n<h4>Rice paper tape in blue for painting work and as protective tape for outdoor use<\/h4>","protected":false},"excerpt":{"rendered":"<p>Thin, impregnated blue special paper coated with a very high-quality and UV-resistant acrylate adhesive. This makes this adhesive tape perfectly suitable for outdoor use.<\/p>\n<hr \/>\n<p>Rice paper tape in blue for painting work and as protective tape for outdoor use<\/p>","protected":false},"featured_media":235231,"template":"","meta":[],"product_brand":[],"product_cat":[132],"product_tag":[],"class_list":{"0":"post-234614","1":"product","2":"type-product","3":"status-publish","4":"has-post-thumbnail","6":"product_cat-washi_tapes-papier","8":"first","9":"instock","10":"product-type-simple"},"meta_box":{"woo_sort_prod_cloth":"","woo_sort_app":"","woo_sort_branch":"","woo_sort_prod_metal":"","woo_beschreibung-produkt":"Reispapierklebeband in blau Nr: 3577 f\u00fcr anspruchvollste Lackierarbeiten und kann empfindlicher Oberfl\u00e4chen f\u00fcr 12 Wochen besch\u00fctzen.","woo_kurztext":"Kein Datenblatt vorhanden","woo_traeger":"Reispapier impr\u00e4gniert","woo_tragerstarke":"","woo_gesamtstaerke":"96 \u00b5m","woo_mesh":"","woo_klebertyp":"Acrylat LM","woo_klebekraft":"1,3 N\/cm","woo_reissfestigkeit":"33 N\/cm","woo_dehnung":"7 %","woo_temperatur":"120 \u00b0C","woo_durchschlagsfestigkeit":"","woo_durchschlagsspannung":"","woo_wasserundurchlaessig":"","woo_liner":"","woo_kern_typ":"Pappe","woo_kern_mm":"76 mm","woo_spec":"UV-Best\u00e4ndigkeit in mitteleurop\u00e4ischem Klima: 12 Wochen. Rollenl\u00e4ngen von 18 m haben einen 25 mm gro\u00dfen Pappkern.","woo_uv_bestaendigkeit":"UV-Best\u00e4ndigkeit in mitteleurop\u00e4ischem Klima: 12 Wochen","woo_laengen":"18 und 50 m","woo_breite":"24, 38 und 50 mm","woo_farben":"blau"},"_links":{"self":[{"href":"https:\/\/www.tapes-and-more.de\/en\/wp-json\/wp\/v2\/product\/234614","targetHints":{"allow":["GET"]}}],"collection":[{"href":"https:\/\/www.tapes-and-more.de\/en\/wp-json\/wp\/v2\/product"}],"about":[{"href":"https:\/\/www.tapes-and-more.de\/en\/wp-json\/wp\/v2\/types\/product"}],"wp:featuredmedia":[{"embeddable":true,"href":"https:\/\/www.tapes-and-more.de\/en\/wp-json\/wp\/v2\/media\/235231"}],"wp:attachment":[{"href":"https:\/\/www.tapes-and-more.de\/en\/wp-json\/wp\/v2\/media?parent=234614"}],"wp:term":[{"taxonomy":"product_brand","embeddable":true,"href":"https:\/\/www.tapes-and-more.de\/en\/wp-json\/wp\/v2\/product_brand?post=234614"},{"taxonomy":"product_cat","embeddable":true,"href":"https:\/\/www.tapes-and-more.de\/en\/wp-json\/wp\/v2\/product_cat?post=234614"},{"taxonomy":"product_tag","embeddable":true,"href":"https:\/\/www.tapes-and-more.de\/en\/wp-json\/wp\/v2\/product_tag?post=234614"}],"curies":[{"name":"wp","href":"https:\/\/api.w.org\/{rel}","templated":true}]}}