{"id":234615,"date":"2023-04-28T11:05:01","date_gmt":"2023-04-28T09:05:01","guid":{"rendered":"https:\/\/www.tapes-and-more.de\/?post_type=product&#038;p=234615"},"modified":"2023-11-08T10:16:08","modified_gmt":"2023-11-08T09:16:08","slug":"3615","status":"publish","type":"product","link":"https:\/\/www.tapes-and-more.de\/en\/product-2\/3615\/","title":{"rendered":"Paper tape water soluble"},"content":{"rendered":"<p>Universal, water-soluble adhesive tape for splicing, roll closure or core fixation in the paper industry.<\/p>\n<h4>Water-soluble paper adhesive tape that can withstand temperatures of up to 200 \u00b0C<\/h4>","protected":false},"excerpt":{"rendered":"<p>Water-soluble special paper, coated on one side with an acrylic adhesive that is also water-soluble.<\/p>","protected":false},"featured_media":0,"template":"","meta":[],"product_brand":[],"product_cat":[194,196],"product_tag":[],"class_list":{"0":"post-234615","1":"product","2":"type-product","3":"status-publish","5":"product_cat-papier-papierindustrie","6":"product_cat-spezial-papierindustrie","8":"first","9":"instock","10":"product-type-simple"},"meta_box":{"woo_sort_prod_cloth":"","woo_sort_app":"","woo_sort_branch":"","woo_sort_prod_metal":"","woo_beschreibung-produkt":"Wasserl\u00f6sliches Spezialpapier zum Splei\u00dfen Nr:3615, speziell f\u00fcr den Rollenverschluss oder die Kernfixierung in der Papierindustrie","woo_kurztext":"","woo_traeger":"Spezialpapier","woo_tragerstarke":"","woo_gesamtstaerke":"155 \u00b5m","woo_mesh":"","woo_klebertyp":"Acrylat WB","woo_klebekraft":"3,2 N\/cm","woo_reissfestigkeit":"60 N\/cm","woo_dehnung":"5 %","woo_temperatur":"200 \u00b0C","woo_durchschlagsfestigkeit":"","woo_durchschlagsspannung":"","woo_wasserundurchlaessig":"","woo_liner":"","woo_kern_typ":"Pappe","woo_kern_mm":"76 mm","woo_spec":"TAPPI UM 213","woo_uv_bestaendigkeit":"","woo_laengen":"66 m","woo_breite":"25 und 38 mm","woo_farben":"t\u00fcrkis"},"_links":{"self":[{"href":"https:\/\/www.tapes-and-more.de\/en\/wp-json\/wp\/v2\/product\/234615","targetHints":{"allow":["GET"]}}],"collection":[{"href":"https:\/\/www.tapes-and-more.de\/en\/wp-json\/wp\/v2\/product"}],"about":[{"href":"https:\/\/www.tapes-and-more.de\/en\/wp-json\/wp\/v2\/types\/product"}],"wp:attachment":[{"href":"https:\/\/www.tapes-and-more.de\/en\/wp-json\/wp\/v2\/media?parent=234615"}],"wp:term":[{"taxonomy":"product_brand","embeddable":true,"href":"https:\/\/www.tapes-and-more.de\/en\/wp-json\/wp\/v2\/product_brand?post=234615"},{"taxonomy":"product_cat","embeddable":true,"href":"https:\/\/www.tapes-and-more.de\/en\/wp-json\/wp\/v2\/product_cat?post=234615"},{"taxonomy":"product_tag","embeddable":true,"href":"https:\/\/www.tapes-and-more.de\/en\/wp-json\/wp\/v2\/product_tag?post=234615"}],"curies":[{"name":"wp","href":"https:\/\/api.w.org\/{rel}","templated":true}]}}