{"id":234619,"date":"2023-05-02T08:35:25","date_gmt":"2023-05-02T06:35:25","guid":{"rendered":"https:\/\/www.tapes-and-more.de\/?post_type=product&#038;p=234619"},"modified":"2023-10-17T09:06:18","modified_gmt":"2023-10-17T07:06:18","slug":"4155","status":"publish","type":"product","link":"https:\/\/www.tapes-and-more.de\/en\/product-2\/4155\/","title":{"rendered":"Aluminium adhesive tape 50 \u00b5m on liner"},"content":{"rendered":"<p>Used as a vapour barrier, as a high-quality masking tape, as a reflective film and for insulation. Also suitable for masking work in electroplating and as welding bead protection. The release paper allows easy production of die-cut parts.<\/p>\n<h4>Aluminium strip with uncoated surface<\/h4>","protected":false},"excerpt":{"rendered":"<p>Medium strength, well adhering aluminium adhesive tape coated with light and ageing resistant acrylic adhesive and equipped with white release paper (liner).<\/p>\n<p>Durch unbeschichtete Oberfl\u00e4che hat es eine sehr gute Band-auf-Band Haftung.<\/p>","protected":false},"featured_media":235234,"template":"","meta":[],"product_brand":[],"product_cat":[118,99,145,165],"product_tag":[],"class_list":{"0":"post-234619","1":"product","2":"type-product","3":"status-publish","4":"has-post-thumbnail","6":"product_cat-daemmen","7":"product_cat-klebebaender_mit_aluminiumtraeger","8":"product_cat-metall-bau","9":"product_cat-metall-handel","11":"first","12":"instock","13":"product-type-simple"},"meta_box":{"woo_sort_prod_cloth":"","woo_sort_app":"","woo_sort_branch":"","woo_sort_prod_metal":"","woo_beschreibung-produkt":"Aluminiumklebeband, eine unbeschichtete Oberfl\u00e4che ist wunderbar f\u00fcr Band-auf-Band Haftung, Nr. 4155","woo_kurztext":"Unbeschichtete Oberfl\u00e4che, sehr gute Band-auf-Band Haftung","woo_traeger":"Aluminium","woo_tragerstarke":"50 \u00b5m","woo_gesamtstaerke":"90 \u00b5m","woo_mesh":"","woo_klebertyp":"Acrylat LM","woo_klebekraft":"7,5 N\/cm","woo_reissfestigkeit":"35 N\/cm","woo_dehnung":"3 %","woo_temperatur":"- 50 bis 150 \u00b0C","woo_durchschlagsfestigkeit":"","woo_durchschlagsspannung":"","woo_wasserundurchlaessig":"Ja","woo_liner":"Papier, wei\u00df","woo_kern_typ":"Pappe","woo_kern_mm":"76 mm","woo_spec":"Auch ohne Trennpapier mit Releasecoat (leicht abrollbar) unter der Art. Nr.: 41551 erh\u00e4ltlich. Flammhemmend nach UL 510. Wasserdampfdurchl\u00e4ssigkeit = 0 g\/m\u00b2\/24h, bzw. nicht messbare Menge.","woo_uv_bestaendigkeit":"","woo_laengen":"50 m","woo_breite":"50 mm (weitere auf Anfrage)","woo_farben":"aluminium"},"_links":{"self":[{"href":"https:\/\/www.tapes-and-more.de\/en\/wp-json\/wp\/v2\/product\/234619","targetHints":{"allow":["GET"]}}],"collection":[{"href":"https:\/\/www.tapes-and-more.de\/en\/wp-json\/wp\/v2\/product"}],"about":[{"href":"https:\/\/www.tapes-and-more.de\/en\/wp-json\/wp\/v2\/types\/product"}],"wp:featuredmedia":[{"embeddable":true,"href":"https:\/\/www.tapes-and-more.de\/en\/wp-json\/wp\/v2\/media\/235234"}],"wp:attachment":[{"href":"https:\/\/www.tapes-and-more.de\/en\/wp-json\/wp\/v2\/media?parent=234619"}],"wp:term":[{"taxonomy":"product_brand","embeddable":true,"href":"https:\/\/www.tapes-and-more.de\/en\/wp-json\/wp\/v2\/product_brand?post=234619"},{"taxonomy":"product_cat","embeddable":true,"href":"https:\/\/www.tapes-and-more.de\/en\/wp-json\/wp\/v2\/product_cat?post=234619"},{"taxonomy":"product_tag","embeddable":true,"href":"https:\/\/www.tapes-and-more.de\/en\/wp-json\/wp\/v2\/product_tag?post=234619"}],"curies":[{"name":"wp","href":"https:\/\/api.w.org\/{rel}","templated":true}]}}