{"id":234640,"date":"2023-05-04T09:25:22","date_gmt":"2023-05-04T07:25:22","guid":{"rendered":"https:\/\/www.tapes-and-more.de\/?post_type=product&#038;p=234640"},"modified":"2023-11-08T10:30:22","modified_gmt":"2023-11-08T09:30:22","slug":"5115","status":"publish","type":"product","link":"https:\/\/www.tapes-and-more.de\/en\/product-2\/5115\/","title":{"rendered":"Transfer ribbon outside wound"},"content":{"rendered":"<p>Ideal for simple splicing applications, label fixing and handicrafts of all kinds, such as pictures in photo albums, paper or cardboard folding and craft work.<\/p>\n<h4>An externally wound acrylic adhesive on silicone liner<\/h4>\n<p><span style=\"display: none;\">Orange peel<\/span><\/p>","protected":false},"excerpt":{"rendered":"<p>Pure acrylic adhesive on silicone paper, outside wound, especially for ATG dispensers. For better processing, invisible hair-thin PET threads are inserted in the adhesive, which ensure good release of the adhesive from the paper liner.<\/p>","protected":false},"featured_media":235240,"template":"","meta":[],"product_brand":[],"product_cat":[116,124,80,149,169,180,189,202],"product_tag":[],"class_list":{"0":"post-234640","1":"product","2":"type-product","3":"status-publish","4":"has-post-thumbnail","6":"product_cat-befestigen","7":"product_cat-spleissen","8":"product_cat-traegerlos","9":"product_cat-traegerlos-bau","10":"product_cat-traegerlos-handel","11":"product_cat-traegerlos-messebau","12":"product_cat-traegerlos-maschinen-_und_anlagenbau","13":"product_cat-traegerlos-veranstaltungstechnik","15":"first","16":"instock","17":"product-type-simple"},"meta_box":{"woo_sort_prod_cloth":"","woo_sort_app":"","woo_sort_branch":"","woo_sort_prod_metal":"","woo_beschreibung-produkt":"Transferband au\u00dfengewickelt Nr: 5115 speziell f\u00fcr ATG-Abroller, geeignet f\u00fcr Labelfixierung und Handarbeiten aller Art","woo_kurztext":"","woo_traeger":"tr\u00e4gerlos","woo_tragerstarke":"","woo_gesamtstaerke":"40 \u00b5m","woo_mesh":"","woo_klebertyp":"Acrylat LM","woo_klebekraft":"3,6 N\/cm","woo_reissfestigkeit":"","woo_dehnung":"","woo_temperatur":"- 10 bis 100 \u00b0C","woo_durchschlagsfestigkeit":"","woo_durchschlagsspannung":"","woo_wasserundurchlaessig":"","woo_liner":"Papier, braun, 90 g","woo_kern_typ":"ATG","woo_kern_mm":"25 mm","woo_spec":"","woo_uv_bestaendigkeit":"","woo_laengen":"33 m","woo_breite":"12 und 19 mm","woo_farben":"transparent"},"_links":{"self":[{"href":"https:\/\/www.tapes-and-more.de\/en\/wp-json\/wp\/v2\/product\/234640","targetHints":{"allow":["GET"]}}],"collection":[{"href":"https:\/\/www.tapes-and-more.de\/en\/wp-json\/wp\/v2\/product"}],"about":[{"href":"https:\/\/www.tapes-and-more.de\/en\/wp-json\/wp\/v2\/types\/product"}],"wp:featuredmedia":[{"embeddable":true,"href":"https:\/\/www.tapes-and-more.de\/en\/wp-json\/wp\/v2\/media\/235240"}],"wp:attachment":[{"href":"https:\/\/www.tapes-and-more.de\/en\/wp-json\/wp\/v2\/media?parent=234640"}],"wp:term":[{"taxonomy":"product_brand","embeddable":true,"href":"https:\/\/www.tapes-and-more.de\/en\/wp-json\/wp\/v2\/product_brand?post=234640"},{"taxonomy":"product_cat","embeddable":true,"href":"https:\/\/www.tapes-and-more.de\/en\/wp-json\/wp\/v2\/product_cat?post=234640"},{"taxonomy":"product_tag","embeddable":true,"href":"https:\/\/www.tapes-and-more.de\/en\/wp-json\/wp\/v2\/product_tag?post=234640"}],"curies":[{"name":"wp","href":"https:\/\/api.w.org\/{rel}","templated":true}]}}